{"id":754283,"date":"2025-08-28T06:06:43","date_gmt":"2025-08-28T03:06:43","guid":{"rendered":"https:\/\/roveyayinevi.com.tr\/index.php\/urun\/warren-buffett-kanunlari\/"},"modified":"2026-04-16T03:07:46","modified_gmt":"2026-04-16T00:07:46","slug":"warren-buffett-kanunlari","status":"publish","type":"product","link":"https:\/\/roveyayinevi.com.tr\/index.php\/urun\/warren-buffett-kanunlari\/","title":{"rendered":"Warren Buffett Kanunlar\u0131"},"content":{"rendered":"<p>\u201cBay Miller, Buffett Ortakl\u0131k Ltd. \u015firketinin i\u015fleyi\u015fini \u00e7ok iyi \u015fekilde ara\u015ft\u0131r\u0131p incelemi\u015f ve Berkshire k\u00fclt\u00fcr\u00fcn\u00fcn Buffett Ortakl\u0131k Ltd.\u2019nin k\u00f6klerinden nas\u0131l geli\u015fti\u011fini m\u00fckemmel \u015fekilde aktarm\u0131\u015f. Yat\u0131r\u0131m teorisi ve prati\u011fi ilginizi \u00e7ekiyorsa, bu kitap tam size g\u00f6re.\u201d \u2013 Warren Buffett   \u201cYat\u0131r\u0131m d\u00fcnyas\u0131na ad\u0131m atan herkes i\u015fe ba\u015far\u0131l\u0131 ki\u015fileri okumakla ba\u015flar. B\u00fcy\u00fck ba\u015far\u0131 yani asl\u0131nda b\u00fcy\u00fck para kazanm\u0131\u015f olan pek \u00e7ok isim olmas\u0131na ra\u011fmen \u00fczerinde herkesin uzla\u015ft\u0131\u011f\u0131 iki isimden biri Jesse Livermore ve di\u011feri de Warren Buffett\u2019t\u0131r. Asl\u0131nda bu iki isim iki ekol\u00fc de temsil eder. Livermore ba\u015far\u0131s\u0131n\u0131 fiyatlar\u0131 okuyarak yani bir nevi teknik analize, Buffett ise temel analize bor\u00e7ludur. Buffett de\u011fer yat\u0131r\u0131mc\u0131s\u0131 kavram\u0131n\u0131 ortaya \u00e7\u0131kartan Benjamin Graham\u2019\u0131n ekol\u00fcnden gelir ancak onun y\u00f6ntemlerini \u00e7ok daha ileriye ta\u015f\u0131m\u0131\u015ft\u0131r. Buffett\u2019\u0131n bilgeli\u011finden faydalanman\u0131n en kolay yolu her bilan\u00e7o d\u00f6neminde hissedarlar\u0131 ile payla\u015ft\u0131\u011f\u0131 mektuplar\u0131 okumakt\u0131r. \u0130\u00e7inde bulundu\u011fumuz d\u00f6neme g\u00f6re \u00e7ok ciddi bilgiler i\u00e7eren bu payla\u015f\u0131mlar\u0131 \u015fimdi konu ba\u015fl\u0131klar\u0131 ile bir kitap olarak d\u00fczenlenmi\u015f \u015fekilde okuma \u015fans\u0131na sahibiz. \u015eayet bir yat\u0131r\u0131mc\u0131 iseniz bu \u015fans\u0131 de\u011ferlendirmekte fayda var.\u201d \u2013 \u015eant Manukyan   Warren Buffett Kanunlar\u0131, d\u00fcnyan\u0131n en b\u00fcy\u00fck yat\u0131r\u0131mc\u0131s\u0131 Warren Buffett\u2019\u0131n yat\u0131r\u0131m d\u00fcnyas\u0131na nas\u0131l girdi\u011fini, nas\u0131l b\u00fcy\u00fcd\u00fc\u011f\u00fcn\u00fc ve hem kendisine hem de ortaklar\u0131na nas\u0131l kazand\u0131rd\u0131\u011f\u0131n\u0131 yal\u0131n bir dille anlat\u0131yor. Yazar Jeremy C. Miller, Buffett\u2019\u0131n yat\u0131r\u0131m pratiklerini inceleyerek \u00e7o\u011fumuzun kafas\u0131n\u0131 kar\u0131\u015ft\u0131ran meseleleri dam\u0131t\u0131yor ve herkesin istifade edebilece\u011fi bir seviyeye getiriyor. Warren Buffett\u2019\u0131n Ortakl\u0131k Mektuplar\u0131ndan yola \u00e7\u0131k\u0131larak olu\u015fturulan ve Buffett\u2019\u0131n temel kanunlar\u0131n\u0131 a\u00e7\u0131klayan Warren Buffett Kanunlar\u0131, yat\u0131r\u0131m d\u00fcnyas\u0131na ad\u0131m atacaklar i\u00e7in ger\u00e7ek bir rehber niteli\u011finde. <\/p>\n","protected":false},"excerpt":{"rendered":"<p>\u201cBay Miller, Buffett Ortakl\u0131k Ltd. \u015firketinin i\u015fleyi\u015fini \u00e7ok iyi \u015fekilde ara\u015ft\u0131r\u0131p incelemi\u015f ve Berkshire k\u00fclt\u00fcr\u00fcn\u00fcn Buffett Ortakl\u0131k Ltd.\u2019nin k\u00f6klerinden nas\u0131l geli\u015fti\u011fini m\u00fckemmel \u015fekilde aktarm\u0131\u015f. Yat\u0131r\u0131m teorisi<span class=\"excerpt-hellip\"> [\u2026]<\/span><\/p>\n","protected":false},"featured_media":0,"template":"","meta":{"_monsterinsights_skip_tracking":false,"_monsterinsights_sitenote_active":false,"_monsterinsights_sitenote_note":"","_monsterinsights_sitenote_category":0},"product_brand":[],"product_cat":[13043,17647],"product_tag":[],"class_list":{"0":"post-754283","1":"product","2":"type-product","3":"status-publish","5":"product_cat-ekonomi","6":"product_cat-is-dunyasi","7":"pa_cilt-ciltsiz","8":"pa_tur-kitap","9":"pa_yayinevi-kronik-kitap","10":"pa_yazar-jeremy-c-miller","12":"first","13":"instock","14":"sale","15":"shipping-taxable","16":"purchasable","17":"product-type-simple"},"_links":{"self":[{"href":"https:\/\/roveyayinevi.com.tr\/index.php\/wp-json\/wp\/v2\/product\/754283","targetHints":{"allow":["GET"]}}],"collection":[{"href":"https:\/\/roveyayinevi.com.tr\/index.php\/wp-json\/wp\/v2\/product"}],"about":[{"href":"https:\/\/roveyayinevi.com.tr\/index.php\/wp-json\/wp\/v2\/types\/product"}],"wp:attachment":[{"href":"https:\/\/roveyayinevi.com.tr\/index.php\/wp-json\/wp\/v2\/media?parent=754283"}],"wp:term":[{"taxonomy":"product_brand","embeddable":true,"href":"https:\/\/roveyayinevi.com.tr\/index.php\/wp-json\/wp\/v2\/product_brand?post=754283"},{"taxonomy":"product_cat","embeddable":true,"href":"https:\/\/roveyayinevi.com.tr\/index.php\/wp-json\/wp\/v2\/product_cat?post=754283"},{"taxonomy":"product_tag","embeddable":true,"href":"https:\/\/roveyayinevi.com.tr\/index.php\/wp-json\/wp\/v2\/product_tag?post=754283"}],"curies":[{"name":"wp","href":"https:\/\/api.w.org\/{rel}","templated":true}]}}