{"id":754282,"date":"2025-08-28T06:06:42","date_gmt":"2025-08-28T03:06:42","guid":{"rendered":"https:\/\/roveyayinevi.com.tr\/index.php\/urun\/ege-ve-eski-yunan-tarihi-1\/"},"modified":"2026-04-16T03:07:46","modified_gmt":"2026-04-16T00:07:46","slug":"ege-ve-eski-yunan-tarihi-1","status":"publish","type":"product","link":"https:\/\/roveyayinevi.com.tr\/index.php\/urun\/ege-ve-eski-yunan-tarihi-1\/","title":{"rendered":"Ege ve Eski Yunan Tarihi-1"},"content":{"rendered":"<p>Ege ve Eski Yunan Tarihi, Ege d\u00fcnyas\u0131nda do\u011fmu\u015f, geli\u015fmi\u015f ve nihayetlenmi\u015f bir Eski\u00e7a\u011f uygarl\u0131\u011f\u0131n\u0131n tarihidir. Bu uygarl\u0131\u011f\u0131n merkezini Ege Denizi adalar\u0131 ve Ege Denizi\u2019ni do\u011fudan ve bat\u0131dan \u00e7evreleyen \u00fclkeler, yani bug\u00fcnk\u00fc T\u00fcrkiye\u2019nin Ege Denizi\u2019ne k\u0131y\u0131s\u0131 olan b\u00f6lgeleriyle Yunanistan olu\u015fturur. Fakat etki ve yay\u0131l\u0131m alan\u0131 bak\u0131m\u0131ndan anla\u015f\u0131lmas\u0131 gereken, hemen hemen t\u00fcm Akdeniz d\u00fcnyas\u0131d\u0131r.  \u0130ki cilt olarak planlanan Ege ve Eski Yunan Tarihi\u2019nin bu ilk cildinde Ege ve Yunan d\u00fcnyas\u0131n\u0131n tarih \u00f6ncesi devirlerinden Klasik \u00c7a\u011f\u0131\u2019na kadar olan binlerce y\u0131ll\u0131k bir zaman dilimi konu ediliyor.  Siyasetten edebiyata, felsefeden bilime, sanattan mimariye hemen her alanda yaratt\u0131\u011f\u0131 \u00f6zg\u00fcn k\u00fclt\u00fcrlerle Bat\u0131 uygarl\u0131\u011f\u0131n\u0131n temellerini olu\u015fturan Ege ve Eski Yunan d\u00fcnyas\u0131 tarihinin b\u00fct\u00fcn disiplinler i\u00e7in faydal\u0131 olaca\u011f\u0131n\u0131 umuyoruz.<\/p>\n","protected":false},"excerpt":{"rendered":"<p>Ege ve Eski Yunan Tarihi, Ege d\u00fcnyas\u0131nda do\u011fmu\u015f, geli\u015fmi\u015f ve nihayetlenmi\u015f bir Eski\u00e7a\u011f uygarl\u0131\u011f\u0131n\u0131n tarihidir. Bu uygarl\u0131\u011f\u0131n merkezini Ege Denizi adalar\u0131 ve Ege Denizi\u2019ni do\u011fudan ve<span class=\"excerpt-hellip\"> [\u2026]<\/span><\/p>\n","protected":false},"featured_media":0,"template":"","meta":{"_monsterinsights_skip_tracking":false,"_monsterinsights_sitenote_active":false,"_monsterinsights_sitenote_note":"","_monsterinsights_sitenote_category":0},"product_brand":[],"product_cat":[12370,12304],"product_tag":[],"class_list":{"0":"post-754282","1":"product","2":"type-product","3":"status-publish","5":"product_cat-arastirma-inceleme","6":"product_cat-tarih","7":"pa_cilt-ciltsiz","8":"pa_tur-kitap","9":"pa_yayinevi-bilge-kultur-sanat","10":"pa_yazar-mehmet-ali-kaya","12":"first","13":"instock","14":"sale","15":"shipping-taxable","16":"purchasable","17":"product-type-simple"},"_links":{"self":[{"href":"https:\/\/roveyayinevi.com.tr\/index.php\/wp-json\/wp\/v2\/product\/754282","targetHints":{"allow":["GET"]}}],"collection":[{"href":"https:\/\/roveyayinevi.com.tr\/index.php\/wp-json\/wp\/v2\/product"}],"about":[{"href":"https:\/\/roveyayinevi.com.tr\/index.php\/wp-json\/wp\/v2\/types\/product"}],"wp:attachment":[{"href":"https:\/\/roveyayinevi.com.tr\/index.php\/wp-json\/wp\/v2\/media?parent=754282"}],"wp:term":[{"taxonomy":"product_brand","embeddable":true,"href":"https:\/\/roveyayinevi.com.tr\/index.php\/wp-json\/wp\/v2\/product_brand?post=754282"},{"taxonomy":"product_cat","embeddable":true,"href":"https:\/\/roveyayinevi.com.tr\/index.php\/wp-json\/wp\/v2\/product_cat?post=754282"},{"taxonomy":"product_tag","embeddable":true,"href":"https:\/\/roveyayinevi.com.tr\/index.php\/wp-json\/wp\/v2\/product_tag?post=754282"}],"curies":[{"name":"wp","href":"https:\/\/api.w.org\/{rel}","templated":true}]}}