{"id":754281,"date":"2025-08-28T06:06:41","date_gmt":"2025-08-28T03:06:41","guid":{"rendered":"https:\/\/roveyayinevi.com.tr\/index.php\/urun\/dakikalar-icinde-osmanli-padisahlari\/"},"modified":"2026-04-16T03:07:46","modified_gmt":"2026-04-16T00:07:46","slug":"dakikalar-icinde-osmanli-padisahlari","status":"publish","type":"product","link":"https:\/\/roveyayinevi.com.tr\/index.php\/urun\/dakikalar-icinde-osmanli-padisahlari\/","title":{"rendered":"Dakikalar \u0130\u00e7inde Osmanl\u0131 Padi\u015fahlar\u0131"},"content":{"rendered":"<p>OSMANLI PAD\u0130\u015eAHLARININ MERAK ED\u0130LEN T\u00dcM Y\u00d6NLER\u0130\u2026Kimi asker\u00ee y\u00f6n\u00fcyle, kimi politik dehas\u0131yla, kimi \u00f6zel hayat\u0131yla dikkatleri \u00fczerine \u00e7eken otuz alt\u0131 padi\u015fah\u2026 Peki padi\u015fahlar nas\u0131l yeti\u015fti? Etraflar\u0131nda nas\u0131l bir devlet kadrosu vard\u0131? Ki\u015filikleri ve faaliyetleri \u00fczerine etki eden isimler kimlerdi? Neleri sever nelerden ho\u015flanmazlard\u0131? Aile ya\u015fant\u0131lar\u0131 nas\u0131ld\u0131? F\u0131rsat bulduk\u00e7a hangi meslek ya da sanat dal\u0131 ile u\u011fra\u015f\u0131rlard\u0131?  Bu ve benzeri \u00e7ok merak edilen sorular\u0131n yan\u0131 s\u0131ra H\u00fcrrem Sultan, Pargal\u0131 \u0130brahim Pa\u015fa, Cem Sultan, K\u00f6sem Sultan, Sokollu Mehmet Pa\u015fa, K\u00f6se Mihal, Geyikli Baba, Emir Buhari, \u015eeyh Bedrettin, \u015eeytan \u0130brahim Pa\u015fa, Molla K\u00e2b\u0131z, Aziz Mahmut H\u00fcdai, Patrona Halil, Mimar Sinan, Kabak\u00e7\u0131 Mustafa gibi pek \u00e7ok \u015fahsiyetin hik\u00e2yesi; Karde\u015f Katli, Harem, Fetret Devri, Karlof\u00e7a Anla\u015fmas\u0131, Bu\u00e7uktepe vakas\u0131, Kad\u0131zadeler ile Sivas\u00eelerin kavgas\u0131, Lale Devri, Vaka-i Vakvakiye, Vaka-i Hayriye gibi pek \u00e7ok olay hakk\u0131nda bilgi, elinizdeki kitapta. Dakikalar \u0130\u00e7inde Osmanl\u0131 Padi\u015fahlar\u0131; zevkli \u00fcslubu, \u00f6zel olarak se\u00e7ilen 200 foto\u011fraf, g\u00f6rsel ve grav\u00fcr\u00fcyle tarih tutkunlar\u0131n\u0131 Osmanl\u0131 d\u00fcnyas\u0131n\u0131n bazen heyecanl\u0131 ve ne\u015feli, bazen de h\u00fcz\u00fcnl\u00fc ve dramatik d\u00fcnyas\u0131na g\u00f6t\u00fcr\u00fcyor. <\/p>\n","protected":false},"excerpt":{"rendered":"<p>OSMANLI PAD\u0130\u015eAHLARININ MERAK ED\u0130LEN T\u00dcM Y\u00d6NLER\u0130\u2026Kimi asker\u00ee y\u00f6n\u00fcyle, kimi politik dehas\u0131yla, kimi \u00f6zel hayat\u0131yla dikkatleri \u00fczerine \u00e7eken otuz alt\u0131 padi\u015fah\u2026 Peki padi\u015fahlar nas\u0131l yeti\u015fti? Etraflar\u0131nda nas\u0131l<span class=\"excerpt-hellip\"> [\u2026]<\/span><\/p>\n","protected":false},"featured_media":0,"template":"","meta":{"_monsterinsights_skip_tracking":false,"_monsterinsights_sitenote_active":false,"_monsterinsights_sitenote_note":"","_monsterinsights_sitenote_category":0},"product_brand":[],"product_cat":[12304],"product_tag":[],"class_list":{"0":"post-754281","1":"product","2":"type-product","3":"status-publish","5":"product_cat-tarih","6":"pa_cilt-ciltsiz","7":"pa_tur-kitap","8":"pa_yayinevi-kronik-kitap","9":"pa_yazar-onder-kaya","11":"first","12":"instock","13":"sale","14":"shipping-taxable","15":"purchasable","16":"product-type-simple"},"_links":{"self":[{"href":"https:\/\/roveyayinevi.com.tr\/index.php\/wp-json\/wp\/v2\/product\/754281","targetHints":{"allow":["GET"]}}],"collection":[{"href":"https:\/\/roveyayinevi.com.tr\/index.php\/wp-json\/wp\/v2\/product"}],"about":[{"href":"https:\/\/roveyayinevi.com.tr\/index.php\/wp-json\/wp\/v2\/types\/product"}],"wp:attachment":[{"href":"https:\/\/roveyayinevi.com.tr\/index.php\/wp-json\/wp\/v2\/media?parent=754281"}],"wp:term":[{"taxonomy":"product_brand","embeddable":true,"href":"https:\/\/roveyayinevi.com.tr\/index.php\/wp-json\/wp\/v2\/product_brand?post=754281"},{"taxonomy":"product_cat","embeddable":true,"href":"https:\/\/roveyayinevi.com.tr\/index.php\/wp-json\/wp\/v2\/product_cat?post=754281"},{"taxonomy":"product_tag","embeddable":true,"href":"https:\/\/roveyayinevi.com.tr\/index.php\/wp-json\/wp\/v2\/product_tag?post=754281"}],"curies":[{"name":"wp","href":"https:\/\/api.w.org\/{rel}","templated":true}]}}