{"id":754280,"date":"2025-08-28T06:06:40","date_gmt":"2025-08-28T03:06:40","guid":{"rendered":"https:\/\/roveyayinevi.com.tr\/index.php\/urun\/on-iki-sezar\/"},"modified":"2026-04-16T03:07:45","modified_gmt":"2026-04-16T00:07:45","slug":"on-iki-sezar","status":"publish","type":"product","link":"https:\/\/roveyayinevi.com.tr\/index.php\/urun\/on-iki-sezar\/","title":{"rendered":"On \u0130ki Sezar"},"content":{"rendered":"<p>ROMA H\u00dcK\u00dcMDARLARININ G\u00d6LGES\u0130 ALTINDA 2000 YILLIK SANAT TAR\u0130H\u0130   \u201cBarnes &amp; Noble Y\u0131l\u0131n En \u0130yi Tarih Kitab\u0131\u201d\u201cWaterstones 2021&#8217;in En \u0130yi Tarih Kitab\u0131\u201d\u201cCapX Y\u0131l\u0131n Kitab\u0131\u201d\u201cKirkus Reviews Y\u0131l\u0131n En \u0130yi Kurgu D\u0131\u015f\u0131 Kitab\u0131\u201d\u201cLibrary Journal Sonbahar 2021 Y\u0131l\u0131n\u0131n Mutlaka Okunmas\u0131 Gereken Kurgu D\u0131\u015f\u0131 Kitab\u0131\u201d   \u201c\u00dcretken bir yazar ve se\u00e7kin bir Eski \u00c7a\u011f tarih\u00e7isi olan Beard, Roma imparatorlar\u0131n\u0131n imgelerinin iki bin y\u0131l boyunca sanat\u0131, k\u00fclt\u00fcr\u00fc ve siyaseti nas\u0131l etkiledi\u011fini ustal\u0131kla tasvir ediyor.\u201d \u2013 Barry Strauss   \u201cDerinlemesine ara\u015ft\u0131r\u0131lm\u0131\u015f bu kitap, Antik Roma imparatorluk portrelerinden on dokuzuncu y\u00fczy\u0131l heykelt\u0131ra\u015flar\u0131n eserlerine kadar, Roma sanat\u0131n\u0131n iki bin y\u0131l boyunca Bat\u0131 d\u00fcnyas\u0131n\u0131n iktidar anlay\u0131\u015f\u0131n\u0131 nas\u0131l \u015fekillendirdi\u011fini inceliyor.\u201d \u2013 New York Times   \u0130ktidar\u0131n y\u00fcz\u00fc neye benzer? Sanatta kimler, neden an\u0131l\u0131r? Nefret etti\u011fimiz siyaset\u00e7ilerin heykellerine nas\u0131l tepki veririz? Ac\u0131mas\u0131z Iulius Caesar\u2019dan tutun da sineklere i\u015fkence eden Domitianus\u2019a kadar Mary Beard, Suetonius\u2019un On \u0130ki Caesar\u2019\u0131 \u00fczerinden Bat\u0131 d\u00fcnyas\u0131ndaki zengin, g\u00fc\u00e7l\u00fc ve \u00fcnl\u00fc insanlar\u0131n portrelerinin nas\u0131l olup da Roma imparatorlar\u0131n\u0131n imgesi taraf\u0131ndan bi\u00e7imlendirildi\u011fini anlat\u0131yor. On \u0130ki Caesar; bu katil h\u00fck\u00fcmdarlar\u0131n Antik \u00c7a\u011f\u2019dan R\u00f6nesans\u2019a ve dahas\u0131 talihsiz liderlerin Roma yanarken keman \u00e7alan Nero\u2019lar olarak karikat\u00fcrize edildi\u011fi g\u00fcn\u00fcm\u00fcze kadar sanatta neden bu kadar b\u00fcy\u00fck bir yer i\u015fgal etti\u011fini sorguluyor. SPQR kitab\u0131yla Antik Roma\u2019n\u0131n ola\u011fan \u00fcst\u00fc tarihini anlatan usta kalem Mary Beard, On \u0130ki Caesar: Antik D\u00fcnyadan Modern D\u00fcnyaya \u0130ktidar \u0130mgeleri\u2019nde y\u00fczlerce renkli foto\u011fraf e\u015fli\u011finde Romal\u0131 h\u00fck\u00fcmdarlar\u0131n imgelerinin antik zamanlardan g\u00fcn\u00fcm\u00fcze sanat\u0131, k\u00fclt\u00fcr\u00fc ve iktidar\u0131n temsilini nas\u0131l etkiledi\u011finin b\u00fcy\u00fcleyici hik\u00e2yesini sunuyor. <\/p>\n","protected":false},"excerpt":{"rendered":"<p>ROMA H\u00dcK\u00dcMDARLARININ G\u00d6LGES\u0130 ALTINDA 2000 YILLIK SANAT TAR\u0130H\u0130 \u201cBarnes &amp; Noble Y\u0131l\u0131n En \u0130yi Tarih Kitab\u0131\u201d\u201cWaterstones 2021&#8217;in En \u0130yi Tarih Kitab\u0131\u201d\u201cCapX Y\u0131l\u0131n Kitab\u0131\u201d\u201cKirkus Reviews Y\u0131l\u0131n En<span class=\"excerpt-hellip\"> [\u2026]<\/span><\/p>\n","protected":false},"featured_media":0,"template":"","meta":{"_monsterinsights_skip_tracking":false,"_monsterinsights_sitenote_active":false,"_monsterinsights_sitenote_note":"","_monsterinsights_sitenote_category":0},"product_brand":[],"product_cat":[12304],"product_tag":[],"class_list":{"0":"post-754280","1":"product","2":"type-product","3":"status-publish","5":"product_cat-tarih","6":"pa_cilt-ciltsiz","7":"pa_tur-kitap","8":"pa_yayinevi-kronik-kitap","9":"pa_yazar-mary-beard","11":"first","12":"instock","13":"sale","14":"shipping-taxable","15":"purchasable","16":"product-type-simple"},"_links":{"self":[{"href":"https:\/\/roveyayinevi.com.tr\/index.php\/wp-json\/wp\/v2\/product\/754280","targetHints":{"allow":["GET"]}}],"collection":[{"href":"https:\/\/roveyayinevi.com.tr\/index.php\/wp-json\/wp\/v2\/product"}],"about":[{"href":"https:\/\/roveyayinevi.com.tr\/index.php\/wp-json\/wp\/v2\/types\/product"}],"wp:attachment":[{"href":"https:\/\/roveyayinevi.com.tr\/index.php\/wp-json\/wp\/v2\/media?parent=754280"}],"wp:term":[{"taxonomy":"product_brand","embeddable":true,"href":"https:\/\/roveyayinevi.com.tr\/index.php\/wp-json\/wp\/v2\/product_brand?post=754280"},{"taxonomy":"product_cat","embeddable":true,"href":"https:\/\/roveyayinevi.com.tr\/index.php\/wp-json\/wp\/v2\/product_cat?post=754280"},{"taxonomy":"product_tag","embeddable":true,"href":"https:\/\/roveyayinevi.com.tr\/index.php\/wp-json\/wp\/v2\/product_tag?post=754280"}],"curies":[{"name":"wp","href":"https:\/\/api.w.org\/{rel}","templated":true}]}}