{"id":754279,"date":"2025-08-28T06:06:39","date_gmt":"2025-08-28T03:06:39","guid":{"rendered":"https:\/\/roveyayinevi.com.tr\/index.php\/urun\/retorik-4\/"},"modified":"2026-04-16T03:07:45","modified_gmt":"2026-04-16T00:07:45","slug":"retorik-4","status":"publish","type":"product","link":"https:\/\/roveyayinevi.com.tr\/index.php\/urun\/retorik-4\/","title":{"rendered":"Retorik"},"content":{"rendered":"<p>Herkes konu\u015fabilir ama \u00e7ok az insan konu\u015furken ETK\u0130LER ve \u00e7ok daha az\u0131 istedi\u011fi \u015feye kar\u015f\u0131s\u0131ndakini \u0130KNA EDER   Hayatta \u00f6\u011frenebilece\u011finiz en \u00f6nemli beceri nedir? Hi\u00e7 \u015f\u00fcphesiz etkili ve ikna edici konu\u015fma becerisidir. Daha etkili olmak veya hedefledi\u011finiz \u015feylere ula\u015fmak her noktada konu\u015fma beceriniz sayesinde olur.  Size baz\u0131 sorular soray\u0131m: \u00b7  \u00d6zel veya profesyonel hayat\u0131n\u0131zda etraf\u0131n\u0131zdakileri konu\u015fman\u0131zla etki alt\u0131na almak ister misiniz? \u00b7  Peki ya g\u00fc\u00e7l\u00fc arg\u00fcmanlar ve ikna edici konu\u015fman\u0131zla insanlar\u0131 harekete ge\u00e7irmek? \u00b7  Sizi dinleyenlere mesaj\u0131n\u0131 a\u00e7\u0131k ve net bir \u015fekilde sunmak istiyor musunuz? \u00b7  Ya da hayat\u0131n\u0131n kontrol\u00fcn\u00fc eline alm\u0131\u015f bir lider profili \u00e7izmek? \u00b7  Hayat\u0131n\u0131zda ba\u015far\u0131l\u0131 olmay\u0131 ve gelirinizin bu do\u011frultuda artmas\u0131n\u0131 ister misiniz?   Bunlar \u00f6ylesine sorulmu\u015f sorular de\u011fil. Bunlar sizi hedefledi\u011finiz yere ta\u015f\u0131yacak sorular. Bu sorulara evet yan\u0131t\u0131 verdiyseniz yapman\u0131z gereken, etkileyici ve ikna edici konu\u015fmay\u0131, yani Retorik Sanat\u0131n\u0131 \u00f6\u011frenmek. Retori\u011fi \u00f6\u011frendi\u011finizde art\u0131k ba\u015fkalar\u0131n\u0131n \u00e7izdi\u011fi s\u0131n\u0131rlara ba\u011fl\u0131 kalmayacak, etkili ve ikna edici konu\u015famaman\u0131n bedelini \u00f6demeyeceksiniz. Ba\u015fkalar\u0131n\u0131n size uygulad\u0131\u011f\u0131 manip\u00fclasyonlar\u0131n fark\u0131na varacak ve onlardan kurtulacak; yapabilece\u011finiz, sahip olabilece\u011finiz, anlatt\u0131k\u00e7a yakalayabilece\u011finiz hedeflere emin ad\u0131mlarla ilerleyeceksiniz. Retorik: Konu\u015f, Etkile, \u0130kna Et ile etkileyici ve ikna edici bir konu\u015fmac\u0131ya d\u00f6n\u00fc\u015fmeye, bir insan m\u0131knat\u0131s\u0131na d\u00f6n\u00fc\u015fmeye var m\u0131s\u0131n\u0131z? <\/p>\n","protected":false},"excerpt":{"rendered":"<p>Herkes konu\u015fabilir ama \u00e7ok az insan konu\u015furken ETK\u0130LER ve \u00e7ok daha az\u0131 istedi\u011fi \u015feye kar\u015f\u0131s\u0131ndakini \u0130KNA EDER Hayatta \u00f6\u011frenebilece\u011finiz en \u00f6nemli beceri nedir? Hi\u00e7 \u015f\u00fcphesiz etkili<span class=\"excerpt-hellip\"> [\u2026]<\/span><\/p>\n","protected":false},"featured_media":0,"template":"","meta":{"_monsterinsights_skip_tracking":false,"_monsterinsights_sitenote_active":false,"_monsterinsights_sitenote_note":"","_monsterinsights_sitenote_category":0},"product_brand":[],"product_cat":[12364,12376],"product_tag":[],"class_list":{"0":"post-754279","1":"product","2":"type-product","3":"status-publish","5":"product_cat-genel-konular","6":"product_cat-kisisel-gelisim","7":"pa_cilt-ciltsiz","8":"pa_tur-kitap","9":"pa_yayinevi-kronik-kitap","10":"pa_yazar-oguz-benlioglu","12":"first","13":"instock","14":"sale","15":"shipping-taxable","16":"purchasable","17":"product-type-simple"},"_links":{"self":[{"href":"https:\/\/roveyayinevi.com.tr\/index.php\/wp-json\/wp\/v2\/product\/754279","targetHints":{"allow":["GET"]}}],"collection":[{"href":"https:\/\/roveyayinevi.com.tr\/index.php\/wp-json\/wp\/v2\/product"}],"about":[{"href":"https:\/\/roveyayinevi.com.tr\/index.php\/wp-json\/wp\/v2\/types\/product"}],"wp:attachment":[{"href":"https:\/\/roveyayinevi.com.tr\/index.php\/wp-json\/wp\/v2\/media?parent=754279"}],"wp:term":[{"taxonomy":"product_brand","embeddable":true,"href":"https:\/\/roveyayinevi.com.tr\/index.php\/wp-json\/wp\/v2\/product_brand?post=754279"},{"taxonomy":"product_cat","embeddable":true,"href":"https:\/\/roveyayinevi.com.tr\/index.php\/wp-json\/wp\/v2\/product_cat?post=754279"},{"taxonomy":"product_tag","embeddable":true,"href":"https:\/\/roveyayinevi.com.tr\/index.php\/wp-json\/wp\/v2\/product_tag?post=754279"}],"curies":[{"name":"wp","href":"https:\/\/api.w.org\/{rel}","templated":true}]}}