{"id":754278,"date":"2025-08-28T06:06:37","date_gmt":"2025-08-28T03:06:37","guid":{"rendered":"https:\/\/roveyayinevi.com.tr\/index.php\/urun\/rothschild-hanedani-2\/"},"modified":"2026-04-16T03:07:45","modified_gmt":"2026-04-16T00:07:45","slug":"rothschild-hanedani-2","status":"publish","type":"product","link":"https:\/\/roveyayinevi.com.tr\/index.php\/urun\/rothschild-hanedani-2\/","title":{"rendered":"Rothschild Hanedan\u0131"},"content":{"rendered":"<p>ROTHSCHILD A\u0130LES\u0130N\u0130N G\u0130ZL\u0130 KALMI\u015e H\u0130K\u00c2YES\u0130 HIZ KESMEDEN DEVAM ED\u0130YOR   \u201cMuazzam bir ba\u015far\u0131, tarihsel ara\u015ft\u0131rma ve hayal g\u00fcc\u00fcn\u00fcn zaferi.\u201d The New York Review of Books \u201cNiall Ferguson\u2019\u0131n zekice yaz\u0131lm\u0131\u015f ve t\u00fcm\u00fcyle b\u00fcy\u00fcleyici Rothschild ailesi monografisinin bu ikinci cildi, akademik tarih\u00e7ilerin h\u00e2l\u00e2 hepimizin okumak isteyece\u011fi harika hik\u00e2yeler anlatabilece\u011fini kan\u0131tl\u0131yor.\u201d The New York Times Book Review   Niall Ferguson modern Avrupa ve d\u00fcnya tarihi \u00fczerinde b\u00fcy\u00fck etkiler b\u0131rakm\u0131\u015f bankac\u0131l\u0131k ailesi Rothschildlerin izini s\u00fcrmeye devam ediyor ve ailenin tarihini g\u00fcn\u00fcm\u00fcze dek getiriyor. Ferguson, destans\u0131 Rothschildler monografisinin bu ikinci cildiyle, t\u00fcm zamanlar\u0131n en b\u00fcy\u00fcleyici ve g\u00fc\u00e7l\u00fc ailelerinden birinin efsaneleri y\u0131kan portresini tamaml\u0131yor. K\u0131r\u0131m\u2019dan \u0130kinci D\u00fcnya Sava\u015f\u0131&#8217;na kadar ya\u015fanan her sava\u015f Rothschildlerin d\u00fcnya \u00e7ap\u0131ndaki imparatorlu\u011funun istikrar\u0131n\u0131 defalarca tehdit etti. Bu k\u00fcresel \u00e7alkant\u0131lara ra\u011fmen, Rothschildler yirminci y\u00fczy\u0131l\u0131n ilk \u00e7eyre\u011fine kadar d\u00fcnyan\u0131n en b\u00fcy\u00fck bankas\u0131 olarak kald\u0131. Pe\u015fine d\u00fc\u015ft\u00fckleri \u00e7\u0131karlar\u0131 finans alan\u0131n\u0131n \u00e7ok \u00f6tesine uzand\u0131. \u00dclkeler aras\u0131 diplomasilerde etkili oldular; uzak diyarlarda maddi kazan\u00e7lar i\u00e7in m\u00fccadele verdiler; adlar\u0131n\u0131 sadece gazetelerde g\u00f6rd\u00fckleri topraklarda ticari yat\u0131r\u0131mlar yapt\u0131lar; k\u00e2rlar\u0131 u\u011fruna sava\u015flara gizliden veya a\u00e7\u0131ktan taraf oldular, yeni \u00fclkelerin kurulmas\u0131na, eskilerinin y\u0131k\u0131lmas\u0131na arac\u0131 oldular. Tek ama\u00e7lar\u0131 finans merkezi olan Londra\u2019daki hakimiyetlerini ve d\u00fcnya \u00e7ap\u0131ndaki bankac\u0131l\u0131k imparatorluklar\u0131n\u0131n g\u00fcc\u00fcn\u00fc korumakt\u0131. Felaketleri ise yeni palazlanan Amerika Birle\u015fik Devletleri\u2019nde kendilerini ba\u015far\u0131l\u0131 bir \u015fekilde kabul ettirememeleri oldu: 1920\u2019lerden itibaren finansal g\u00fcc\u00fcn Londra&#8217;dan New York&#8217;a kaymas\u0131yla g\u00fc\u00e7leri gittik\u00e7e azald\u0131. Peki ama b\u00f6ylesi bir finans imparatorlu\u011funun g\u00fc\u00e7 kaybetmesi ne demektir? Uzun s\u00fcredir kay\u0131p olan Rothschild ailesi ar\u015fivlerine eri\u015febilen ilk tarih\u00e7i olan Ferguson, ailenin engellenememi\u015f y\u00fckseli\u015finin ve g\u00f6rece \u00e7\u00f6k\u00fc\u015f\u00fcn\u00fcn izini s\u00fcr\u00fcyor ve sizleri \u00e7ekici \u00fcslubuyla bu takibe \u015fahit tutuyor. Rothschild Hanedan\u0131: D\u00fcnyan\u0131n Bankac\u0131lar\u0131, 1849-1999 g\u00fcn\u00fcm\u00fczde dahi h\u00e2l\u00e2 etkinli\u011fini ve etkisini s\u00fcrd\u00fcren Rothschild ailesinin g\u00fcn\u00fcm\u00fcz\u00fcn ekonomik, sosyal ve siyasi tarihinin \u00f6nemli bir oyuncusunun g\u00fcn\u00fcm\u00fcze uzanan hik\u00e2yesini ustal\u0131kla anlat\u0131yor. <\/p>\n","protected":false},"excerpt":{"rendered":"<p>ROTHSCHILD A\u0130LES\u0130N\u0130N G\u0130ZL\u0130 KALMI\u015e H\u0130K\u00c2YES\u0130 HIZ KESMEDEN DEVAM ED\u0130YOR \u201cMuazzam bir ba\u015far\u0131, tarihsel ara\u015ft\u0131rma ve hayal g\u00fcc\u00fcn\u00fcn zaferi.\u201d The New York Review of Books \u201cNiall Ferguson\u2019\u0131n<span class=\"excerpt-hellip\"> [\u2026]<\/span><\/p>\n","protected":false},"featured_media":0,"template":"","meta":{"_monsterinsights_skip_tracking":false,"_monsterinsights_sitenote_active":false,"_monsterinsights_sitenote_note":"","_monsterinsights_sitenote_category":0},"product_brand":[],"product_cat":[12305,12304],"product_tag":[],"class_list":{"0":"post-754278","1":"product","2":"type-product","3":"status-publish","5":"product_cat-dunya-tarihi","6":"product_cat-tarih","7":"pa_cilt-ciltsiz","8":"pa_tur-kitap","9":"pa_yayinevi-kronik-kitap","10":"pa_yazar-niall-ferguson","12":"first","13":"instock","14":"sale","15":"shipping-taxable","16":"purchasable","17":"product-type-simple"},"_links":{"self":[{"href":"https:\/\/roveyayinevi.com.tr\/index.php\/wp-json\/wp\/v2\/product\/754278","targetHints":{"allow":["GET"]}}],"collection":[{"href":"https:\/\/roveyayinevi.com.tr\/index.php\/wp-json\/wp\/v2\/product"}],"about":[{"href":"https:\/\/roveyayinevi.com.tr\/index.php\/wp-json\/wp\/v2\/types\/product"}],"wp:attachment":[{"href":"https:\/\/roveyayinevi.com.tr\/index.php\/wp-json\/wp\/v2\/media?parent=754278"}],"wp:term":[{"taxonomy":"product_brand","embeddable":true,"href":"https:\/\/roveyayinevi.com.tr\/index.php\/wp-json\/wp\/v2\/product_brand?post=754278"},{"taxonomy":"product_cat","embeddable":true,"href":"https:\/\/roveyayinevi.com.tr\/index.php\/wp-json\/wp\/v2\/product_cat?post=754278"},{"taxonomy":"product_tag","embeddable":true,"href":"https:\/\/roveyayinevi.com.tr\/index.php\/wp-json\/wp\/v2\/product_tag?post=754278"}],"curies":[{"name":"wp","href":"https:\/\/api.w.org\/{rel}","templated":true}]}}