{"id":754277,"date":"2025-08-28T06:06:35","date_gmt":"2025-08-28T03:06:35","guid":{"rendered":"https:\/\/roveyayinevi.com.tr\/index.php\/urun\/hain\/"},"modified":"2026-04-16T03:07:45","modified_gmt":"2026-04-16T00:07:45","slug":"hain","status":"publish","type":"product","link":"https:\/\/roveyayinevi.com.tr\/index.php\/urun\/hain\/","title":{"rendered":"Hain"},"content":{"rendered":"<p>SOLUK SOLU\u011eA OKUNACAK B\u0130R M\u0130LL\u00ce M\u00dcCADELE ROMANI: HA\u0130NY\u0131l: 1919. T\u00fcm d\u00fcnyan\u0131n her f\u0131rsatta g\u00f6z\u00fcn\u00fc dikti\u011fi, T\u00fcrk milletinin g\u00f6zbebe\u011fi olan \u0130stanbul i\u015fgal at\u0131ndad\u0131r. Evlerde tedirginlik, sokaklarda korku, insanlarda umutsuzluk hakimdir. Bir T\u00fcrk zabiti olan Ahmet Muhtar, t\u0131pk\u0131 mensubu oldu\u011fu millet gibi Balkan ve Cihan Harbi\u2019nin t\u00fcm yaralar\u0131n\u0131, yorgunlu\u011funu \u00fczerinde ta\u015f\u0131maktad\u0131r. \u0130tilaf Devletleri\u2019nin her ge\u00e7en g\u00fcn ku\u015fatt\u0131\u011f\u0131 \u0130stanbul\u2019da inan\u00e7lar\u0131 sars\u0131lm\u0131\u015f bi\u00e7imde ayakta kalmaya \u00e7al\u0131\u015fmaktad\u0131r.Anadolu\u2019daysa durum bamba\u015fkad\u0131r. Umudun, cesaretin, vatan sevgisinin bir ate\u015f gibi parlad\u0131\u011f\u0131 y\u00fcrekler Mustafa Kemal Pa\u015fa\u2019n\u0131n \u00e7evresinde bir daire \u00e7izmektedir. Pa\u015fa, Anadolu\u2019da bir hareket ba\u015flatmaya ve cumhuriyete do\u011fru giden yolda ne kadar engel varsa temizlemeye ant i\u00e7mi\u015ftir. \u0130stanbul\u2019u \u00e7alkalayan bu geli\u015fme, Ahmet Muhtar\u2019\u0131n da kula\u011f\u0131na gelmi\u015ftir. O, bu hareketin ba\u015far\u0131ya ula\u015faca\u011f\u0131ndan emin de\u011fildir, \u00fcstelik art\u0131k fikirleri de\u011fi\u015fmi\u015f biri olarak de\u011fi\u015fime inanmaktad\u0131r. \u0130ngilizlerin kendisine sundu\u011fu i\u015f birli\u011fi teklifi de ayaklar\u0131n\u0131 yerden kesecek kadar caziptir. Yoksa bir\u00e7ok cephede sava\u015fm\u0131\u015f, Enver Pa\u015fa\u2019ya hayran, g\u00f6z\u00fc karal\u0131\u011f\u0131yla me\u015fhur olmu\u015f Ahmet Muhtar hainlerin saf\u0131na m\u0131 kat\u0131lacakt\u0131r?\u201cSakarya: T\u00fcrk Bitti Demeden Bitmez\u201d, \u201cB\u00fcy\u00fck Taarruz: Da\u011flarda Tek Tek Ate\u015fler Yan\u0131yordu\u201d ve \u201c\u0130stiklal: Vatan\u0131mda Bir Tek D\u00fc\u015fman Kalmas\u0131n\u201d adl\u0131 eserleriyle tarihimizin en kritik sayfalar\u0131n\u0131 cesurca ayd\u0131nlatan Selim Erdo\u011fan, bu kez \u201cHain: Mezar\u0131ma T\u00fck\u00fcrecekler\u201d roman\u0131yla okurlar\u0131 Mill\u00ee M\u00fccadele y\u0131llar\u0131na g\u00f6t\u00fcr\u00fcyor. Rum, Yahudi ve Ermeni t\u00fcccarlar, T\u00fcrk sava\u015f gazileri, \u0130ttihat\u00e7\u0131lar, Kuvvac\u0131lar, \u0130ngiliz subaylar\u0131, T\u00fcrk zabitleri, Kemal Pa\u015fa taraftarlar\u0131, cami imam\u0131ndan berbere kadar pek \u00e7ok mahalle fig\u00fcr\u00fc, Beyaz Rus g\u00f6\u00e7menler, Pera\u2019n\u0131n m\u00fcdavimi Avrupal\u0131lar ve Levantenler, \u015f\u00f6hretli pa\u015falar, hainler ve kahramanlar; d\u00f6nemin \u0130stanbul\u2019u ve Anadolu\u2019su aras\u0131nda sinematografik bi\u00e7imde okurlara sunuluyor. G\u00fc\u00e7l\u00fc bir tarih\u00e7inin g\u00fc\u00e7l\u00fc bir romanc\u0131ya d\u00f6n\u00fc\u015ft\u00fc\u011f\u00fc Hain soluk solu\u011fa okunacak ve uzun y\u0131llar tarih severlerin ba\u015fucundan eksik olmayacak\u2026 <\/p>\n","protected":false},"excerpt":{"rendered":"<p>SOLUK SOLU\u011eA OKUNACAK B\u0130R M\u0130LL\u00ce M\u00dcCADELE ROMANI: HA\u0130NY\u0131l: 1919. T\u00fcm d\u00fcnyan\u0131n her f\u0131rsatta g\u00f6z\u00fcn\u00fc dikti\u011fi, T\u00fcrk milletinin g\u00f6zbebe\u011fi olan \u0130stanbul i\u015fgal at\u0131ndad\u0131r. Evlerde tedirginlik, sokaklarda korku,<span class=\"excerpt-hellip\"> [\u2026]<\/span><\/p>\n","protected":false},"featured_media":0,"template":"","meta":{"_monsterinsights_skip_tracking":false,"_monsterinsights_sitenote_active":false,"_monsterinsights_sitenote_note":"","_monsterinsights_sitenote_category":0},"product_brand":[],"product_cat":[12291,12745],"product_tag":[],"class_list":{"0":"post-754277","1":"product","2":"type-product","3":"status-publish","5":"product_cat-edebiyat","6":"product_cat-tarihi-roman","7":"pa_cilt-ciltsiz","8":"pa_tur-kitap","9":"pa_yayinevi-kronik-kitap","10":"pa_yazar-selim-erdogan","12":"first","13":"instock","14":"sale","15":"shipping-taxable","16":"purchasable","17":"product-type-simple"},"_links":{"self":[{"href":"https:\/\/roveyayinevi.com.tr\/index.php\/wp-json\/wp\/v2\/product\/754277","targetHints":{"allow":["GET"]}}],"collection":[{"href":"https:\/\/roveyayinevi.com.tr\/index.php\/wp-json\/wp\/v2\/product"}],"about":[{"href":"https:\/\/roveyayinevi.com.tr\/index.php\/wp-json\/wp\/v2\/types\/product"}],"wp:attachment":[{"href":"https:\/\/roveyayinevi.com.tr\/index.php\/wp-json\/wp\/v2\/media?parent=754277"}],"wp:term":[{"taxonomy":"product_brand","embeddable":true,"href":"https:\/\/roveyayinevi.com.tr\/index.php\/wp-json\/wp\/v2\/product_brand?post=754277"},{"taxonomy":"product_cat","embeddable":true,"href":"https:\/\/roveyayinevi.com.tr\/index.php\/wp-json\/wp\/v2\/product_cat?post=754277"},{"taxonomy":"product_tag","embeddable":true,"href":"https:\/\/roveyayinevi.com.tr\/index.php\/wp-json\/wp\/v2\/product_tag?post=754277"}],"curies":[{"name":"wp","href":"https:\/\/api.w.org\/{rel}","templated":true}]}}