{"id":754275,"date":"2025-08-28T06:06:31","date_gmt":"2025-08-28T03:06:31","guid":{"rendered":"https:\/\/roveyayinevi.com.tr\/index.php\/urun\/nasil-prenses-oldum-1\/"},"modified":"2026-04-16T03:07:45","modified_gmt":"2026-04-16T00:07:45","slug":"nasil-prenses-oldum-1","status":"publish","type":"product","link":"https:\/\/roveyayinevi.com.tr\/index.php\/urun\/nasil-prenses-oldum-1\/","title":{"rendered":"Nas\u0131l Prenses Oldum 1"},"content":{"rendered":"<p>OKUDU\u011eU A\u015eK ROMANINDAK\u0130 TAL\u0130HS\u0130Z PRENSES ATHANASIA\u2019NIN BEDEN\u0130NDE D\u00dcNYAYA TEKRARDAN GELEN B\u0130R KADIN, BU KEZ K\u00dc\u00c7\u00dcK BEBEK ELLER\u0130YLE KEND\u0130 GELECE\u011e\u0130N\u0130 \u015eEK\u0130LLEND\u0130RMEYE KARAR VER\u0130R.   S\u0130ZCE OBELIAN \u0130MPARATORLU\u011eU\u2019NUN G\u00d6ZDEN \u00c7IKARILMI\u015e PRENSES\u0130 ATHANASIA\u2019NIN H\u0130K\u00c2YES\u0130, BABASI TARAFINDAN \u0130DAM ED\u0130LMES\u0130YLE SONA ERECEK M\u0130?   \u00d6NCEK\u0130 HAYATININ ANILARINDAN G\u00dc\u00c7 ALAN BEBEK ATHANASIA, \u00d6L\u00dcMC\u00dcL KADER\u0130NE KAFA TUTAR. YENI HAYATINDAKI \u00d6NCEL\u0130\u011e\u0130 D\u0130KKAT \u00c7EKMEMEK, KA\u00c7I\u015eI \u0130\u00c7\u0130N PARA B\u0130R\u0130KT\u0130RMEK VE OLUR DA PLANLAR TERS G\u0130DERSE D\u0130YE ZAL\u0130M \u0130MPARATOR BABASININ G\u00d6NL\u00dcN\u00dc KAZANMAKTIR. <\/p>\n","protected":false},"excerpt":{"rendered":"<p>OKUDU\u011eU A\u015eK ROMANINDAK\u0130 TAL\u0130HS\u0130Z PRENSES ATHANASIA\u2019NIN BEDEN\u0130NDE D\u00dcNYAYA TEKRARDAN GELEN B\u0130R KADIN, BU KEZ K\u00dc\u00c7\u00dcK BEBEK ELLER\u0130YLE KEND\u0130 GELECE\u011e\u0130N\u0130 \u015eEK\u0130LLEND\u0130RMEYE KARAR VER\u0130R. S\u0130ZCE OBELIAN \u0130MPARATORLU\u011eU\u2019NUN G\u00d6ZDEN<span class=\"excerpt-hellip\"> [\u2026]<\/span><\/p>\n","protected":false},"featured_media":0,"template":"","meta":{"_monsterinsights_skip_tracking":false,"_monsterinsights_sitenote_active":false,"_monsterinsights_sitenote_note":"","_monsterinsights_sitenote_category":0},"product_brand":[],"product_cat":[12416,12291],"product_tag":[],"class_list":{"0":"post-754275","1":"product","2":"type-product","3":"status-publish","5":"product_cat-cizgi-roman","6":"product_cat-edebiyat","7":"pa_cilt-ciltsiz","8":"pa_tur-kitap","9":"pa_yayinevi-athica-yayinlari","10":"pa_yazar-plutus","12":"first","13":"instock","14":"sale","15":"shipping-taxable","16":"purchasable","17":"product-type-simple"},"_links":{"self":[{"href":"https:\/\/roveyayinevi.com.tr\/index.php\/wp-json\/wp\/v2\/product\/754275","targetHints":{"allow":["GET"]}}],"collection":[{"href":"https:\/\/roveyayinevi.com.tr\/index.php\/wp-json\/wp\/v2\/product"}],"about":[{"href":"https:\/\/roveyayinevi.com.tr\/index.php\/wp-json\/wp\/v2\/types\/product"}],"wp:attachment":[{"href":"https:\/\/roveyayinevi.com.tr\/index.php\/wp-json\/wp\/v2\/media?parent=754275"}],"wp:term":[{"taxonomy":"product_brand","embeddable":true,"href":"https:\/\/roveyayinevi.com.tr\/index.php\/wp-json\/wp\/v2\/product_brand?post=754275"},{"taxonomy":"product_cat","embeddable":true,"href":"https:\/\/roveyayinevi.com.tr\/index.php\/wp-json\/wp\/v2\/product_cat?post=754275"},{"taxonomy":"product_tag","embeddable":true,"href":"https:\/\/roveyayinevi.com.tr\/index.php\/wp-json\/wp\/v2\/product_tag?post=754275"}],"curies":[{"name":"wp","href":"https:\/\/api.w.org\/{rel}","templated":true}]}}