{"id":754274,"date":"2025-08-28T06:06:29","date_gmt":"2025-08-28T03:06:29","guid":{"rendered":"https:\/\/roveyayinevi.com.tr\/index.php\/urun\/lanet-olasi-ezik-nishiga-hachi-1\/"},"modified":"2026-04-16T03:07:45","modified_gmt":"2026-04-16T00:07:45","slug":"lanet-olasi-ezik-nishiga-hachi-1","status":"publish","type":"product","link":"https:\/\/roveyayinevi.com.tr\/index.php\/urun\/lanet-olasi-ezik-nishiga-hachi-1\/","title":{"rendered":"Lanet Olas\u0131 Ezik Nishiga Hachi 1"},"content":{"rendered":"<p>L\u0130SEL\u0130 KIZ N\u0130SH\u0130GA HACH\u0130 \u0130LG\u0130 M\u0130 \u0130ST\u0130YOR? AZUMA\u2019YI NEDEN S\u00dcREKL\u0130 TAK\u0130P ED\u0130YOR? RAK\u0130PLER\u0130NDEN \u00dcST\u00dcN OLMAK \u0130\u00c7\u0130N ADETA KEND\u0130YLE YARI\u015eAN N\u0130SH\u0130GA HACH\u0130, AZUMA TARAFINDAN HER ZAMAN HAF\u0130FE ALINIYOR VEBU DURUMU KABULLENEM\u0130YOR. \u0130LG\u0130 MERAKLISI N\u0130SH\u0130GA \u0130LE SERT M\u0130ZA\u00c7LIL\u0130SEL\u0130 AZUMA\u2019NIN H\u0130K\u00c2YES\u0130&#8230; <\/p>\n","protected":false},"excerpt":{"rendered":"<p>L\u0130SEL\u0130 KIZ N\u0130SH\u0130GA HACH\u0130 \u0130LG\u0130 M\u0130 \u0130ST\u0130YOR? AZUMA\u2019YI NEDEN S\u00dcREKL\u0130 TAK\u0130P ED\u0130YOR? RAK\u0130PLER\u0130NDEN \u00dcST\u00dcN OLMAK \u0130\u00c7\u0130N ADETA KEND\u0130YLE YARI\u015eAN N\u0130SH\u0130GA HACH\u0130, AZUMA TARAFINDAN HER ZAMAN HAF\u0130FE<span class=\"excerpt-hellip\"> [\u2026]<\/span><\/p>\n","protected":false},"featured_media":0,"template":"","meta":{"_monsterinsights_skip_tracking":false,"_monsterinsights_sitenote_active":false,"_monsterinsights_sitenote_note":"","_monsterinsights_sitenote_category":0},"product_brand":[],"product_cat":[12416,12291],"product_tag":[],"class_list":{"0":"post-754274","1":"product","2":"type-product","3":"status-publish","5":"product_cat-cizgi-roman","6":"product_cat-edebiyat","7":"pa_cilt-ciltsiz","8":"pa_tur-kitap","9":"pa_yayinevi-athica-yayinlari","10":"pa_yazar-kamatama","12":"first","13":"instock","14":"sale","15":"shipping-taxable","16":"purchasable","17":"product-type-simple"},"_links":{"self":[{"href":"https:\/\/roveyayinevi.com.tr\/index.php\/wp-json\/wp\/v2\/product\/754274","targetHints":{"allow":["GET"]}}],"collection":[{"href":"https:\/\/roveyayinevi.com.tr\/index.php\/wp-json\/wp\/v2\/product"}],"about":[{"href":"https:\/\/roveyayinevi.com.tr\/index.php\/wp-json\/wp\/v2\/types\/product"}],"wp:attachment":[{"href":"https:\/\/roveyayinevi.com.tr\/index.php\/wp-json\/wp\/v2\/media?parent=754274"}],"wp:term":[{"taxonomy":"product_brand","embeddable":true,"href":"https:\/\/roveyayinevi.com.tr\/index.php\/wp-json\/wp\/v2\/product_brand?post=754274"},{"taxonomy":"product_cat","embeddable":true,"href":"https:\/\/roveyayinevi.com.tr\/index.php\/wp-json\/wp\/v2\/product_cat?post=754274"},{"taxonomy":"product_tag","embeddable":true,"href":"https:\/\/roveyayinevi.com.tr\/index.php\/wp-json\/wp\/v2\/product_tag?post=754274"}],"curies":[{"name":"wp","href":"https:\/\/api.w.org\/{rel}","templated":true}]}}