{"id":754270,"date":"2025-08-28T06:06:22","date_gmt":"2025-08-28T03:06:22","guid":{"rendered":"https:\/\/roveyayinevi.com.tr\/index.php\/urun\/kentukiler\/"},"modified":"2026-04-16T03:07:45","modified_gmt":"2026-04-16T00:07:45","slug":"kentukiler","status":"publish","type":"product","link":"https:\/\/roveyayinevi.com.tr\/index.php\/urun\/kentukiler\/","title":{"rendered":"Kentukiler"},"content":{"rendered":"<p>Bir kentuki \u201csahip\u201di olmak yerine kentuki \u201colma\u201dy\u0131 kim se\u00e7erdi ki?   Samanta Schweblin\u2019in bu son roman\u0131nda insanlar\u0131n yeni tak\u0131nt\u0131s\u0131 \u201ckentuki\u201d ad\u0131 verilen oyuncaklar. Mahremiyet, g\u00f6zetleme, kimlik gibi kavramlar\u0131n \u00f6ne \u00e7\u0131kt\u0131\u011f\u0131 Kentukiler\u2019de Arjantinli yazar, teknoloji-insan ili\u015fkisi \u00fczerinden insanlar\u0131n birbirleriyle ili\u015fkilerine dair \u00e7arp\u0131c\u0131 sorular y\u00f6nelterek g\u00fcn\u00fcm\u00fcz\u00fc mercek alt\u0131na al\u0131yor.   Sanal ve ger\u00e7ek aras\u0131ndaki \u00e7izgilerin ortadan kalkt\u0131\u011f\u0131 bir d\u00fcnyada kim izleyen, kim izlenen konumda? <\/p>\n","protected":false},"excerpt":{"rendered":"<p>Bir kentuki \u201csahip\u201di olmak yerine kentuki \u201colma\u201dy\u0131 kim se\u00e7erdi ki? Samanta Schweblin\u2019in bu son roman\u0131nda insanlar\u0131n yeni tak\u0131nt\u0131s\u0131 \u201ckentuki\u201d ad\u0131 verilen oyuncaklar. Mahremiyet, g\u00f6zetleme, kimlik gibi<span class=\"excerpt-hellip\"> [\u2026]<\/span><\/p>\n","protected":false},"featured_media":0,"template":"","meta":{"_monsterinsights_skip_tracking":false,"_monsterinsights_sitenote_active":false,"_monsterinsights_sitenote_note":"","_monsterinsights_sitenote_category":0},"product_brand":[],"product_cat":[12291,12711],"product_tag":[],"class_list":{"0":"post-754270","1":"product","2":"type-product","3":"status-publish","5":"product_cat-edebiyat","6":"product_cat-roman-oyku","7":"pa_cilt-ciltsiz","8":"pa_tur-kitap","9":"pa_yayinevi-can-yayinlari","10":"pa_yazar-samanta-schweblin","12":"first","13":"instock","14":"sale","15":"shipping-taxable","16":"purchasable","17":"product-type-simple"},"_links":{"self":[{"href":"https:\/\/roveyayinevi.com.tr\/index.php\/wp-json\/wp\/v2\/product\/754270","targetHints":{"allow":["GET"]}}],"collection":[{"href":"https:\/\/roveyayinevi.com.tr\/index.php\/wp-json\/wp\/v2\/product"}],"about":[{"href":"https:\/\/roveyayinevi.com.tr\/index.php\/wp-json\/wp\/v2\/types\/product"}],"wp:attachment":[{"href":"https:\/\/roveyayinevi.com.tr\/index.php\/wp-json\/wp\/v2\/media?parent=754270"}],"wp:term":[{"taxonomy":"product_brand","embeddable":true,"href":"https:\/\/roveyayinevi.com.tr\/index.php\/wp-json\/wp\/v2\/product_brand?post=754270"},{"taxonomy":"product_cat","embeddable":true,"href":"https:\/\/roveyayinevi.com.tr\/index.php\/wp-json\/wp\/v2\/product_cat?post=754270"},{"taxonomy":"product_tag","embeddable":true,"href":"https:\/\/roveyayinevi.com.tr\/index.php\/wp-json\/wp\/v2\/product_tag?post=754270"}],"curies":[{"name":"wp","href":"https:\/\/api.w.org\/{rel}","templated":true}]}}