{"id":754268,"date":"2025-08-28T06:06:19","date_gmt":"2025-08-28T03:06:19","guid":{"rendered":"https:\/\/roveyayinevi.com.tr\/index.php\/urun\/habili-kabile-donusturen-sistem\/"},"modified":"2026-04-16T03:07:45","modified_gmt":"2026-04-16T00:07:45","slug":"habili-kabile-donusturen-sistem","status":"publish","type":"product","link":"https:\/\/roveyayinevi.com.tr\/index.php\/urun\/habili-kabile-donusturen-sistem\/","title":{"rendered":"Habil&#8217;i Kabil&#8217;e D\u00f6n\u00fc\u015ft\u00fcren Sistem"},"content":{"rendered":"<p>\u201c\u00c7ocuklar\u0131m\u0131za neler yapt\u0131\u011f\u0131m\u0131z\u0131 g\u00f6rmekte s\u0131k\u0131nt\u0131 ya\u015fad\u0131\u011f\u0131m\u0131z ortada. G\u00f6remiyoruz, g\u00f6rmek de istemiyoruz. \u00c7ocuklar\u0131m\u0131z\u0131n durumunun daha \u00f6nce hi\u00e7 olmad\u0131\u011f\u0131 kadar iyi oldu\u011fundan eminiz. Yayg\u0131n kan\u0131 bu. Refah toplumlar\u0131nda \u00e7ocuklar oyun alanlar\u0131na, \u00e7ocuk bah\u00e7elerine, okullara, \u00f6zel e\u011fitimli \u00f6\u011fretmenlere, tatile, sinemaya, konsere gitme imkan\u0131na ve daha ba\u015fka pek \u00e7ok \u015fansa sahipler. Buna ra\u011fmen, Neil Postman\u2019\u0131n form\u00fcle etti\u011fi gibi, \u00e7ocuklar\u0131na sahip de\u011filler. T\u00fcm d\u00fcnyada, \u00f6rne\u011fin futbol ma\u00e7lar\u0131nda gen\u00e7lerin \u015fiddet e\u011filimli ta\u015fk\u0131nl\u0131klar\u0131 kar\u015f\u0131s\u0131nda \u015fa\u015fk\u0131na d\u00f6nm\u00fc\u015f durumday\u0131z. G\u00f6r\u00fcn\u00fc\u015fte itaatkar \u00e7ocuklar\u0131n anne-babalar\u0131n\u0131 \u00f6ld\u00fcrd\u00fcklerini, \u00e7ocuklar aras\u0131nda intihar oran\u0131n\u0131n y\u00fckseldi\u011fini, okullarda \u015fiddetin t\u0131rmand\u0131\u011f\u0131n\u0131 duydu\u011fumuzda ba\u015f\u0131m\u0131z\u0131 sall\u0131yoruz. \u00c7ocuklar\u0131m\u0131za ne yapt\u0131\u011f\u0131m\u0131z\u0131 alg\u0131layamad\u0131\u011f\u0131m\u0131z ve g\u00f6rmek de istemedi\u011fimiz i\u00e7in ba\u015fkald\u0131r\u0131lar\u0131n\u0131 da anlam\u0131yoruz. Bizim i\u00e7in hi\u00e7 olmad\u0131\u011f\u0131 kadar anla\u015f\u0131lmaz, \u00e7\u00fcnk\u00fc y\u00fcrekle yap\u0131lmayan bir ba\u015fkald\u0131r\u0131 bu.\u201d   Arno Gruen\/Empatinin Yitimi   <\/p>\n","protected":false},"excerpt":{"rendered":"<p>\u201c\u00c7ocuklar\u0131m\u0131za neler yapt\u0131\u011f\u0131m\u0131z\u0131 g\u00f6rmekte s\u0131k\u0131nt\u0131 ya\u015fad\u0131\u011f\u0131m\u0131z ortada. G\u00f6remiyoruz, g\u00f6rmek de istemiyoruz. \u00c7ocuklar\u0131m\u0131z\u0131n durumunun daha \u00f6nce hi\u00e7 olmad\u0131\u011f\u0131 kadar iyi oldu\u011fundan eminiz. Yayg\u0131n kan\u0131 bu. Refah toplumlar\u0131nda<span class=\"excerpt-hellip\"> [\u2026]<\/span><\/p>\n","protected":false},"featured_media":0,"template":"","meta":{"_monsterinsights_skip_tracking":false,"_monsterinsights_sitenote_active":false,"_monsterinsights_sitenote_note":"","_monsterinsights_sitenote_category":0},"product_brand":[],"product_cat":[12679,12357],"product_tag":[],"class_list":{"0":"post-754268","1":"product","2":"type-product","3":"status-publish","5":"product_cat-cocuk-psikolojisi","6":"product_cat-psikoloji","7":"pa_cilt-ciltsiz","8":"pa_tur-kitap","9":"pa_yayinevi-sinirsiz-kitap","10":"pa_yazar-cemal-cagli","12":"first","13":"instock","14":"sale","15":"shipping-taxable","16":"purchasable","17":"product-type-simple"},"_links":{"self":[{"href":"https:\/\/roveyayinevi.com.tr\/index.php\/wp-json\/wp\/v2\/product\/754268","targetHints":{"allow":["GET"]}}],"collection":[{"href":"https:\/\/roveyayinevi.com.tr\/index.php\/wp-json\/wp\/v2\/product"}],"about":[{"href":"https:\/\/roveyayinevi.com.tr\/index.php\/wp-json\/wp\/v2\/types\/product"}],"wp:attachment":[{"href":"https:\/\/roveyayinevi.com.tr\/index.php\/wp-json\/wp\/v2\/media?parent=754268"}],"wp:term":[{"taxonomy":"product_brand","embeddable":true,"href":"https:\/\/roveyayinevi.com.tr\/index.php\/wp-json\/wp\/v2\/product_brand?post=754268"},{"taxonomy":"product_cat","embeddable":true,"href":"https:\/\/roveyayinevi.com.tr\/index.php\/wp-json\/wp\/v2\/product_cat?post=754268"},{"taxonomy":"product_tag","embeddable":true,"href":"https:\/\/roveyayinevi.com.tr\/index.php\/wp-json\/wp\/v2\/product_tag?post=754268"}],"curies":[{"name":"wp","href":"https:\/\/api.w.org\/{rel}","templated":true}]}}