{"id":754266,"date":"2025-08-28T06:06:16","date_gmt":"2025-08-28T03:06:16","guid":{"rendered":"https:\/\/roveyayinevi.com.tr\/index.php\/urun\/sovyet-kadini\/"},"modified":"2026-04-16T03:07:45","modified_gmt":"2026-04-16T00:07:45","slug":"sovyet-kadini","status":"publish","type":"product","link":"https:\/\/roveyayinevi.com.tr\/index.php\/urun\/sovyet-kadini\/","title":{"rendered":"Sovyet Kad\u0131n\u0131"},"content":{"rendered":"<p>Aleksandra Kollontay (1872-1952), Rus devrimci hareketinin etkili \u00f6nderlerinden, s\u0131n\u0131flar \u00fcst\u00fc bir kad\u0131n m\u00fccadelesine kararl\u0131l\u0131kla kar\u015f\u0131 \u00e7\u0131kan Marksist bir d\u00fc\u015f\u00fcn\u00fcr, Ekim Devrimi\u2019nin ard\u0131ndan Bol\u015fevik h\u00fck\u00fcmette yer alan ilk kad\u0131n komiser (bakan), bar\u0131\u015f i\u00e7in g\u00f6sterdi\u011fi \u00e7abalarla d\u00fcnyan\u0131n sayg\u0131s\u0131n\u0131 kazanm\u0131\u015f bir kad\u0131n diplomat&#8230; Kollontay\u2019\u0131n fikirleri, Sovyet Rusya tarihi i\u00e7inde de Marksist feminizmin d\u00fc\u015f\u00fcnsel miras\u0131 i\u00e7inde de yeterince tart\u0131\u015f\u0131lmam\u0131\u015ft\u0131r. Oysa Kollontay\u2019\u0131n boyun e\u011fmeyen, dolays\u0131z bir \u00fcslupla kaleme ald\u0131\u011f\u0131 yaz\u0131lar\u0131, radikal bir d\u00fc\u015f\u00fcn\u00fcr\u00fcn ve Sovyet Rusya\u2019da geli\u015ftirilmeye \u00e7al\u0131\u015f\u0131lan sosyalist prati\u011fe sorumluluk hissiyle ba\u011fl\u0131 bir y\u00f6neticinin derinlikli ve \u00f6nemli d\u00fc\u015f\u00fcnceleriyle doludur. Sovyet Kad\u0131n\u0131, Kollontay\u2019\u0131n siyasi ya\u015fam\u0131n\u0131n farkl\u0131 evrelerinde zihnini me\u015fgul eden \u00e7e\u015fitli meseleler \u00fczerine yazd\u0131\u011f\u0131 yaz\u0131lardan ve yapt\u0131\u011f\u0131 konu\u015fmalardan derlenmi\u015f on iki makaleden olu\u015fuyor. Yeni bir toplumun yarat\u0131lmas\u0131na dair g\u00fc\u00e7l\u00fc umutlarla ortaya kondu\u011fu a\u00e7\u0131k\u00e7a hissedilen bu makaleler, sosyalist kad\u0131n hareketinin talepleri, \u00e7a\u011fda\u015f burjuva toplumunun yaratt\u0131\u011f\u0131 \u201ccinsel kriz\u201din nas\u0131l a\u015f\u0131laca\u011f\u0131, kad\u0131nlar\u0131n \u00f6zg\u00fcrle\u015fmesi i\u00e7in sosyalist devletin sorumluluklar\u0131 gibi pek \u00e7ok konuda bug\u00fcn de tart\u0131\u015fmalar a\u00e7abilecek parlak g\u00f6zlemler i\u00e7eriyor. Son b\u00f6l\u00fcmde yer verilen Kollontay\u2019\u0131n an\u0131lar\u0131 ise siyaset ve m\u00fccadeleyle ge\u00e7mi\u015f bu \u00f6mr\u00fcn, yeni bir d\u00fcnya yaratma \u00fclk\u00fcs\u00fcnden hi\u00e7 vazge\u00e7medi\u011fini g\u00f6steriyor: \u201cBenim hayat\u0131m, bir \u00f6rnek olarak eskimi\u015f \u00e7ifte standart garabetini di\u011fer kad\u0131nlar\u0131n hayat\u0131ndan da defetmeye hizmet edebilir. Bu, \u015fahsi varolu\u015fumun en \u00f6nemli anlam\u0131d\u0131r.\u201d <\/p>\n","protected":false},"excerpt":{"rendered":"<p>Aleksandra Kollontay (1872-1952), Rus devrimci hareketinin etkili \u00f6nderlerinden, s\u0131n\u0131flar \u00fcst\u00fc bir kad\u0131n m\u00fccadelesine kararl\u0131l\u0131kla kar\u015f\u0131 \u00e7\u0131kan Marksist bir d\u00fc\u015f\u00fcn\u00fcr, Ekim Devrimi\u2019nin ard\u0131ndan Bol\u015fevik h\u00fck\u00fcmette yer alan<span class=\"excerpt-hellip\"> [\u2026]<\/span><\/p>\n","protected":false},"featured_media":0,"template":"","meta":{"_monsterinsights_skip_tracking":false,"_monsterinsights_sitenote_active":false,"_monsterinsights_sitenote_note":"","_monsterinsights_sitenote_category":0},"product_brand":[],"product_cat":[12337],"product_tag":[],"class_list":{"0":"post-754266","1":"product","2":"type-product","3":"status-publish","5":"product_cat-politika-siyaset","6":"pa_cilt-ciltsiz","7":"pa_tur-kitap","8":"pa_yayinevi-yordam-kitap","9":"pa_yazar-aleksandra-kollontay","11":"first","12":"instock","13":"sale","14":"shipping-taxable","15":"purchasable","16":"product-type-simple"},"_links":{"self":[{"href":"https:\/\/roveyayinevi.com.tr\/index.php\/wp-json\/wp\/v2\/product\/754266","targetHints":{"allow":["GET"]}}],"collection":[{"href":"https:\/\/roveyayinevi.com.tr\/index.php\/wp-json\/wp\/v2\/product"}],"about":[{"href":"https:\/\/roveyayinevi.com.tr\/index.php\/wp-json\/wp\/v2\/types\/product"}],"wp:attachment":[{"href":"https:\/\/roveyayinevi.com.tr\/index.php\/wp-json\/wp\/v2\/media?parent=754266"}],"wp:term":[{"taxonomy":"product_brand","embeddable":true,"href":"https:\/\/roveyayinevi.com.tr\/index.php\/wp-json\/wp\/v2\/product_brand?post=754266"},{"taxonomy":"product_cat","embeddable":true,"href":"https:\/\/roveyayinevi.com.tr\/index.php\/wp-json\/wp\/v2\/product_cat?post=754266"},{"taxonomy":"product_tag","embeddable":true,"href":"https:\/\/roveyayinevi.com.tr\/index.php\/wp-json\/wp\/v2\/product_tag?post=754266"}],"curies":[{"name":"wp","href":"https:\/\/api.w.org\/{rel}","templated":true}]}}