{"id":754263,"date":"2025-08-28T06:06:12","date_gmt":"2025-08-28T03:06:12","guid":{"rendered":"https:\/\/roveyayinevi.com.tr\/index.php\/urun\/dinlediginiz-icin-tesekkurler\/"},"modified":"2026-04-08T03:15:13","modified_gmt":"2026-04-08T00:15:13","slug":"dinlediginiz-icin-tesekkurler","status":"publish","type":"product","link":"https:\/\/roveyayinevi.com.tr\/index.php\/urun\/dinlediginiz-icin-tesekkurler\/","title":{"rendered":"Dinledi\u011finiz \u0130\u00e7in Te\u015fekk\u00fcrler"},"content":{"rendered":"<p>\u201cD\u00fcnyadan neyi istersen gizle ama samimi olduklar\u0131ndan hi\u00e7bir \u015fey gizleme. Samimi olan her \u015fey g\u00fczeldir.\u201d   Bir zamanlar en yak\u0131n arkada\u015f\u0131yla \u00fcnl\u00fc bir oyuncu olman\u0131n hayalini kuran Sewanee i\u00e7in kader farkl\u0131 bir yol \u00e7izmi\u015ftir. Ge\u00e7irdi\u011fi bir kazadan sonra sahnelerden bir ad\u0131m geri \u00e7ekilmi\u015f ama sesli kitap anlat\u0131c\u0131s\u0131 olarak ba\u015far\u0131l\u0131 bir kariyer in\u015fa etmi\u015ftir. Bir kitap fuar\u0131 i\u00e7in gitti\u011fi Las Vegas\u2019ta yak\u0131\u015f\u0131kl\u0131 ve gizemli bir adamla ba\u015f d\u00f6nd\u00fcr\u00fcc\u00fc bir gece ge\u00e7irir. Kafas\u0131nda o \u00f6zel ak\u015fam\u0131n an\u0131lar\u0131yla evine d\u00f6nd\u00fc\u011f\u00fcnde ise hayat\u0131n onun i\u00e7in ilgin\u00e7 s\u00fcrprizleri oldu\u011funu g\u00f6r\u00fcr. A\u015fk romanlar\u0131yla isim yapm\u0131\u015f bir yazar, kitaplar\u0131n\u0131 onun seslendirmesini istemektedir, hem de sekt\u00f6r\u00fcn en ate\u015fli ve gizemli ismi Brock McNight\u2019la birlikte! \u0130kili ileti\u015fime ge\u00e7er ge\u00e7mez k\u0131v\u0131lc\u0131mlar \u00e7akmaya ba\u015flar, birbirlerini g\u00f6rmeseler bile ger\u00e7ek bir ba\u011f\u0131n kuruldu\u011fu ortadad\u0131r. Ancak Sewanee h\u00e2l\u00e2 Las Vegas&#8217;ta tan\u0131\u015ft\u0131\u011f\u0131 adam\u0131 d\u00fc\u015f\u00fcnmektedir ve kendisini bir anda bir a\u015fk \u00fc\u00e7geninde bulur.   Yiten hayalleriyle birlikte romantik i\u00e7g\u00fcd\u00fclerini de kaybetti\u011fini d\u00fc\u015f\u00fcnen Sewanee nihayet \u00f6zlemini \u00e7ekti\u011fi samimiyet ve kabullenmenin pe\u015fine d\u00fc\u015fecek, onun i\u00e7in yaz\u0131lm\u0131\u015f hikayeyi ke\u015ffedecektir.   \u201cJulia Whelan\u2019\u0131n \u00f6yk\u00fc anlatma yetene\u011fini ve zekice esprilerini mutlu sonlara inanmayan alayc\u0131 bir sesli kitap anlat\u0131c\u0131s\u0131yla kar\u0131\u015ft\u0131r\u0131rsan\u0131z ne elde edersiniz? Saf sihir.\u201d \u2012 Jodi Picoult<\/p>\n","protected":false},"excerpt":{"rendered":"<p>\u201cD\u00fcnyadan neyi istersen gizle ama samimi olduklar\u0131ndan hi\u00e7bir \u015fey gizleme. Samimi olan her \u015fey g\u00fczeldir.\u201d Bir zamanlar en yak\u0131n arkada\u015f\u0131yla \u00fcnl\u00fc bir oyuncu olman\u0131n hayalini kuran<span class=\"excerpt-hellip\"> [\u2026]<\/span><\/p>\n","protected":false},"featured_media":0,"template":"","meta":{"_monsterinsights_skip_tracking":false,"_monsterinsights_sitenote_active":false,"_monsterinsights_sitenote_note":"","_monsterinsights_sitenote_category":0},"product_brand":[],"product_cat":[12291,12711],"product_tag":[],"class_list":{"0":"post-754263","1":"product","2":"type-product","3":"status-publish","5":"product_cat-edebiyat","6":"product_cat-roman-oyku","7":"pa_cilt-ciltsiz","8":"pa_tur-kitap","9":"pa_yayinevi-go-kitap","10":"pa_yazar-julia-whelan","12":"first","13":"instock","14":"sale","15":"shipping-taxable","16":"purchasable","17":"product-type-simple"},"_links":{"self":[{"href":"https:\/\/roveyayinevi.com.tr\/index.php\/wp-json\/wp\/v2\/product\/754263","targetHints":{"allow":["GET"]}}],"collection":[{"href":"https:\/\/roveyayinevi.com.tr\/index.php\/wp-json\/wp\/v2\/product"}],"about":[{"href":"https:\/\/roveyayinevi.com.tr\/index.php\/wp-json\/wp\/v2\/types\/product"}],"wp:attachment":[{"href":"https:\/\/roveyayinevi.com.tr\/index.php\/wp-json\/wp\/v2\/media?parent=754263"}],"wp:term":[{"taxonomy":"product_brand","embeddable":true,"href":"https:\/\/roveyayinevi.com.tr\/index.php\/wp-json\/wp\/v2\/product_brand?post=754263"},{"taxonomy":"product_cat","embeddable":true,"href":"https:\/\/roveyayinevi.com.tr\/index.php\/wp-json\/wp\/v2\/product_cat?post=754263"},{"taxonomy":"product_tag","embeddable":true,"href":"https:\/\/roveyayinevi.com.tr\/index.php\/wp-json\/wp\/v2\/product_tag?post=754263"}],"curies":[{"name":"wp","href":"https:\/\/api.w.org\/{rel}","templated":true}]}}