{"id":754262,"date":"2025-08-28T06:06:10","date_gmt":"2025-08-28T03:06:10","guid":{"rendered":"https:\/\/roveyayinevi.com.tr\/index.php\/urun\/zamangezer-yatak\/"},"modified":"2026-04-16T03:07:45","modified_gmt":"2026-04-16T00:07:45","slug":"zamangezer-yatak","status":"publish","type":"product","link":"https:\/\/roveyayinevi.com.tr\/index.php\/urun\/zamangezer-yatak\/","title":{"rendered":"Zamangezer Yatak"},"content":{"rendered":"<p>Biri zamanda yolculuk mu dedi?Nuri Kurucu, m\u00fchendis kimli\u011fini yazarl\u0131kla yar\u0131\u015ft\u0131rd\u0131\u011f\u0131 Zamangezer Yatak&#8217;ta okurlar\u0131 devrim yaratan icatlar\u0131yla nam salm\u0131\u015f bir mucitle tan\u0131\u015ft\u0131r\u0131yor ve ehil ellerden \u00e7\u0131kan s\u00fcper \u00f6tesi teknolojik harikalar\u0131n yard\u0131m\u0131yla zaman\u0131 alt \u00fcst eden bir g\u00fclmeceye imza at\u0131yor. Ba\u015f d\u00f6nd\u00fcr\u00fcc\u00fc bir h\u0131zla de\u011fi\u015fen bilim ve ke\u015fif d\u00fcnyas\u0131na fantastik bir pencereden bakan bu matrak ser\u00fcven, boyutlar aras\u0131 bir yolculu\u011fu m\u00fcmk\u00fcn k\u0131larak bilgi \u00e7a\u011f\u0131 \u00e7ocuklar\u0131n\u0131n merak duygusunu tetikliyor. Berna D\u00f6rtp\u0131nar&#8217;\u0131n \u00e7izgi film tad\u0131ndaki resimleriyle hareketlenen kitap; ge\u00e7mi\u015f ve gelecek kavramlar\u0131 hakk\u0131nda d\u00fc\u015f\u00fcnd\u00fcr\u00fcrken, hayattaki olumsuzluklara tak\u0131lmadan \u00e2n\u0131n mutlulu\u011funu ya\u015faman\u0131n \u00f6nemine de de\u011finiyor.Ve kar\u015f\u0131n\u0131zda, ak\u0131llara zarar icatlar\u0131yla herkesin hayranl\u0131\u011f\u0131n\u0131 kazanan m\u00fcthi\u015f mucit Bay Sonra!Evet, do\u011fru bildiniz: Olmazmatik, Te\u015fekk\u00fcr Et \u00c7\u0131ng\u0131ra\u011f\u0131, Uyku Vakti Ninesi, Muhabbet Ba\u015flatan D\u00fc\u011fme ve daha niceleri&#8230; Hepsi onun eseri.Kahraman\u0131m\u0131z, insanlar\u0131n g\u00fcnl\u00fck ya\u015fam\u0131n\u0131 kolayla\u015ft\u0131rd\u0131\u011f\u0131 harika icatlar\u0131yla t\u00fcm kalpleri kazanm\u0131\u015f olsa da, \u00e7ocuklu\u011funda ya\u015fad\u0131\u011f\u0131 bir burukluktan h\u00e2len kurtulabilmi\u015f de\u011fil. Ah, ne vard\u0131 ki biricik ablas\u0131 Bayan \u00d6nce&#8217;yle ayn\u0131 anda okula ba\u015flayabilseydi! H\u0131mm, acaba bu m\u00fcmk\u00fcn olabilir miydi? Yani ge\u00e7mi\u015fe giderek o g\u00fcn\u00fc de\u011fi\u015ftirebilmek. Yine ayn\u0131 d\u00fc\u015f\u00fcncelerle yata\u011f\u0131na gitti\u011fi bir gece kar\u015f\u0131la\u015ft\u0131\u011f\u0131 s\u00fcrpriz, zihninde baz\u0131 \u00e7ok bilimsel \u015feylerin uyanmas\u0131na sebep oldu. Ve b\u00f6ylece, yorgan\u0131n\u0131n ve yast\u0131\u011f\u0131n\u0131n f\u0131s\u0131ldad\u0131klar\u0131n\u0131 keskin zek\u00e2s\u0131yla birle\u015ftirdikten sonra Zamangezer Yatak ortaya \u00e7\u0131kt\u0131! \u00c7\u0131kt\u0131 \u00e7\u0131kmas\u0131na ama nas\u0131l \u00e7al\u0131\u015facakt\u0131 ki bu koca \u015fey? Hem ge\u00e7mi\u015fe gidip baz\u0131 \u015feylerin yerini de\u011fi\u015ftirmek tehlikeli olmaz m\u0131yd\u0131? Ya i\u015fler t\u00fcmden kar\u0131\u015f\u0131rsa? Bay Sonra kusursuz bir plan yapmal\u0131yd\u0131, ama nas\u0131l?Her ihtiyaca olmazsa olmaz bir icatla kar\u015f\u0131l\u0131k veren becerikli bir mucidi zamanlar aras\u0131nda bir ser\u00fcvene \u00e7\u0131karan bu e\u011flenceli roman, b\u00f6l\u00fcm aralar\u0131na serpi\u015ftirilen \u00f6zel sayfalar\u0131nda, Bay Sonra&#8217;n\u0131n Mucitlik At\u00f6lyesi&#8217;nden \u015fa\u015f\u0131rt\u0131c\u0131 icatlara yer vererek anlat\u0131s\u0131n\u0131 renklendiriyor.Sevgili okur, \u015fimdi elinizdeki kitab\u0131 b\u0131rak\u0131p g\u00f6zlerinizi kapay\u0131n ve &#8221;sakince&#8221; gitmek istedi\u011finiz tarihi ve yeri d\u00fc\u015fleyin! Zamangezer yata\u011fa hi\u00e7 ihtiya\u00e7 duymadan harika bir zaman yolculu\u011funa m\u0131 \u00e7\u0131kt\u0131n\u0131z yoksa? O zaman bir bardak muzlu ve ball\u0131 s\u00fct\u00fc hak ettiniz demektir. <\/p>\n","protected":false},"excerpt":{"rendered":"<p>Biri zamanda yolculuk mu dedi?Nuri Kurucu, m\u00fchendis kimli\u011fini yazarl\u0131kla yar\u0131\u015ft\u0131rd\u0131\u011f\u0131 Zamangezer Yatak&#8217;ta okurlar\u0131 devrim yaratan icatlar\u0131yla nam salm\u0131\u015f bir mucitle tan\u0131\u015ft\u0131r\u0131yor ve ehil ellerden \u00e7\u0131kan s\u00fcper<span class=\"excerpt-hellip\"> [\u2026]<\/span><\/p>\n","protected":false},"featured_media":0,"template":"","meta":{"_monsterinsights_skip_tracking":false,"_monsterinsights_sitenote_active":false,"_monsterinsights_sitenote_note":"","_monsterinsights_sitenote_category":0},"product_brand":[],"product_cat":[13829,12274],"product_tag":[],"class_list":{"0":"post-754262","1":"product","2":"type-product","3":"status-publish","5":"product_cat-bilimsel-kitaplar","6":"product_cat-cocuk-ve-genclik-kitaplari","7":"pa_cilt-ciltsiz","8":"pa_tur-kitap","9":"pa_yayinevi-tudem-yayinlari","10":"pa_yazar-nuri-kurucu","12":"first","13":"instock","14":"sale","15":"shipping-taxable","16":"purchasable","17":"product-type-simple"},"_links":{"self":[{"href":"https:\/\/roveyayinevi.com.tr\/index.php\/wp-json\/wp\/v2\/product\/754262","targetHints":{"allow":["GET"]}}],"collection":[{"href":"https:\/\/roveyayinevi.com.tr\/index.php\/wp-json\/wp\/v2\/product"}],"about":[{"href":"https:\/\/roveyayinevi.com.tr\/index.php\/wp-json\/wp\/v2\/types\/product"}],"wp:attachment":[{"href":"https:\/\/roveyayinevi.com.tr\/index.php\/wp-json\/wp\/v2\/media?parent=754262"}],"wp:term":[{"taxonomy":"product_brand","embeddable":true,"href":"https:\/\/roveyayinevi.com.tr\/index.php\/wp-json\/wp\/v2\/product_brand?post=754262"},{"taxonomy":"product_cat","embeddable":true,"href":"https:\/\/roveyayinevi.com.tr\/index.php\/wp-json\/wp\/v2\/product_cat?post=754262"},{"taxonomy":"product_tag","embeddable":true,"href":"https:\/\/roveyayinevi.com.tr\/index.php\/wp-json\/wp\/v2\/product_tag?post=754262"}],"curies":[{"name":"wp","href":"https:\/\/api.w.org\/{rel}","templated":true}]}}