{"id":754261,"date":"2025-08-28T06:06:09","date_gmt":"2025-08-28T03:06:09","guid":{"rendered":"https:\/\/roveyayinevi.com.tr\/index.php\/urun\/cocuklugun-dogal-yasalari\/"},"modified":"2026-04-16T03:07:45","modified_gmt":"2026-04-16T00:07:45","slug":"cocuklugun-dogal-yasalari","status":"publish","type":"product","link":"https:\/\/roveyayinevi.com.tr\/index.php\/urun\/cocuklugun-dogal-yasalari\/","title":{"rendered":"\u00c7ocuklu\u011fun Do\u011fal Yasalar\u0131"},"content":{"rendered":"<p>Dr. Catherine Gueguen&#8217;in Ba\u015fka T\u00fcrl\u00fc \u00c7ocuk Yeti\u015ftirmek kitab\u0131ndan al\u0131nan ilham, C\u00e9line Alvarez&#8217;in e\u015fsiz e\u011fitim y\u00f6ntemleriyle bulu\u015fuyor.   E\u011fitimde reform m\u00fcmk\u00fcn m\u00fcd\u00fcr?   Her \u00e7ocuk, d\u00fcnyay\u0131 ke\u015ffetme ve \u00f6\u011frenme arzusuyla do\u011far.Sinirbilimin g\u00fcn y\u00fcz\u00fcne \u00e7\u0131kard\u0131\u011f\u0131 yeni bulgularsa \u00e7ocuklar\u0131n sahip oldu\u011fu ola\u011fan\u00fcst\u00fc potansiyeli, geli\u015fime a\u00e7\u0131k bilgi ve yeteneklerini bize s\u00fcrekli hat\u0131rlat\u0131r. Ancak ne yaz\u0131k ki e\u011fitim sistemimiz genellikle \u00e7ocuklara, do\u011fal meraklar\u0131n\u0131 s\u0131n\u0131rlayan bir \u00e7er\u00e7eve dayat\u0131r, \u00f6\u011frenme isteklerini frenler ve onlar\u0131n o do\u011fu\u015ftan gelen sevgi dolu tabiatlar\u0131n\u0131 beslemekte yetersiz kal\u0131r. E\u011fitim alan\u0131nda uluslararas\u0131 bir \u00fcne sahip olan C\u00e9line Alvarez,\u00e7ocuklar\u0131n do\u011fal \u00f6\u011frenme potansiyelini nas\u0131l a\u00e7\u0131\u011fa  \u00e7\u0131karabilece\u011fimizi ve e\u011fitimde nas\u0131l bir reform yaratabilece\u011fimizi bilim ve psikoloji d\u00fcnyas\u0131ndaki geli\u015fmelerin \u0131\u015f\u0131\u011f\u0131nda ortaya koyarak yeti\u015fkinlerin bu s\u00fcre\u00e7teki kritik rol\u00fcn\u00fc de a\u00e7\u0131kl\u0131yor. Anaokulunda uygulad\u0131\u011f\u0131 e\u011fitim y\u00f6ntemlerinin ikinci senesininsonunda, neredeyse t\u00fcm \u00e7ocuklar okumay\u0131 \u00f6\u011frenmi\u015f, matematikte inan\u0131lmaz ilerlemi\u015f, ayn\u0131 zamanda m\u00fckemmel ahlaki ve sosyal  nitelikler geli\u015ftirmi\u015flerdi. Siz de e\u011fitim devrimine kat\u0131lmak, \u00e7ocuklar\u0131n potansiyeliniserbest b\u0131rakmak ve onlar\u0131n geli\u015fimini te\u015fvik etmek istiyorsan\u0131z,\u00c7ocuklu\u011fun Do\u011fal Yasalar\u0131 mutlaka okuman\u0131z gereken bir eser.<\/p>\n","protected":false},"excerpt":{"rendered":"<p>Dr. Catherine Gueguen&#8217;in Ba\u015fka T\u00fcrl\u00fc \u00c7ocuk Yeti\u015ftirmek kitab\u0131ndan al\u0131nan ilham, C\u00e9line Alvarez&#8217;in e\u015fsiz e\u011fitim y\u00f6ntemleriyle bulu\u015fuyor. E\u011fitimde reform m\u00fcmk\u00fcn m\u00fcd\u00fcr? Her \u00e7ocuk, d\u00fcnyay\u0131 ke\u015ffetme ve \u00f6\u011frenme<span class=\"excerpt-hellip\"> [\u2026]<\/span><\/p>\n","protected":false},"featured_media":0,"template":"","meta":{"_monsterinsights_skip_tracking":false,"_monsterinsights_sitenote_active":false,"_monsterinsights_sitenote_note":"","_monsterinsights_sitenote_category":0},"product_brand":[],"product_cat":[12679,12357],"product_tag":[],"class_list":{"0":"post-754261","1":"product","2":"type-product","3":"status-publish","5":"product_cat-cocuk-psikolojisi","6":"product_cat-psikoloji","7":"pa_cilt-ciltsiz","8":"pa_tur-kitap","9":"pa_yayinevi-epsilon-yayinlari","10":"pa_yazar-celine-alvarez","12":"first","13":"instock","14":"sale","15":"shipping-taxable","16":"purchasable","17":"product-type-simple"},"_links":{"self":[{"href":"https:\/\/roveyayinevi.com.tr\/index.php\/wp-json\/wp\/v2\/product\/754261","targetHints":{"allow":["GET"]}}],"collection":[{"href":"https:\/\/roveyayinevi.com.tr\/index.php\/wp-json\/wp\/v2\/product"}],"about":[{"href":"https:\/\/roveyayinevi.com.tr\/index.php\/wp-json\/wp\/v2\/types\/product"}],"wp:attachment":[{"href":"https:\/\/roveyayinevi.com.tr\/index.php\/wp-json\/wp\/v2\/media?parent=754261"}],"wp:term":[{"taxonomy":"product_brand","embeddable":true,"href":"https:\/\/roveyayinevi.com.tr\/index.php\/wp-json\/wp\/v2\/product_brand?post=754261"},{"taxonomy":"product_cat","embeddable":true,"href":"https:\/\/roveyayinevi.com.tr\/index.php\/wp-json\/wp\/v2\/product_cat?post=754261"},{"taxonomy":"product_tag","embeddable":true,"href":"https:\/\/roveyayinevi.com.tr\/index.php\/wp-json\/wp\/v2\/product_tag?post=754261"}],"curies":[{"name":"wp","href":"https:\/\/api.w.org\/{rel}","templated":true}]}}