{"id":754254,"date":"2025-08-28T06:06:00","date_gmt":"2025-08-28T03:06:00","guid":{"rendered":"https:\/\/roveyayinevi.com.tr\/index.php\/urun\/athenanin-cocugu\/"},"modified":"2026-04-16T03:07:45","modified_gmt":"2026-04-16T00:07:45","slug":"athenanin-cocugu","status":"publish","type":"product","link":"https:\/\/roveyayinevi.com.tr\/index.php\/urun\/athenanin-cocugu\/","title":{"rendered":"Athena\u2019n\u0131n \u00c7ocu\u011fu"},"content":{"rendered":"<p>Onu \u00f6nce sevdiler. Sonra istismar ettiler. Sonunda, ondan bir canavar yaratt\u0131lar. Parlak, masum, Athena&#8217;n\u0131n rahibelerinin en saf\u0131. Medusa&#8217;n\u0131n g\u00fczelli\u011fi \u00f6l\u00fcml\u00fclerinkinin \u00e7ok \u00f6tesindedir. Bu y\u00fczden, Tanr\u0131 Poseidon&#8217;un \u015fehvet dolu bak\u0131\u015flar\u0131 \u00fczerine d\u00fc\u015ft\u00fc\u011f\u00fcnde, Athena Tap\u0131na\u011f\u0131 bile onu koruyamaz. O andan itibaren, kendisine yap\u0131lan k\u00f6t\u00fcl\u00fck onun z\u0131rh\u0131 olacak ve s\u00fcrg\u00fcnde karanl\u0131\u011f\u0131 kucaklayacakt\u0131r. Ba\u015fkalar\u0131n\u0131n olmas\u0131 gerekti\u011fine karar verdi\u011fi canavara d\u00f6n\u00fc\u015fecektir. Gen\u00e7 Perseus g\u00f6r\u00fcn\u00fc\u015fte imk\u00e2ns\u0131z bir maceraya at\u0131l\u0131r. Yaln\u0131zca cesaret ve kararl\u0131l\u0131kla donanm\u0131\u015f Perseus\u2019un tek ba\u015far\u0131 \u015fans\u0131 \u00f6l\u00fcms\u00fcz karde\u015flerinin elindedir. Medusa ile Perseus \u00e7ok ge\u00e7meden kindar ve bencil tanr\u0131lar\u0131n piyonlar\u0131 haline gelirler.  Tarih, fetheden kahramanlar\u0131 anlat\u0131r. Zamanla \u00e7arp\u0131t\u0131lm\u0131\u015f hik\u00e2yeler. Medusa&#8217;n\u0131n ger\u00e7e\u011fi uzun zamand\u0131r kay\u0131pt\u0131. \u015eimdi onun ger\u00e7e\u011fini duyma zaman\u0131. <\/p>\n","protected":false},"excerpt":{"rendered":"<p>Onu \u00f6nce sevdiler. Sonra istismar ettiler. Sonunda, ondan bir canavar yaratt\u0131lar. Parlak, masum, Athena&#8217;n\u0131n rahibelerinin en saf\u0131. Medusa&#8217;n\u0131n g\u00fczelli\u011fi \u00f6l\u00fcml\u00fclerinkinin \u00e7ok \u00f6tesindedir. Bu y\u00fczden, Tanr\u0131 Poseidon&#8217;un<span class=\"excerpt-hellip\"> [\u2026]<\/span><\/p>\n","protected":false},"featured_media":0,"template":"","meta":{"_monsterinsights_skip_tracking":false,"_monsterinsights_sitenote_active":false,"_monsterinsights_sitenote_note":"","_monsterinsights_sitenote_category":0},"product_brand":[],"product_cat":[12718,12858],"product_tag":[],"class_list":{"0":"post-754254","1":"product","2":"type-product","3":"status-publish","5":"product_cat-din","6":"product_cat-mitolojiler","7":"pa_cilt-ciltsiz","8":"pa_tur-kitap","9":"pa_yayinevi-eksik-parca-yayinlari","10":"pa_yazar-hannah-lynn","12":"first","13":"instock","14":"sale","15":"shipping-taxable","16":"purchasable","17":"product-type-simple"},"_links":{"self":[{"href":"https:\/\/roveyayinevi.com.tr\/index.php\/wp-json\/wp\/v2\/product\/754254","targetHints":{"allow":["GET"]}}],"collection":[{"href":"https:\/\/roveyayinevi.com.tr\/index.php\/wp-json\/wp\/v2\/product"}],"about":[{"href":"https:\/\/roveyayinevi.com.tr\/index.php\/wp-json\/wp\/v2\/types\/product"}],"wp:attachment":[{"href":"https:\/\/roveyayinevi.com.tr\/index.php\/wp-json\/wp\/v2\/media?parent=754254"}],"wp:term":[{"taxonomy":"product_brand","embeddable":true,"href":"https:\/\/roveyayinevi.com.tr\/index.php\/wp-json\/wp\/v2\/product_brand?post=754254"},{"taxonomy":"product_cat","embeddable":true,"href":"https:\/\/roveyayinevi.com.tr\/index.php\/wp-json\/wp\/v2\/product_cat?post=754254"},{"taxonomy":"product_tag","embeddable":true,"href":"https:\/\/roveyayinevi.com.tr\/index.php\/wp-json\/wp\/v2\/product_tag?post=754254"}],"curies":[{"name":"wp","href":"https:\/\/api.w.org\/{rel}","templated":true}]}}