{"id":754253,"date":"2025-08-28T06:05:58","date_gmt":"2025-08-28T03:05:58","guid":{"rendered":"https:\/\/roveyayinevi.com.tr\/index.php\/urun\/adaletin-gerektirdigi-hukuk\/"},"modified":"2026-04-16T03:07:45","modified_gmt":"2026-04-16T00:07:45","slug":"adaletin-gerektirdigi-hukuk","status":"publish","type":"product","link":"https:\/\/roveyayinevi.com.tr\/index.php\/urun\/adaletin-gerektirdigi-hukuk\/","title":{"rendered":"Adaletin Gerektirdi\u011fi Hukuk"},"content":{"rendered":"<p>\u0130oanna Ku\u00e7uradi\u2019nin hukukla ilgili yaz\u0131lar\u0131ndan olu\u015fan bu kitap, etik, adalet, insan haklar\u0131, insan onuru, norm, do\u011fru de\u011ferlendirme gibi terim ve kavramlar\u0131n bilgisini sa\u011flayarak, adaletin gereklerini ger\u00e7ekle\u015ftirme pe\u015finde olan hukuk\u00e7ular\u0131n izleyebilecekleri yola \u0131\u015f\u0131k tutuyor. Hukuk akademisyenlerine, hukuk \u00f6\u011frencilerine ve hukuk normlar\u0131n\u0131 olu\u015fturan ve uygulayanlara adaletin gerektirdiklerine uygun hukuku tan\u0131man\u0131n yolunu g\u00f6stererek, \u201cy\u00fczy\u00fcze geldi\u011fimiz durumlarda adil davranman\u0131n ve insan olman\u0131n sorumlulu\u011funu ta\u015f\u0131man\u0131n\u201d nas\u0131l olabilece\u011fini ortaya koyuyor.. <\/p>\n","protected":false},"excerpt":{"rendered":"<p>\u0130oanna Ku\u00e7uradi\u2019nin hukukla ilgili yaz\u0131lar\u0131ndan olu\u015fan bu kitap, etik, adalet, insan haklar\u0131, insan onuru, norm, do\u011fru de\u011ferlendirme gibi terim ve kavramlar\u0131n bilgisini sa\u011flayarak, adaletin gereklerini ger\u00e7ekle\u015ftirme<span class=\"excerpt-hellip\"> [\u2026]<\/span><\/p>\n","protected":false},"featured_media":0,"template":"","meta":{"_monsterinsights_skip_tracking":false,"_monsterinsights_sitenote_active":false,"_monsterinsights_sitenote_note":"","_monsterinsights_sitenote_category":0},"product_brand":[],"product_cat":[12388],"product_tag":[],"class_list":{"0":"post-754253","1":"product","2":"type-product","3":"status-publish","5":"product_cat-felsefe","6":"pa_cilt-ciltsiz","7":"pa_tur-kitap","8":"pa_yayinevi-turkiye-felsefe-kurumu","9":"pa_yazar-ioanna-kucuradi","11":"first","12":"instock","13":"sale","14":"shipping-taxable","15":"purchasable","16":"product-type-simple"},"_links":{"self":[{"href":"https:\/\/roveyayinevi.com.tr\/index.php\/wp-json\/wp\/v2\/product\/754253","targetHints":{"allow":["GET"]}}],"collection":[{"href":"https:\/\/roveyayinevi.com.tr\/index.php\/wp-json\/wp\/v2\/product"}],"about":[{"href":"https:\/\/roveyayinevi.com.tr\/index.php\/wp-json\/wp\/v2\/types\/product"}],"wp:attachment":[{"href":"https:\/\/roveyayinevi.com.tr\/index.php\/wp-json\/wp\/v2\/media?parent=754253"}],"wp:term":[{"taxonomy":"product_brand","embeddable":true,"href":"https:\/\/roveyayinevi.com.tr\/index.php\/wp-json\/wp\/v2\/product_brand?post=754253"},{"taxonomy":"product_cat","embeddable":true,"href":"https:\/\/roveyayinevi.com.tr\/index.php\/wp-json\/wp\/v2\/product_cat?post=754253"},{"taxonomy":"product_tag","embeddable":true,"href":"https:\/\/roveyayinevi.com.tr\/index.php\/wp-json\/wp\/v2\/product_tag?post=754253"}],"curies":[{"name":"wp","href":"https:\/\/api.w.org\/{rel}","templated":true}]}}