{"id":754250,"date":"2025-08-28T06:05:55","date_gmt":"2025-08-28T03:05:55","guid":{"rendered":"https:\/\/roveyayinevi.com.tr\/index.php\/urun\/viyola-icin-teknik-calismalar\/"},"modified":"2026-04-16T03:07:45","modified_gmt":"2026-04-16T00:07:45","slug":"viyola-icin-teknik-calismalar","status":"publish","type":"product","link":"https:\/\/roveyayinevi.com.tr\/index.php\/urun\/viyola-icin-teknik-calismalar\/","title":{"rendered":"Viyola \u0130\u00e7in Teknik \u00c7al\u0131\u015fmalar"},"content":{"rendered":"<p>Viyola \u00e7al\u0131\u015fmaya kendi kendinize \u015fu soruyu sorarak ba\u015flaman\u0131z gerekir:                                               Nas\u0131l \u00c7al\u0131\u015fmal\u0131y\u0131m? Y\u00fczeysel bir \u00e7al\u0131\u015fma hi\u00e7bir sonu\u00e7 vermez. \u00c7almak ve \u00e7al\u0131\u015fmak birbirlerini tamamlayan unsurlard\u0131r. Do\u011fru \u00e7al\u0131\u015fmak viyolac\u0131y\u0131 iyi bir performansa ula\u015ft\u0131r\u0131rken, y\u00fczeysel \u00e7alma hi\u00e7bir kazan\u0131m sa\u011flamaz. \u201cViyola i\u00e7in Teknik \u00c7al\u0131\u015fmalar\u201d kitab\u0131, gam ve arpejlerle ba\u015flayan, seviyeye g\u00f6re kademeli olarak ilerleyen, \u00e7ift ses, pozisyon ge\u00e7i\u015fleri ve entonasyon \u00e7al\u0131\u015fmalar\u0131 gibi sol el teknik geli\u015fiminin her a\u015famas\u0131n\u0131 ele alan, g\u00fcnl\u00fck \u00e7al\u0131\u015fmalar\u0131 \u00e7e\u015fitlendiren egzersizleri i\u00e7ermektedir. Ba\u015flang\u0131\u00e7, orta ve ileri seviye olmak \u00fczere \u00fc\u00e7 b\u00f6l\u00fcmden olu\u015fmaktad\u0131r. Her b\u00f6l\u00fcm\u00fcn\u00fcn sonunda,  seviyeye uygun viyola eserleri ele al\u0131narak \u00f6nemli pasajlar \u00fczerinde teknik \u00e7al\u0131\u015fma y\u00f6ntemleri verilmi\u015ftir. Prof. R. Nuri \u0130yicil\u2019in al\u0131\u015ft\u0131rma y\u00f6ntemleri ve 26 y\u0131ll\u0131k mesleki deneyimle harmanlanarak haz\u0131rlanan bu metodun b\u00fct\u00fcn viyola \u00f6\u011frenci ve \u00f6\u011fretmenlerine yararl\u0131 olmas\u0131 dile\u011fiyle. <\/p>\n","protected":false},"excerpt":{"rendered":"<p>Viyola \u00e7al\u0131\u015fmaya kendi kendinize \u015fu soruyu sorarak ba\u015flaman\u0131z gerekir: Nas\u0131l \u00c7al\u0131\u015fmal\u0131y\u0131m? Y\u00fczeysel bir \u00e7al\u0131\u015fma hi\u00e7bir sonu\u00e7 vermez. \u00c7almak ve \u00e7al\u0131\u015fmak birbirlerini tamamlayan unsurlard\u0131r. Do\u011fru \u00e7al\u0131\u015fmak viyolac\u0131y\u0131<span class=\"excerpt-hellip\"> [\u2026]<\/span><\/p>\n","protected":false},"featured_media":0,"template":"","meta":{"_monsterinsights_skip_tracking":false,"_monsterinsights_sitenote_active":false,"_monsterinsights_sitenote_note":"","_monsterinsights_sitenote_category":0},"product_brand":[],"product_cat":[14556],"product_tag":[],"class_list":{"0":"post-754250","1":"product","2":"type-product","3":"status-publish","5":"product_cat-muzik","6":"pa_cilt-ciltsiz","7":"pa_tur-kitap","8":"pa_yayinevi-muzik-egitimi-yayinlari","9":"pa_yazar-banu-yinal","11":"first","12":"instock","13":"sale","14":"shipping-taxable","15":"purchasable","16":"product-type-simple"},"_links":{"self":[{"href":"https:\/\/roveyayinevi.com.tr\/index.php\/wp-json\/wp\/v2\/product\/754250","targetHints":{"allow":["GET"]}}],"collection":[{"href":"https:\/\/roveyayinevi.com.tr\/index.php\/wp-json\/wp\/v2\/product"}],"about":[{"href":"https:\/\/roveyayinevi.com.tr\/index.php\/wp-json\/wp\/v2\/types\/product"}],"wp:attachment":[{"href":"https:\/\/roveyayinevi.com.tr\/index.php\/wp-json\/wp\/v2\/media?parent=754250"}],"wp:term":[{"taxonomy":"product_brand","embeddable":true,"href":"https:\/\/roveyayinevi.com.tr\/index.php\/wp-json\/wp\/v2\/product_brand?post=754250"},{"taxonomy":"product_cat","embeddable":true,"href":"https:\/\/roveyayinevi.com.tr\/index.php\/wp-json\/wp\/v2\/product_cat?post=754250"},{"taxonomy":"product_tag","embeddable":true,"href":"https:\/\/roveyayinevi.com.tr\/index.php\/wp-json\/wp\/v2\/product_tag?post=754250"}],"curies":[{"name":"wp","href":"https:\/\/api.w.org\/{rel}","templated":true}]}}