{"id":754248,"date":"2025-08-28T06:05:52","date_gmt":"2025-08-28T03:05:52","guid":{"rendered":"https:\/\/roveyayinevi.com.tr\/index.php\/urun\/iki-keman-icin-istanbul\/"},"modified":"2026-04-16T03:07:45","modified_gmt":"2026-04-16T00:07:45","slug":"iki-keman-icin-istanbul","status":"publish","type":"product","link":"https:\/\/roveyayinevi.com.tr\/index.php\/urun\/iki-keman-icin-istanbul\/","title":{"rendered":"\u0130ki Keman \u0130\u00e7in &#8220;\u0130stanbul&#8221;"},"content":{"rendered":"<p>Burak Eker\u2019in iki keman i\u00e7in bestelemi\u015f oldu\u011fu \u201c\u0130stanbul\u201d isimli duoyu dinledim. Eser \u00e7ok ho\u015fuma gitti. Hem teknik bak\u0131mdan hem de m\u00fczikal bak\u0131mdan \u00e7ok be\u011fendim. Eser i\u00e7inde insan\u0131 duyguland\u0131ran pasajlar var. B\u00f6l\u00fcmler i\u00e7inde tonal mod\u00fclasyonlar yap\u0131lm\u0131\u015f. \u0130kinci keman sadece ezgiye bir e\u015flik arac\u0131 olarak kullan\u0131lmam\u0131\u015f, zaman zaman birinci kemanla birlikte g\u00fczel melodilerle ini\u015fli \u00e7\u0131k\u0131\u015fl\u0131 bir birliktelik sunuyorlar. Bu eseri yazd\u0131\u011f\u0131 i\u00e7in kendisini kutluyorum. Eserin konserde canl\u0131 \u00e7al\u0131nm\u0131\u015f halini de dinlemeyi \u00e7ok isterim. * * * I listened to the duo \u201cIstanbul\u201d composed by Burak Eker for two violins. The piece is really good, in my opinion. I liked it very much, both technically and musically. There are touching passages in the work. The second violin is not only used as an accompaniment to the melody, but from time to time, together with the first violin, they present an up and down unity with beautiful melodies. I congratulate him for composing this piece and I would love to hear it played live in concert. Prof. Saim Ak\u00e7\u0131l <\/p>\n","protected":false},"excerpt":{"rendered":"<p>Burak Eker\u2019in iki keman i\u00e7in bestelemi\u015f oldu\u011fu \u201c\u0130stanbul\u201d isimli duoyu dinledim. Eser \u00e7ok ho\u015fuma gitti. Hem teknik bak\u0131mdan hem de m\u00fczikal bak\u0131mdan \u00e7ok be\u011fendim. Eser i\u00e7inde<span class=\"excerpt-hellip\"> [\u2026]<\/span><\/p>\n","protected":false},"featured_media":0,"template":"","meta":{"_monsterinsights_skip_tracking":false,"_monsterinsights_sitenote_active":false,"_monsterinsights_sitenote_note":"","_monsterinsights_sitenote_category":0},"product_brand":[],"product_cat":[14556],"product_tag":[],"class_list":{"0":"post-754248","1":"product","2":"type-product","3":"status-publish","5":"product_cat-muzik","6":"pa_cilt-ciltsiz","7":"pa_tur-kitap","8":"pa_yayinevi-muzik-egitimi-yayinlari","9":"pa_yazar-burak-eker","11":"first","12":"instock","13":"sale","14":"shipping-taxable","15":"purchasable","16":"product-type-simple"},"_links":{"self":[{"href":"https:\/\/roveyayinevi.com.tr\/index.php\/wp-json\/wp\/v2\/product\/754248","targetHints":{"allow":["GET"]}}],"collection":[{"href":"https:\/\/roveyayinevi.com.tr\/index.php\/wp-json\/wp\/v2\/product"}],"about":[{"href":"https:\/\/roveyayinevi.com.tr\/index.php\/wp-json\/wp\/v2\/types\/product"}],"wp:attachment":[{"href":"https:\/\/roveyayinevi.com.tr\/index.php\/wp-json\/wp\/v2\/media?parent=754248"}],"wp:term":[{"taxonomy":"product_brand","embeddable":true,"href":"https:\/\/roveyayinevi.com.tr\/index.php\/wp-json\/wp\/v2\/product_brand?post=754248"},{"taxonomy":"product_cat","embeddable":true,"href":"https:\/\/roveyayinevi.com.tr\/index.php\/wp-json\/wp\/v2\/product_cat?post=754248"},{"taxonomy":"product_tag","embeddable":true,"href":"https:\/\/roveyayinevi.com.tr\/index.php\/wp-json\/wp\/v2\/product_tag?post=754248"}],"curies":[{"name":"wp","href":"https:\/\/api.w.org\/{rel}","templated":true}]}}