{"id":754247,"date":"2025-08-28T06:05:51","date_gmt":"2025-08-28T03:05:51","guid":{"rendered":"https:\/\/roveyayinevi.com.tr\/index.php\/urun\/my-home-redhouse-learning-set-3\/"},"modified":"2026-04-16T03:07:45","modified_gmt":"2026-04-16T00:07:45","slug":"my-home-redhouse-learning-set-3","status":"publish","type":"product","link":"https:\/\/roveyayinevi.com.tr\/index.php\/urun\/my-home-redhouse-learning-set-3\/","title":{"rendered":"My Home \/ Redhouse Learning Set 3"},"content":{"rendered":"<p>\u0130ngilizce \u00f6\u011frenmeye ba\u015flayan \u00e7ocuklar, \u00fc\u00e7 kitaptan olu\u015fan Redhouse Learning Setsayesinde ilk \u0130ngilizce s\u00f6zc\u00fcklerini sevimli kutup ay\u0131s\u0131 Polly e\u015fli\u011finde \u00f6\u011freniyor. Kutup ay\u0131s\u0131 Polly, \u00c7ilem Artun taraf\u0131ndan haz\u0131rlanan kitaplarda Ne\u015fe \u0130nan\u2019\u0131n resimleriyle hayat buluyor.    Serinin \u00fc\u00e7\u00fcnc\u00fc kitab\u0131 My Home(Benim Evim) seviyeyi biraz daha y\u00fckselterek, daha karma\u015f\u0131k d\u00fczeyde \u0130ngilizce c\u00fcmleleri ve s\u00f6zc\u00fckleri kolay ve e\u011flenceli bir \u015fekilde \u00f6\u011fretmeyi hedefliyor. Ayr\u0131ca her b\u00f6l\u00fcm\u00fcn sonunda yer alan e\u011flenceli al\u0131\u015ft\u0131rmalar ve resimli s\u00f6zl\u00fck sayfalar\u0131 ile \u00e7ocuklar\u0131n \u00f6\u011frendikleri peki\u015ftiriliyor. <\/p>\n","protected":false},"excerpt":{"rendered":"<p>\u0130ngilizce \u00f6\u011frenmeye ba\u015flayan \u00e7ocuklar, \u00fc\u00e7 kitaptan olu\u015fan Redhouse Learning Setsayesinde ilk \u0130ngilizce s\u00f6zc\u00fcklerini sevimli kutup ay\u0131s\u0131 Polly e\u015fli\u011finde \u00f6\u011freniyor. Kutup ay\u0131s\u0131 Polly, \u00c7ilem Artun taraf\u0131ndan haz\u0131rlanan<span class=\"excerpt-hellip\"> [\u2026]<\/span><\/p>\n","protected":false},"featured_media":0,"template":"","meta":{"_monsterinsights_skip_tracking":false,"_monsterinsights_sitenote_active":false,"_monsterinsights_sitenote_note":"","_monsterinsights_sitenote_category":0},"product_brand":[],"product_cat":[12274,15842],"product_tag":[],"class_list":{"0":"post-754247","1":"product","2":"type-product","3":"status-publish","5":"product_cat-cocuk-ve-genclik-kitaplari","6":"product_cat-egitici-kitaplar","7":"pa_cilt-ciltsiz","8":"pa_tur-kitap","9":"pa_yayinevi-redhouse-kidz-yayinlari","10":"pa_yazar-cilem-artun","12":"first","13":"instock","14":"sale","15":"shipping-taxable","16":"purchasable","17":"product-type-simple"},"_links":{"self":[{"href":"https:\/\/roveyayinevi.com.tr\/index.php\/wp-json\/wp\/v2\/product\/754247","targetHints":{"allow":["GET"]}}],"collection":[{"href":"https:\/\/roveyayinevi.com.tr\/index.php\/wp-json\/wp\/v2\/product"}],"about":[{"href":"https:\/\/roveyayinevi.com.tr\/index.php\/wp-json\/wp\/v2\/types\/product"}],"wp:attachment":[{"href":"https:\/\/roveyayinevi.com.tr\/index.php\/wp-json\/wp\/v2\/media?parent=754247"}],"wp:term":[{"taxonomy":"product_brand","embeddable":true,"href":"https:\/\/roveyayinevi.com.tr\/index.php\/wp-json\/wp\/v2\/product_brand?post=754247"},{"taxonomy":"product_cat","embeddable":true,"href":"https:\/\/roveyayinevi.com.tr\/index.php\/wp-json\/wp\/v2\/product_cat?post=754247"},{"taxonomy":"product_tag","embeddable":true,"href":"https:\/\/roveyayinevi.com.tr\/index.php\/wp-json\/wp\/v2\/product_tag?post=754247"}],"curies":[{"name":"wp","href":"https:\/\/api.w.org\/{rel}","templated":true}]}}