{"id":754246,"date":"2025-08-28T06:05:49","date_gmt":"2025-08-28T03:05:49","guid":{"rendered":"https:\/\/roveyayinevi.com.tr\/index.php\/urun\/en-buyuk-kalp-kimin\/"},"modified":"2026-04-16T03:07:45","modified_gmt":"2026-04-16T00:07:45","slug":"en-buyuk-kalp-kimin","status":"publish","type":"product","link":"https:\/\/roveyayinevi.com.tr\/index.php\/urun\/en-buyuk-kalp-kimin\/","title":{"rendered":"En B\u00fcy\u00fck Kalp Kimin?"},"content":{"rendered":"<p>Bir g\u00fcn \u015fahane bir fikir gelmi\u015f Bilge Bayku\u015f\u2019un akl\u0131na. G\u00f6zlerinde kalpler belirmi\u015f \u00e2deta: \u201cMasallamalar Orman\u0131\u2019nda en b\u00fcy\u00fck kalp kimindir? Var m\u0131s\u0131n\u0131z bir yar\u0131\u015fma yapmaya?\u201d Dilara K\u00dcKRER, masallar\u0131n iyile\u015ftirici ve birle\u015ftirici g\u00fcc\u00fcn\u00fc kullanarak sihirli bir d\u00fcnyaya davet ediyor \u00e7ocuklar\u0131. Masallamalar Orman\u0131\u2019nda en b\u00fcy\u00fck kalp kimin sizce? Kocaman g\u00f6vdesiyle Ay\u0131c\u0131k Balseven\u2019inki mi? Orman\u0131n en uzun boylusu Z\u00fcrafa Zozi\u2019nin kalbi mi?   B\u00fcy\u00fck bir kalp i\u00e7in b\u00fcy\u00fck bir beden mi gerekli?<\/p>\n","protected":false},"excerpt":{"rendered":"<p>Bir g\u00fcn \u015fahane bir fikir gelmi\u015f Bilge Bayku\u015f\u2019un akl\u0131na. G\u00f6zlerinde kalpler belirmi\u015f \u00e2deta: \u201cMasallamalar Orman\u0131\u2019nda en b\u00fcy\u00fck kalp kimindir? Var m\u0131s\u0131n\u0131z bir yar\u0131\u015fma yapmaya?\u201d Dilara K\u00dcKRER,<span class=\"excerpt-hellip\"> [\u2026]<\/span><\/p>\n","protected":false},"featured_media":0,"template":"","meta":{"_monsterinsights_skip_tracking":false,"_monsterinsights_sitenote_active":false,"_monsterinsights_sitenote_note":"","_monsterinsights_sitenote_category":0},"product_brand":[],"product_cat":[12274,12284],"product_tag":[],"class_list":{"0":"post-754246","1":"product","2":"type-product","3":"status-publish","5":"product_cat-cocuk-ve-genclik-kitaplari","6":"product_cat-hikayeler","7":"pa_cilt-ciltsiz","8":"pa_tur-kitap","9":"pa_yayinevi-luna-cocuk-yayinlari","10":"pa_yazar-dilara-kukrer","12":"first","13":"instock","14":"sale","15":"shipping-taxable","16":"purchasable","17":"product-type-simple"},"_links":{"self":[{"href":"https:\/\/roveyayinevi.com.tr\/index.php\/wp-json\/wp\/v2\/product\/754246","targetHints":{"allow":["GET"]}}],"collection":[{"href":"https:\/\/roveyayinevi.com.tr\/index.php\/wp-json\/wp\/v2\/product"}],"about":[{"href":"https:\/\/roveyayinevi.com.tr\/index.php\/wp-json\/wp\/v2\/types\/product"}],"wp:attachment":[{"href":"https:\/\/roveyayinevi.com.tr\/index.php\/wp-json\/wp\/v2\/media?parent=754246"}],"wp:term":[{"taxonomy":"product_brand","embeddable":true,"href":"https:\/\/roveyayinevi.com.tr\/index.php\/wp-json\/wp\/v2\/product_brand?post=754246"},{"taxonomy":"product_cat","embeddable":true,"href":"https:\/\/roveyayinevi.com.tr\/index.php\/wp-json\/wp\/v2\/product_cat?post=754246"},{"taxonomy":"product_tag","embeddable":true,"href":"https:\/\/roveyayinevi.com.tr\/index.php\/wp-json\/wp\/v2\/product_tag?post=754246"}],"curies":[{"name":"wp","href":"https:\/\/api.w.org\/{rel}","templated":true}]}}