{"id":754244,"date":"2025-08-28T06:05:45","date_gmt":"2025-08-28T03:05:45","guid":{"rendered":"https:\/\/roveyayinevi.com.tr\/index.php\/urun\/covid-xix\/"},"modified":"2026-04-16T03:07:45","modified_gmt":"2026-04-16T00:07:45","slug":"covid-xix","status":"publish","type":"product","link":"https:\/\/roveyayinevi.com.tr\/index.php\/urun\/covid-xix\/","title":{"rendered":"Covid-XIX"},"content":{"rendered":"<p>Bu gezegende var olman\u0131n sarho\u015flu\u011fu o kadar i\u00e7imize i\u015flemi\u015f ki ya\u015farken kenara itti\u011fimiz baz\u0131 \u015feyleri yapam\u0131yor ya da d\u00fc\u015f\u00fcnemiyoruz. Hayat bize kendi \u00f6\u011fretmek istedi\u011fi birtak\u0131m \u015fartlar\u0131 tahmin etmedi\u011fimiz zamanlarda kar\u015f\u0131m\u0131za \u00e7\u0131kar\u0131yor. Bug\u00fcnlerde yeni bir vir\u00fcsten bahsediliyor. Asl\u0131nda daha \u00f6nceden de tan\u0131d\u0131\u011f\u0131m\u0131z u\u00e7uk yapan Herpes ve grip yapan \u0130nfluenza vb. vir\u00fcsleri var. Ama Covid gibi baz\u0131 vir\u00fcslerin etki alan\u0131 geni\u015f ve yay\u0131lma h\u0131z\u0131 y\u00fcksek oldu\u011fundan v\u00fccutta farkl\u0131 b\u00f6lgeleri hastaland\u0131rabiliyor. Bu etkileri \u00f6nlemek ya da azaltmak i\u00e7in bireylerin ve toplumun daha ileri g\u00fc\u00e7 unsurlar\u0131na sahip olmas\u0131 gerekiyor. B\u00fct\u00fcn d\u00fcnya hijyen, sosyal mesafe, ila\u00e7lar, a\u015f\u0131 ve sa\u011fl\u0131kl\u0131 beslenme ile kendini toparlamaya \u00e7al\u0131\u015f\u0131rken bir sa\u011fl\u0131k \u00e7al\u0131\u015fan\u0131 olarak bu d\u00f6nemde ya\u015fad\u0131klar\u0131m\u0131 kaleme ald\u0131m. D\u00fcnyada yang\u0131n, sel, deprem, kas\u0131rga vb. do\u011fal afetler gibi vir\u00fcsler de hayat\u0131m\u0131zda var olmaya devam edecek. \u0130\u00e7inde bulundu\u011fumuz \u015fartlar\u0131n d\u0131\u015f\u0131nda olam\u0131yoruz. Bu nedenle do\u011fal afetlerden ve vir\u00fcslerden korunmak i\u00e7in toplumsal haf\u0131za olu\u015fturup ekosistemin devaml\u0131l\u0131\u011f\u0131na da katk\u0131da bulunabiliriz.<\/p>\n","protected":false},"excerpt":{"rendered":"<p>Bu gezegende var olman\u0131n sarho\u015flu\u011fu o kadar i\u00e7imize i\u015flemi\u015f ki ya\u015farken kenara itti\u011fimiz baz\u0131 \u015feyleri yapam\u0131yor ya da d\u00fc\u015f\u00fcnemiyoruz. Hayat bize kendi \u00f6\u011fretmek istedi\u011fi birtak\u0131m \u015fartlar\u0131<span class=\"excerpt-hellip\"> [\u2026]<\/span><\/p>\n","protected":false},"featured_media":0,"template":"","meta":{"_monsterinsights_skip_tracking":false,"_monsterinsights_sitenote_active":false,"_monsterinsights_sitenote_note":"","_monsterinsights_sitenote_category":0},"product_brand":[],"product_cat":[13701,12291],"product_tag":[],"class_list":{"0":"post-754244","1":"product","2":"type-product","3":"status-publish","5":"product_cat-ani-mektup-gunluk","6":"product_cat-edebiyat","7":"pa_cilt-ciltsiz","8":"pa_tur-kitap","9":"pa_yayinevi-luna-yayinlari","10":"pa_yazar-nermin-akkaya","12":"first","13":"instock","14":"sale","15":"shipping-taxable","16":"purchasable","17":"product-type-simple"},"_links":{"self":[{"href":"https:\/\/roveyayinevi.com.tr\/index.php\/wp-json\/wp\/v2\/product\/754244","targetHints":{"allow":["GET"]}}],"collection":[{"href":"https:\/\/roveyayinevi.com.tr\/index.php\/wp-json\/wp\/v2\/product"}],"about":[{"href":"https:\/\/roveyayinevi.com.tr\/index.php\/wp-json\/wp\/v2\/types\/product"}],"wp:attachment":[{"href":"https:\/\/roveyayinevi.com.tr\/index.php\/wp-json\/wp\/v2\/media?parent=754244"}],"wp:term":[{"taxonomy":"product_brand","embeddable":true,"href":"https:\/\/roveyayinevi.com.tr\/index.php\/wp-json\/wp\/v2\/product_brand?post=754244"},{"taxonomy":"product_cat","embeddable":true,"href":"https:\/\/roveyayinevi.com.tr\/index.php\/wp-json\/wp\/v2\/product_cat?post=754244"},{"taxonomy":"product_tag","embeddable":true,"href":"https:\/\/roveyayinevi.com.tr\/index.php\/wp-json\/wp\/v2\/product_tag?post=754244"}],"curies":[{"name":"wp","href":"https:\/\/api.w.org\/{rel}","templated":true}]}}