{"id":754242,"date":"2025-08-28T06:05:42","date_gmt":"2025-08-28T03:05:42","guid":{"rendered":"https:\/\/roveyayinevi.com.tr\/index.php\/urun\/cumhuriyetin-uc-fedaisi\/"},"modified":"2026-04-16T03:07:45","modified_gmt":"2026-04-16T00:07:45","slug":"cumhuriyetin-uc-fedaisi","status":"publish","type":"product","link":"https:\/\/roveyayinevi.com.tr\/index.php\/urun\/cumhuriyetin-uc-fedaisi\/","title":{"rendered":"Cumhuriyet\u2019in \u00dc\u00e7 Fedaisi"},"content":{"rendered":"<p>\u00d6zdemir \u0130nce\u2019nin yak\u0131n d\u00f6nemimize tan\u0131kl\u0131\u011f\u0131 i\u00e7eren Cumhuriyet\u2019in \u00dc\u00e7 Fedaisi kitab\u0131; Cumhuriyet\u2019in kurulu\u015f, ulus-devlet\u2019in in\u015fa s\u00fcrecinin olu\u015fumu \u00f6yk\u00fcs\u00fcn\u00fc i\u00e7erir. Kitab\u0131na konu edindi\u011fi tarihi ki\u015filikler, Cumhuriyet devriminin kurtulu\u015ftan kurulu\u015fa ge\u00e7en a\u015famalar\u0131n\u0131 bize anlatt\u0131\u011f\u0131 gibi, tarihsel\/toplumsal ve d\u00fc\u015f\u00fcnsel dersleri de i\u00e7eriyor. Cumhuriyet\u2019in \u00dc\u00e7 Fedaisi, bir bak\u0131ma y\u00fczle\u015fme ve toplumsal haf\u0131za kitab\u0131d\u0131r. Bir ulusun yeniden do\u011fu\u015f tarihini, ser\u00fcvenini unutanlara sunulan \u201chaf\u0131za belgesi\u201ddir ayn\u0131 zamanda. \u201cBu kitap bir \u2018A\u011f\u0131t\u2019t\u0131r! \u00dc\u00e7 Fedai\u2019nin (Mahmut Esat Bozkurt, \u015e\u00fckr\u00fc Saraco\u011flu, Dr. Re\u015fit Galip) an\u0131s\u0131na dikti\u011fim m\u00fctevaz\u0131 bir \u2018Utan\u00e7 An\u0131t\u0131\u2019d\u0131r! Belki de yazarl\u0131k hayat\u0131m boyunca yapt\u0131\u011f\u0131m en \u00f6nemli ve en nafile i\u015f. Bu kitaba konu olan Mahmut Esat Bozkurt, \u015e\u00fckr\u00fc Saraco\u011flu ve Dr. Re\u015fit Galip g\u00f6rd\u00fckleri \u00f6\u011frenim d\u00fczeyi, genel k\u00fclt\u00fcrleri, gen\u00e7 ya\u015fta ya\u015fad\u0131klar\u0131 hayat deneyimleri dolay\u0131s\u0131yla d\u00fcnyan\u0131n en \u00fcst d\u00fczeydeki entellekt\u00fcelleri aras\u0131nda yer al\u0131r ve uygulamadaki ba\u015far\u0131lar\u0131yla hepsinin \u00f6n\u00fcnde ve \u00fczerinde konumlan\u0131rlar. Neredeyse hi\u00e7bir \u00fclkede bir benzerleri yoktur. Varl\u0131klar\u0131 ve yapt\u0131klar\u0131 i\u015fler mucize d\u00fczeyindedir. Modern T\u00fcrkiye\u2019nin kurulu\u015funun hem mimarlar\u0131 hem de amelesidirler.\u201d \u00d6zdemir \u0130nce<\/p>\n","protected":false},"excerpt":{"rendered":"<p>\u00d6zdemir \u0130nce\u2019nin yak\u0131n d\u00f6nemimize tan\u0131kl\u0131\u011f\u0131 i\u00e7eren Cumhuriyet\u2019in \u00dc\u00e7 Fedaisi kitab\u0131; Cumhuriyet\u2019in kurulu\u015f, ulus-devlet\u2019in in\u015fa s\u00fcrecinin olu\u015fumu \u00f6yk\u00fcs\u00fcn\u00fc i\u00e7erir. Kitab\u0131na konu edindi\u011fi tarihi ki\u015filikler, Cumhuriyet devriminin kurtulu\u015ftan<span class=\"excerpt-hellip\"> [\u2026]<\/span><\/p>\n","protected":false},"featured_media":0,"template":"","meta":{"_monsterinsights_skip_tracking":false,"_monsterinsights_sitenote_active":false,"_monsterinsights_sitenote_note":"","_monsterinsights_sitenote_category":0},"product_brand":[],"product_cat":[12777,12291],"product_tag":[],"class_list":{"0":"post-754242","1":"product","2":"type-product","3":"status-publish","5":"product_cat-deneme","6":"product_cat-edebiyat","7":"pa_cilt-ciltsiz","8":"pa_tur-kitap","9":"pa_yayinevi-eksik-parca-yayinlari","10":"pa_yazar-ozdemir-ince","12":"first","13":"instock","14":"sale","15":"shipping-taxable","16":"purchasable","17":"product-type-simple"},"_links":{"self":[{"href":"https:\/\/roveyayinevi.com.tr\/index.php\/wp-json\/wp\/v2\/product\/754242","targetHints":{"allow":["GET"]}}],"collection":[{"href":"https:\/\/roveyayinevi.com.tr\/index.php\/wp-json\/wp\/v2\/product"}],"about":[{"href":"https:\/\/roveyayinevi.com.tr\/index.php\/wp-json\/wp\/v2\/types\/product"}],"wp:attachment":[{"href":"https:\/\/roveyayinevi.com.tr\/index.php\/wp-json\/wp\/v2\/media?parent=754242"}],"wp:term":[{"taxonomy":"product_brand","embeddable":true,"href":"https:\/\/roveyayinevi.com.tr\/index.php\/wp-json\/wp\/v2\/product_brand?post=754242"},{"taxonomy":"product_cat","embeddable":true,"href":"https:\/\/roveyayinevi.com.tr\/index.php\/wp-json\/wp\/v2\/product_cat?post=754242"},{"taxonomy":"product_tag","embeddable":true,"href":"https:\/\/roveyayinevi.com.tr\/index.php\/wp-json\/wp\/v2\/product_tag?post=754242"}],"curies":[{"name":"wp","href":"https:\/\/api.w.org\/{rel}","templated":true}]}}