{"id":754241,"date":"2025-08-28T06:05:40","date_gmt":"2025-08-28T03:05:40","guid":{"rendered":"https:\/\/roveyayinevi.com.tr\/index.php\/urun\/kayip-gezegen\/"},"modified":"2026-04-16T03:07:45","modified_gmt":"2026-04-16T00:07:45","slug":"kayip-gezegen","status":"publish","type":"product","link":"https:\/\/roveyayinevi.com.tr\/index.php\/urun\/kayip-gezegen\/","title":{"rendered":"Kay\u0131p Gezegen"},"content":{"rendered":"<p>\u201cKendi de\u011fi\u015fimini yaratabilecek g\u00fcce sahip olana kadar var olan de\u011fi\u015fime uyum sa\u011flamak gerekir. Yoksa o de\u011fi\u015fim bizi yutar ve i\u00e7inde kayboluruz. Onlar da bu nedenle beklediler. Ancak de\u011fi\u015fim kuvvetlendi ve atalar\u0131m farkl\u0131 bir de\u011fi\u015fim yaratabilecek g\u00fcc\u00fc kendilerinde bulamad\u0131. \u0130nsano\u011flu aradan ge\u00e7en binlerce D\u00fcnya senesinin sonunda daha da bozuldu. Medeniyetlerini ilerlettikleri sanr\u0131s\u0131na kap\u0131ld\u0131lar, ancak yan\u0131l\u0131yorlard\u0131. \u0130nsanlar karamsar olmay\u0131 ger\u00e7ek\u00e7i olmak san\u0131yorlar. Her konuda karamsar oldular. Sadece maddi materyaller arzulad\u0131lar ve hayal kurmay\u0131 b\u0131rakt\u0131lar. \u0130nsan hayal kurmay\u0131 b\u0131rak\u0131rsa ruhunu hasta eder. Onlar fark\u0131nda olmadan ruhlar\u0131n\u0131 hasta ettiler ve bu hastal\u0131\u011f\u0131 birbirlerine bula\u015ft\u0131r\u0131p \u00e7ocuklar\u0131na da aktard\u0131lar. \u0130\u015fte tehlike tam da burada ba\u015fl\u0131yor. Asekat\u2019\u0131n yayd\u0131\u011f\u0131 Korok hastal\u0131\u011f\u0131, insanl\u0131\u011f\u0131n geldi\u011fi durumda normalden \u00e7ok daha h\u0131zl\u0131 yay\u0131l\u0131p bir felakete sebep olabilir. Bizler ba\u011f\u0131\u015f\u0131kl\u0131\u011fa sahip oldu\u011fumuz h\u00e2lde \u00e7ok k\u0131sa bir s\u00fcre direnebildik ve \u015fu an \u00e7ok az\u0131m\u0131z sa\u011flam durumda kald\u0131. \u0130nsanl\u0131k \u00e7ok daha feci bir durumla kar\u015f\u0131la\u015fmak \u00fczere maalesef.\u201d   Asekat\u2019\u0131n yaratt\u0131\u011f\u0131 Korok salg\u0131n\u0131 ve salg\u0131n\u0131n etkiledi\u011fi dokuz farkl\u0131 \u0131rk\u2026 D\u00fcnya\u2019y\u0131 salg\u0131ndan korumak i\u00e7in Kay\u0131p Gezegen\u2019e getirilen \u00e7ocuk, g\u00f6revini ba\u015farabilecek mi? Zaman\u0131n ba\u015f\u0131ndan beri ya\u015fayan Rolla ve Yahaller\u2026 Karanl\u0131k Orman, Kum Sahili, Mekanik Kale\u2026 \u00dc\u00e7 G\u00fcne\u015f batt\u0131\u011f\u0131nda ve \u00fc\u00e7 Ay do\u011fdu\u011funda Kay\u0131p Gezegen\u2019de acaba neler ya\u015fanacak?<\/p>\n","protected":false},"excerpt":{"rendered":"<p>\u201cKendi de\u011fi\u015fimini yaratabilecek g\u00fcce sahip olana kadar var olan de\u011fi\u015fime uyum sa\u011flamak gerekir. Yoksa o de\u011fi\u015fim bizi yutar ve i\u00e7inde kayboluruz. Onlar da bu nedenle beklediler.<span class=\"excerpt-hellip\"> [\u2026]<\/span><\/p>\n","protected":false},"featured_media":0,"template":"","meta":{"_monsterinsights_skip_tracking":false,"_monsterinsights_sitenote_active":false,"_monsterinsights_sitenote_note":"","_monsterinsights_sitenote_category":0},"product_brand":[],"product_cat":[12291,12711],"product_tag":[],"class_list":{"0":"post-754241","1":"product","2":"type-product","3":"status-publish","5":"product_cat-edebiyat","6":"product_cat-roman-oyku","7":"pa_cilt-ciltsiz","8":"pa_tur-kitap","9":"pa_yayinevi-luna-yayinlari","10":"pa_yazar-baris-ince","12":"first","13":"instock","14":"sale","15":"shipping-taxable","16":"purchasable","17":"product-type-simple"},"_links":{"self":[{"href":"https:\/\/roveyayinevi.com.tr\/index.php\/wp-json\/wp\/v2\/product\/754241","targetHints":{"allow":["GET"]}}],"collection":[{"href":"https:\/\/roveyayinevi.com.tr\/index.php\/wp-json\/wp\/v2\/product"}],"about":[{"href":"https:\/\/roveyayinevi.com.tr\/index.php\/wp-json\/wp\/v2\/types\/product"}],"wp:attachment":[{"href":"https:\/\/roveyayinevi.com.tr\/index.php\/wp-json\/wp\/v2\/media?parent=754241"}],"wp:term":[{"taxonomy":"product_brand","embeddable":true,"href":"https:\/\/roveyayinevi.com.tr\/index.php\/wp-json\/wp\/v2\/product_brand?post=754241"},{"taxonomy":"product_cat","embeddable":true,"href":"https:\/\/roveyayinevi.com.tr\/index.php\/wp-json\/wp\/v2\/product_cat?post=754241"},{"taxonomy":"product_tag","embeddable":true,"href":"https:\/\/roveyayinevi.com.tr\/index.php\/wp-json\/wp\/v2\/product_tag?post=754241"}],"curies":[{"name":"wp","href":"https:\/\/api.w.org\/{rel}","templated":true}]}}