{"id":754240,"date":"2025-08-28T06:05:38","date_gmt":"2025-08-28T03:05:38","guid":{"rendered":"https:\/\/roveyayinevi.com.tr\/index.php\/urun\/meyus\/"},"modified":"2026-04-16T03:07:45","modified_gmt":"2026-04-16T00:07:45","slug":"meyus","status":"publish","type":"product","link":"https:\/\/roveyayinevi.com.tr\/index.php\/urun\/meyus\/","title":{"rendered":"Meyus"},"content":{"rendered":"<p>Hepimizin iyi veya k\u00f6t\u00fc g\u00f6rd\u00fc\u011f\u00fc bak\u0131\u015f a\u00e7\u0131lar\u0131 vard\u0131r. Ya da \u015f\u00f6yle s\u00f6yleyeyim: Olan\u0131, oldu\u011fu gibi g\u00f6ren bir bak\u0131\u015f a\u00e7\u0131m\u0131z\u2026 Peki siz, bu bak\u0131\u015f a\u00e7\u0131s\u0131n\u0131 de\u011fi\u015ftirmeyi hi\u00e7 d\u00fc\u015f\u00fcnd\u00fcn\u00fcz m\u00fc? Farkl\u0131 olabilmeyi, fark\u0131ndal\u0131kl\u0131 olabilmeyi? Her g\u00fcne farkl\u0131 uyanmay\u0131, olan\u0131 oldu\u011fu gibi de\u011fil de oldu\u011fundan daha da \u00f6tesini g\u00f6rebilmeyi, her g\u00fcn farkl\u0131 pencerelerden bakmay\u0131, k\u00f6t\u00fcy\u00fc de\u011fil de iyiyi&#8230; Neden olumsuz bir olay sonucu mutsuz hissetmek yerine daha da mutlu olmay\u0131 tercih etmiyoruz? Neden karamsarl\u0131k bulutlar\u0131 \u00fcst\u00fcm\u00fcze \u00e7\u00f6kerken kabulleniyoruz? Oysa, belki de her \u015fey senin i\u00e7in olmas\u0131 gerekti\u011fi gibi sonu\u00e7lan\u0131yordur. Belki de evren sana mutlulu\u011fu sunuyordur. Tercihler yap\u0131yoruz. Yapt\u0131\u011f\u0131m\u0131z tercihler sonucu ise o yolda ilerliyoruz. Kar\u015f\u0131m\u0131za \u00e7\u0131kan engeller, ne kadar zorlu bir yolda oldu\u011fumuzu s\u00f6yl\u00fcyor, ayn\u0131 zamanda vazge\u00e7meden ilerlememizi&#8230; Yoruldu\u011funu biliyorum, k\u00f6t\u00fc hissetti\u011fini\u2026 \u0130\u00e7indeki mutsuzlu\u011fu ama her \u015feye ra\u011fmen hi\u00e7 y\u0131lmayan dik duru\u015funu&#8230; G\u00f6zya\u015flar\u0131n\u0131 biliyorum, g\u00f6zya\u015flar\u0131na ra\u011fmen g\u00fcl\u00fcmseyen \u0131\u015f\u0131lt\u0131l\u0131 g\u00f6zlerini&#8230; Hayat bazen m\u00fckemmel olmayabiliyor, zaten m\u00fckemmel bir hayat d\u00fc\u015f\u00fcnemezdik. Her \u015feyin tozpembe oldu\u011fu bir hayat, s\u0131k\u0131c\u0131 ve ama\u00e7s\u0131z bir hayat olurdu bence. Seni sen yapanlarla ilerle yoluna, seni sen yapan g\u00f6zya\u015flar\u0131nla\u2026 Seni sen yapan \u0131\u015f\u0131lt\u0131l\u0131 g\u00f6zlerinle\u2026 Seni sen yapan kahkahalar\u0131nla&#8230; Unutma, hi\u00e7bir umut, sen umutluyken gelmez. Aksine, umutsuzlu\u011fa d\u00fc\u015ft\u00fc\u011f\u00fcn\u00fc hissetti\u011fin vakit seni kucaklar&#8230;   Ho\u015f\u00e7a kal Meyus&#8217;un umudu&#8230;<\/p>\n","protected":false},"excerpt":{"rendered":"<p>Hepimizin iyi veya k\u00f6t\u00fc g\u00f6rd\u00fc\u011f\u00fc bak\u0131\u015f a\u00e7\u0131lar\u0131 vard\u0131r. Ya da \u015f\u00f6yle s\u00f6yleyeyim: Olan\u0131, oldu\u011fu gibi g\u00f6ren bir bak\u0131\u015f a\u00e7\u0131m\u0131z\u2026 Peki siz, bu bak\u0131\u015f a\u00e7\u0131s\u0131n\u0131 de\u011fi\u015ftirmeyi hi\u00e7<span class=\"excerpt-hellip\"> [\u2026]<\/span><\/p>\n","protected":false},"featured_media":0,"template":"","meta":{"_monsterinsights_skip_tracking":false,"_monsterinsights_sitenote_active":false,"_monsterinsights_sitenote_note":"","_monsterinsights_sitenote_category":0},"product_brand":[],"product_cat":[12291,12509],"product_tag":[],"class_list":{"0":"post-754240","1":"product","2":"type-product","3":"status-publish","5":"product_cat-edebiyat","6":"product_cat-siir","7":"pa_cilt-ciltsiz","8":"pa_tur-kitap","9":"pa_yayinevi-luna-yayinlari","10":"pa_yazar-zisan-turkcephe","12":"first","13":"instock","14":"sale","15":"shipping-taxable","16":"purchasable","17":"product-type-simple"},"_links":{"self":[{"href":"https:\/\/roveyayinevi.com.tr\/index.php\/wp-json\/wp\/v2\/product\/754240","targetHints":{"allow":["GET"]}}],"collection":[{"href":"https:\/\/roveyayinevi.com.tr\/index.php\/wp-json\/wp\/v2\/product"}],"about":[{"href":"https:\/\/roveyayinevi.com.tr\/index.php\/wp-json\/wp\/v2\/types\/product"}],"wp:attachment":[{"href":"https:\/\/roveyayinevi.com.tr\/index.php\/wp-json\/wp\/v2\/media?parent=754240"}],"wp:term":[{"taxonomy":"product_brand","embeddable":true,"href":"https:\/\/roveyayinevi.com.tr\/index.php\/wp-json\/wp\/v2\/product_brand?post=754240"},{"taxonomy":"product_cat","embeddable":true,"href":"https:\/\/roveyayinevi.com.tr\/index.php\/wp-json\/wp\/v2\/product_cat?post=754240"},{"taxonomy":"product_tag","embeddable":true,"href":"https:\/\/roveyayinevi.com.tr\/index.php\/wp-json\/wp\/v2\/product_tag?post=754240"}],"curies":[{"name":"wp","href":"https:\/\/api.w.org\/{rel}","templated":true}]}}