{"id":754239,"date":"2025-08-28T06:05:36","date_gmt":"2025-08-28T03:05:36","guid":{"rendered":"https:\/\/roveyayinevi.com.tr\/index.php\/urun\/asiye-4-son-gulen-iyi-guler-fleksi\/"},"modified":"2026-04-16T03:07:44","modified_gmt":"2026-04-16T00:07:44","slug":"asiye-4-son-gulen-iyi-guler-fleksi","status":"publish","type":"product","link":"https:\/\/roveyayinevi.com.tr\/index.php\/urun\/asiye-4-son-gulen-iyi-guler-fleksi\/","title":{"rendered":"Asiye 4 &#8211; Son G\u00fclen \u0130yi G\u00fcler! (Fleksi)"},"content":{"rendered":"<p>Okula yeni bir m\u00fcd\u00fcr gelir. Art\u0131k her \u015feyin \u00e7ok e\u011flenceli olaca\u011f\u0131n\u0131 vaat eder. Asiye\u2019nin y\u0131llard\u0131r arad\u0131\u011f\u0131 f\u0131rsat aya\u011f\u0131na gelmi\u015ftir ancak i\u015fler hi\u00e7 de umdu\u011fu gibi gitmez. Gelen gideni arat\u0131r. \u00dcstelik bir de yeni bir k\u0131z kat\u0131l\u0131r aralar\u0131na. S\u00fcper \u00e7ocuk havalar\u0131ndaki bu k\u0131z, Asiye\u2019nin okul hayat\u0131n\u0131 daha da s\u0131k\u0131c\u0131la\u015ft\u0131r\u0131r. Eee Asiye bu, durur mu? Hafta sonu yap\u0131lacak kampa kat\u0131lmamak i\u00e7in arkada\u015flar\u0131yla birlikte okuldan ka\u00e7maya \u00e7al\u0131\u015f\u0131rlar. Ancak yakalan\u0131p ceza al\u0131rlar. Ve sonra Asiye\u2019nin bile tahmin edemeyece\u011fi olaylar ya\u015fan\u0131r\u2026   Asiye serisinin heyecan, co\u015fku, e\u011flence, bol yaramazl\u0131k dolu ser\u00fcvenleri, serinin uzun s\u00fcredir beklenen d\u00f6rd\u00fcnc\u00fc kitab\u0131nda da tam gaz devam ediyor. <\/p>\n","protected":false},"excerpt":{"rendered":"<p>Okula yeni bir m\u00fcd\u00fcr gelir. Art\u0131k her \u015feyin \u00e7ok e\u011flenceli olaca\u011f\u0131n\u0131 vaat eder. Asiye\u2019nin y\u0131llard\u0131r arad\u0131\u011f\u0131 f\u0131rsat aya\u011f\u0131na gelmi\u015ftir ancak i\u015fler hi\u00e7 de umdu\u011fu gibi gitmez.<span class=\"excerpt-hellip\"> [\u2026]<\/span><\/p>\n","protected":false},"featured_media":0,"template":"","meta":{"_monsterinsights_skip_tracking":false,"_monsterinsights_sitenote_active":false,"_monsterinsights_sitenote_note":"","_monsterinsights_sitenote_category":0},"product_brand":[],"product_cat":[12274,12284],"product_tag":[],"class_list":{"0":"post-754239","1":"product","2":"type-product","3":"status-publish","5":"product_cat-cocuk-ve-genclik-kitaplari","6":"product_cat-hikayeler","7":"pa_cilt-ciltsiz","8":"pa_tur-kitap","9":"pa_yayinevi-taze-kitap","10":"pa_yazar-halenur-calisan","12":"first","13":"instock","14":"sale","15":"shipping-taxable","16":"purchasable","17":"product-type-simple"},"_links":{"self":[{"href":"https:\/\/roveyayinevi.com.tr\/index.php\/wp-json\/wp\/v2\/product\/754239","targetHints":{"allow":["GET"]}}],"collection":[{"href":"https:\/\/roveyayinevi.com.tr\/index.php\/wp-json\/wp\/v2\/product"}],"about":[{"href":"https:\/\/roveyayinevi.com.tr\/index.php\/wp-json\/wp\/v2\/types\/product"}],"wp:attachment":[{"href":"https:\/\/roveyayinevi.com.tr\/index.php\/wp-json\/wp\/v2\/media?parent=754239"}],"wp:term":[{"taxonomy":"product_brand","embeddable":true,"href":"https:\/\/roveyayinevi.com.tr\/index.php\/wp-json\/wp\/v2\/product_brand?post=754239"},{"taxonomy":"product_cat","embeddable":true,"href":"https:\/\/roveyayinevi.com.tr\/index.php\/wp-json\/wp\/v2\/product_cat?post=754239"},{"taxonomy":"product_tag","embeddable":true,"href":"https:\/\/roveyayinevi.com.tr\/index.php\/wp-json\/wp\/v2\/product_tag?post=754239"}],"curies":[{"name":"wp","href":"https:\/\/api.w.org\/{rel}","templated":true}]}}