{"id":754238,"date":"2025-08-28T06:05:35","date_gmt":"2025-08-28T03:05:35","guid":{"rendered":"https:\/\/roveyayinevi.com.tr\/index.php\/urun\/anne-ben-dustum-mu\/"},"modified":"2026-04-16T03:07:44","modified_gmt":"2026-04-16T00:07:44","slug":"anne-ben-dustum-mu","status":"publish","type":"product","link":"https:\/\/roveyayinevi.com.tr\/index.php\/urun\/anne-ben-dustum-mu\/","title":{"rendered":"Anne Ben D\u00fc\u015ft\u00fcm m\u00fc?"},"content":{"rendered":"<p>\u201cHayat \u00e7o\u011fu zaman \u2018Neden?\u2019 sorumuza sa\u011f\u0131r, olup biteni bir mant\u0131\u011fa oturtma \u00e7abam\u0131za kay\u0131ts\u0131zd\u0131r. Nedenleri g\u00f6rememenin yol a\u00e7t\u0131\u011f\u0131 keyfilik izlenimi, zihnimizi i\u015flevsiz b\u0131rak\u0131p bizi gafil avlar, g\u00fcvenimizi sarsar, kayg\u0131lar\u0131m\u0131z\u0131 art\u0131r\u0131r. Oysa kurmaca, tekil bir yazar\u0131n zihinsel tasar\u0131m\u0131 oldu\u011fundan bizi d\u00fczenli, kavranabilir, rasyonel bir evrenle bulu\u015fturur. Bir roman\u0131n, bir filmin kar\u015f\u0131s\u0131nda, hayat\u0131n \u0131skartaya \u00e7\u0131kard\u0131\u011f\u0131 anlama h\u00fcnerimize kavu\u015furuz. Kurmacan\u0131n derli toplu zihni, bizimkine model olur. \u00d6yleyse belki de kurmacalara y\u00f6nelirken niyetim kafam\u0131 da\u011f\u0131tmak de\u011fildir de, g\u00fcndelik hayat\u0131n darmada\u011f\u0131n etti\u011fi zihnimi toplamakt\u0131r. Neden-sonu\u00e7 miyopisinden kaynaklanan yar\u0131n endi\u015fesinin pansuman\u0131d\u0131r kurmacalar. Anlam veremedi\u011fim g\u00fcndeli\u011fin zihnimde a\u00e7t\u0131\u011f\u0131 yaralar, kurmaca kar\u015f\u0131s\u0131nda tatl\u0131 tatl\u0131 ka\u015f\u0131narak iyile\u015fir. Ertesi sabah yataktan kalk\u0131p ayn\u0131 ke\u015fmeke\u015fin i\u00e7ine girebilecek g\u00fcc\u00fc bulabiliyorsam, uzun g\u00fcn\u00fcn sonunda beni \u015fefkatle bekledi\u011fini bildi\u011fim kurmacalar sayesindedir.\u201d   Ger\u00e7ek olmad\u0131klar\u0131n\u0131, \u00fcstelik er ya da ge\u00e7 hik\u00e2yelerini unutaca\u011f\u0131m\u0131z\u0131 bildi\u011fimiz halde filmlerden, romanlardan neden vazge\u00e7emiyoruz? Kar\u015f\u0131lad\u0131klar\u0131 ihtiya\u00e7 tan\u0131mlanabilir mi? Kurmacalara neden muhtac\u0131z?   Beliz G\u00fc\u00e7bilmez kurmaca-ger\u00e7ek ili\u015fkisini, ilk bak\u0131\u015fta g\u00f6ze \u00e7arpan benzerlikleriyle de\u011fil de benzerli\u011fin ba\u011fr\u0131ndaki farkla d\u00fc\u015f\u00fcnmeyi \u00f6neriyor. Kurmaca evreninin ki\u015fisel deneyim ar\u015fivimize ve duygusal repertuvar\u0131m\u0131za katk\u0131s\u0131n\u0131 da \u00fcretti\u011fi hakikati de ancak o fark\u0131 koruyarak tecr\u00fcbe edebilece\u011fimizi anlat\u0131yor.   Anne Ben D\u00fc\u015ft\u00fcm m\u00fc? kurmacalar\u0131n i\u00e7inden hayata y\u00f6neltti\u011fi sorularla, mevcut ko\u015fullarda varolu\u015fumuzu daha anlaml\u0131 k\u0131lman\u0131n g\u00fcvenli yollar\u0131n\u0131 seriyor \u00f6n\u00fcm\u00fcze. <\/p>\n","protected":false},"excerpt":{"rendered":"<p>\u201cHayat \u00e7o\u011fu zaman \u2018Neden?\u2019 sorumuza sa\u011f\u0131r, olup biteni bir mant\u0131\u011fa oturtma \u00e7abam\u0131za kay\u0131ts\u0131zd\u0131r. Nedenleri g\u00f6rememenin yol a\u00e7t\u0131\u011f\u0131 keyfilik izlenimi, zihnimizi i\u015flevsiz b\u0131rak\u0131p bizi gafil avlar, g\u00fcvenimizi<span class=\"excerpt-hellip\"> [\u2026]<\/span><\/p>\n","protected":false},"featured_media":0,"template":"","meta":{"_monsterinsights_skip_tracking":false,"_monsterinsights_sitenote_active":false,"_monsterinsights_sitenote_note":"","_monsterinsights_sitenote_category":0},"product_brand":[],"product_cat":[13072,12291],"product_tag":[],"class_list":{"0":"post-754238","1":"product","2":"type-product","3":"status-publish","5":"product_cat-arastirma-inceleme-referans","6":"product_cat-edebiyat","7":"pa_cilt-ciltsiz","8":"pa_tur-kitap","9":"pa_yayinevi-kolektif-kitap","10":"pa_yazar-beliz-gucbilmez","12":"first","13":"instock","14":"sale","15":"shipping-taxable","16":"purchasable","17":"product-type-simple"},"_links":{"self":[{"href":"https:\/\/roveyayinevi.com.tr\/index.php\/wp-json\/wp\/v2\/product\/754238","targetHints":{"allow":["GET"]}}],"collection":[{"href":"https:\/\/roveyayinevi.com.tr\/index.php\/wp-json\/wp\/v2\/product"}],"about":[{"href":"https:\/\/roveyayinevi.com.tr\/index.php\/wp-json\/wp\/v2\/types\/product"}],"wp:attachment":[{"href":"https:\/\/roveyayinevi.com.tr\/index.php\/wp-json\/wp\/v2\/media?parent=754238"}],"wp:term":[{"taxonomy":"product_brand","embeddable":true,"href":"https:\/\/roveyayinevi.com.tr\/index.php\/wp-json\/wp\/v2\/product_brand?post=754238"},{"taxonomy":"product_cat","embeddable":true,"href":"https:\/\/roveyayinevi.com.tr\/index.php\/wp-json\/wp\/v2\/product_cat?post=754238"},{"taxonomy":"product_tag","embeddable":true,"href":"https:\/\/roveyayinevi.com.tr\/index.php\/wp-json\/wp\/v2\/product_tag?post=754238"}],"curies":[{"name":"wp","href":"https:\/\/api.w.org\/{rel}","templated":true}]}}