{"id":754237,"date":"2025-08-28T06:05:33","date_gmt":"2025-08-28T03:05:33","guid":{"rendered":"https:\/\/roveyayinevi.com.tr\/index.php\/urun\/cinayetim-geldi\/"},"modified":"2026-04-03T03:09:33","modified_gmt":"2026-04-03T00:09:33","slug":"cinayetim-geldi","status":"publish","type":"product","link":"https:\/\/roveyayinevi.com.tr\/index.php\/urun\/cinayetim-geldi\/","title":{"rendered":"Cinayetim Geldi"},"content":{"rendered":"<p>Ke\u015fke otob\u00fcs paras\u0131 i\u00e7in har\u00e7l\u0131k isteseydim. Yok tamam, o kadar da de\u011fil. Para g\u00fczel \u015fey, kabul ediyorum, ama bu para bir s\u00fcre sonra size zarar vermeye ba\u015flarsa o zaman can\u0131n\u0131z s\u0131k\u0131l\u0131yor i\u015fte. D\u0131\u015far\u0131da h\u00e2l\u00e2 deli gibi ya\u011fmur ya\u011f\u0131yor. S\u0131r\u0131ls\u0131klam oldum. Sa\u00e7lar\u0131m\u0131 s\u0131ksam bir baraj dolar. Ne yapaca\u011f\u0131m\u0131 bilmeden bo\u015f bo\u015f y\u00fcr\u00fcyorum sokak aralar\u0131nda. A\u011fa\u00e7lar\u0131n h\u0131\u015f\u0131rt\u0131lar\u0131 ve yapraklardan yere d\u00fc\u015fen ya\u011fmur damlalar\u0131 \u00e7ok g\u00fczel bir g\u00f6r\u00fcnt\u00fc veriyor. Yapraklar f\u0131rt\u0131nada savrulmamak i\u00e7in dallara \u00f6ylesine g\u00fc\u00e7l\u00fc bir \u015fekilde yap\u0131\u015fm\u0131\u015f ki\u2026 T\u0131pk\u0131 bir aile gibi. <\/p>\n","protected":false},"excerpt":{"rendered":"<p>Ke\u015fke otob\u00fcs paras\u0131 i\u00e7in har\u00e7l\u0131k isteseydim. Yok tamam, o kadar da de\u011fil. Para g\u00fczel \u015fey, kabul ediyorum, ama bu para bir s\u00fcre sonra size zarar vermeye<span class=\"excerpt-hellip\"> [\u2026]<\/span><\/p>\n","protected":false},"featured_media":0,"template":"","meta":{"_monsterinsights_skip_tracking":false,"_monsterinsights_sitenote_active":false,"_monsterinsights_sitenote_note":"","_monsterinsights_sitenote_category":0},"product_brand":[],"product_cat":[12291,12711],"product_tag":[],"class_list":{"0":"post-754237","1":"product","2":"type-product","3":"status-publish","5":"product_cat-edebiyat","6":"product_cat-roman-oyku","7":"pa_cilt-ciltsiz","8":"pa_tur-kitap","9":"pa_yayinevi-la-kitap-yayinlari","10":"pa_yazar-ulas-boran","12":"first","13":"instock","14":"sale","15":"shipping-taxable","16":"purchasable","17":"product-type-simple"},"_links":{"self":[{"href":"https:\/\/roveyayinevi.com.tr\/index.php\/wp-json\/wp\/v2\/product\/754237","targetHints":{"allow":["GET"]}}],"collection":[{"href":"https:\/\/roveyayinevi.com.tr\/index.php\/wp-json\/wp\/v2\/product"}],"about":[{"href":"https:\/\/roveyayinevi.com.tr\/index.php\/wp-json\/wp\/v2\/types\/product"}],"wp:attachment":[{"href":"https:\/\/roveyayinevi.com.tr\/index.php\/wp-json\/wp\/v2\/media?parent=754237"}],"wp:term":[{"taxonomy":"product_brand","embeddable":true,"href":"https:\/\/roveyayinevi.com.tr\/index.php\/wp-json\/wp\/v2\/product_brand?post=754237"},{"taxonomy":"product_cat","embeddable":true,"href":"https:\/\/roveyayinevi.com.tr\/index.php\/wp-json\/wp\/v2\/product_cat?post=754237"},{"taxonomy":"product_tag","embeddable":true,"href":"https:\/\/roveyayinevi.com.tr\/index.php\/wp-json\/wp\/v2\/product_tag?post=754237"}],"curies":[{"name":"wp","href":"https:\/\/api.w.org\/{rel}","templated":true}]}}