{"id":754234,"date":"2025-08-28T06:05:28","date_gmt":"2025-08-28T03:05:28","guid":{"rendered":"https:\/\/roveyayinevi.com.tr\/index.php\/urun\/atasozleriyle-masallar-10-kitap\/"},"modified":"2026-04-16T03:07:44","modified_gmt":"2026-04-16T00:07:44","slug":"atasozleriyle-masallar-10-kitap","status":"publish","type":"product","link":"https:\/\/roveyayinevi.com.tr\/index.php\/urun\/atasozleriyle-masallar-10-kitap\/","title":{"rendered":"Atas\u00f6zleriyle Masallar (10 Kitap)"},"content":{"rendered":"<p>As\u0131llard\u0131r kullan\u0131lan atas\u00f6zlerimizin unutulmamas\u0131 ve daha iyi anla\u015f\u0131labilmesi i\u00e7in bu seriyi haz\u0131rlad\u0131k. \u00c7ocuklar\u0131m\u0131z\u0131n ya\u015f seviyeleri de d\u00fc\u015f\u00fcn\u00fclerek metinler \u00f6zel resimlerle g\u00fc\u00e7lendirilmi\u015ftir. \u0130\u00e7indekiler: 1.kitap \u00c7al\u0131\u015fkan tavuk2.Kitap Huysuz Kaplumba\u011fa3.Kitap K\u00fc\u00e7\u00fck Kar\u0131nca4.Kitap Minik Fare5.Kitap Minik Ku\u015f Mavi\u015f6.Kitap Parlak Bal\u0131k7.Kitap Sevimli Tav\u015fan8.Kitap \u015eakac\u0131 tilki9.Kitap \u015eansl\u0131 Karga10.Kitap Yaramaz Sincap<\/p>\n","protected":false},"excerpt":{"rendered":"<p>As\u0131llard\u0131r kullan\u0131lan atas\u00f6zlerimizin unutulmamas\u0131 ve daha iyi anla\u015f\u0131labilmesi i\u00e7in bu seriyi haz\u0131rlad\u0131k. \u00c7ocuklar\u0131m\u0131z\u0131n ya\u015f seviyeleri de d\u00fc\u015f\u00fcn\u00fclerek metinler \u00f6zel resimlerle g\u00fc\u00e7lendirilmi\u015ftir. \u0130\u00e7indekiler: 1.kitap \u00c7al\u0131\u015fkan tavuk2.Kitap Huysuz<span class=\"excerpt-hellip\"> [\u2026]<\/span><\/p>\n","protected":false},"featured_media":0,"template":"","meta":{"_monsterinsights_skip_tracking":false,"_monsterinsights_sitenote_active":false,"_monsterinsights_sitenote_note":"","_monsterinsights_sitenote_category":0},"product_brand":[],"product_cat":[12274,12284],"product_tag":[],"class_list":{"0":"post-754234","1":"product","2":"type-product","3":"status-publish","5":"product_cat-cocuk-ve-genclik-kitaplari","6":"product_cat-hikayeler","7":"pa_cilt-set","8":"pa_tur-kitap","9":"pa_yayinevi-ema-kitap","10":"pa_yazar-kolektif","12":"first","13":"instock","14":"sale","15":"shipping-taxable","16":"purchasable","17":"product-type-simple"},"_links":{"self":[{"href":"https:\/\/roveyayinevi.com.tr\/index.php\/wp-json\/wp\/v2\/product\/754234","targetHints":{"allow":["GET"]}}],"collection":[{"href":"https:\/\/roveyayinevi.com.tr\/index.php\/wp-json\/wp\/v2\/product"}],"about":[{"href":"https:\/\/roveyayinevi.com.tr\/index.php\/wp-json\/wp\/v2\/types\/product"}],"wp:attachment":[{"href":"https:\/\/roveyayinevi.com.tr\/index.php\/wp-json\/wp\/v2\/media?parent=754234"}],"wp:term":[{"taxonomy":"product_brand","embeddable":true,"href":"https:\/\/roveyayinevi.com.tr\/index.php\/wp-json\/wp\/v2\/product_brand?post=754234"},{"taxonomy":"product_cat","embeddable":true,"href":"https:\/\/roveyayinevi.com.tr\/index.php\/wp-json\/wp\/v2\/product_cat?post=754234"},{"taxonomy":"product_tag","embeddable":true,"href":"https:\/\/roveyayinevi.com.tr\/index.php\/wp-json\/wp\/v2\/product_tag?post=754234"}],"curies":[{"name":"wp","href":"https:\/\/api.w.org\/{rel}","templated":true}]}}