{"id":754233,"date":"2025-08-28T06:05:26","date_gmt":"2025-08-28T03:05:26","guid":{"rendered":"https:\/\/roveyayinevi.com.tr\/index.php\/urun\/bilge-mese-agacinin-dogum-gunu-partisi-ciltli\/"},"modified":"2026-04-16T03:07:44","modified_gmt":"2026-04-16T00:07:44","slug":"bilge-mese-agacinin-dogum-gunu-partisi-ciltli","status":"publish","type":"product","link":"https:\/\/roveyayinevi.com.tr\/index.php\/urun\/bilge-mese-agacinin-dogum-gunu-partisi-ciltli\/","title":{"rendered":"Bilge Me\u015fe A\u011fac\u0131n\u0131n Do\u011fum G\u00fcn\u00fc Partisi (Ciltli)"},"content":{"rendered":"<p>Ho\u015f geldin dostum, bak rahat\u0131na! Orman\u0131m\u0131zdaki en ya\u015fl\u0131, bilge a\u011fac\u0131n Hik\u00e2yesini anlat\u0131rken ben sana. G\u00f6rmen gereken pek \u00e7ok \u015fey var burada, Hi\u00e7biri g\u00f6z\u00fcnden ka\u00e7mamal\u0131 asla&#8230; B\u0130LGE ME\u015eE\u2019ye MUHTE\u015eEM B\u0130R DO\u011eUM G\u00dcN\u00dc PART\u0130S\u0130 haz\u0131rlayan Ay\u0131 ve arkada\u015flar\u0131n\u0131n aras\u0131na kat\u0131l. Keyifle okunacak \u015fiirler, bu\u0308yu\u0308leyici resimler, her mevsimde yap\u0131labilecek \u00e7e\u015fitli aktiviteler ve 100\u2019den fazla ara-bul etkinli\u011fi bu kitapta seni bekliyor. <\/p>\n","protected":false},"excerpt":{"rendered":"<p>Ho\u015f geldin dostum, bak rahat\u0131na! Orman\u0131m\u0131zdaki en ya\u015fl\u0131, bilge a\u011fac\u0131n Hik\u00e2yesini anlat\u0131rken ben sana. G\u00f6rmen gereken pek \u00e7ok \u015fey var burada, Hi\u00e7biri g\u00f6z\u00fcnden ka\u00e7mamal\u0131 asla&#8230; B\u0130LGE<span class=\"excerpt-hellip\"> [\u2026]<\/span><\/p>\n","protected":false},"featured_media":0,"template":"","meta":{"_monsterinsights_skip_tracking":false,"_monsterinsights_sitenote_active":false,"_monsterinsights_sitenote_note":"","_monsterinsights_sitenote_category":0},"product_brand":[],"product_cat":[12274,12284],"product_tag":[],"class_list":{"0":"post-754233","1":"product","2":"type-product","3":"status-publish","5":"product_cat-cocuk-ve-genclik-kitaplari","6":"product_cat-hikayeler","7":"pa_cilt-ciltli","8":"pa_tur-kitap","9":"pa_yayinevi-abm-yayinevi","10":"pa_yazar-rachel-piercey","12":"first","13":"instock","14":"sale","15":"shipping-taxable","16":"purchasable","17":"product-type-simple"},"_links":{"self":[{"href":"https:\/\/roveyayinevi.com.tr\/index.php\/wp-json\/wp\/v2\/product\/754233","targetHints":{"allow":["GET"]}}],"collection":[{"href":"https:\/\/roveyayinevi.com.tr\/index.php\/wp-json\/wp\/v2\/product"}],"about":[{"href":"https:\/\/roveyayinevi.com.tr\/index.php\/wp-json\/wp\/v2\/types\/product"}],"wp:attachment":[{"href":"https:\/\/roveyayinevi.com.tr\/index.php\/wp-json\/wp\/v2\/media?parent=754233"}],"wp:term":[{"taxonomy":"product_brand","embeddable":true,"href":"https:\/\/roveyayinevi.com.tr\/index.php\/wp-json\/wp\/v2\/product_brand?post=754233"},{"taxonomy":"product_cat","embeddable":true,"href":"https:\/\/roveyayinevi.com.tr\/index.php\/wp-json\/wp\/v2\/product_cat?post=754233"},{"taxonomy":"product_tag","embeddable":true,"href":"https:\/\/roveyayinevi.com.tr\/index.php\/wp-json\/wp\/v2\/product_tag?post=754233"}],"curies":[{"name":"wp","href":"https:\/\/api.w.org\/{rel}","templated":true}]}}