{"id":754231,"date":"2025-08-28T06:05:24","date_gmt":"2025-08-28T03:05:24","guid":{"rendered":"https:\/\/roveyayinevi.com.tr\/index.php\/urun\/inancin-biyolojisi-2\/"},"modified":"2026-04-16T03:07:44","modified_gmt":"2026-04-16T00:07:44","slug":"inancin-biyolojisi-2","status":"publish","type":"product","link":"https:\/\/roveyayinevi.com.tr\/index.php\/urun\/inancin-biyolojisi-2\/","title":{"rendered":"\u0130nanc\u0131n Biyolojisi"},"content":{"rendered":"<p>\u201cDr. Bruce Lipton, anlaml\u0131 oldu\u011fu kadar eri\u015filebilir bir uslu\u0308pla, ya\u015fam ile bilin\u00e7 aras\u0131ndaki uzun zamand\u0131r aranan \u2018eksik ba\u011flant\u0131y\u0131\u2019 bize sunuyor. \u0130nanc\u0131n Biyolojisi\u2019nin yeni milenyum bilimi i\u00e7in bir mihenk ta\u015f\u0131 olaca\u011f\u0131ndan hi\u00e7 \u015fu\u0308phem yok.\u201d &#8211; Gregg Braden, Tanr\u0131 \u015eifresi ve \u0130lahi Matriks kitaplar\u0131n\u0131n yazar\u0131.   Beynin i\u015fleyi\u015finin biyokimyasal etkileri hakk\u0131nda yap\u0131lan \u00e7arp\u0131c\u0131 yeni bilimsel ke\u015fifler, vu\u0308cudumuzdaki tu\u0308m hu\u0308crelerin du\u0308\u015fu\u0308ncelerimizden etkilendi\u011fini g\u00f6stermektedir. Bu ara\u015ft\u0131rmalar\u0131n sonu\u00e7lar\u0131, ya\u015famla ilgili alg\u0131m\u0131z\u0131 k\u00f6klu\u0308 bir \u015fekilde de\u011fi\u015ftiriyor. Biyolojimizi genler ve DNA\u2019n\u0131n kontrol etmedi\u011fini, bunun yerine DNA\u2019n\u0131n pozitif ve negatif du\u0308\u015fu\u0308ncelerimizden kaynaklanan enerji mesajlar\u0131 da dahil olmak u\u0308zere hu\u0308cre d\u0131\u015f\u0131ndan gelen sinyallerle kontrol edildi\u011fini g\u00f6steriyor. \u00dcnlu\u0308 hu\u0308cre biyologu Bruce H. Lipton, Ph.D., yeni Epigenetik biliminin zihin ve madde aras\u0131ndaki ba\u011flant\u0131s\u0131n\u0131n, hem ki\u015fisel ya\u015famlar\u0131m\u0131zdaki, hem de tu\u0308ru\u0308mu\u0308zu\u0308n kolektif ya\u015fam\u0131ndaki derin etkilerine dair anlay\u0131\u015f\u0131m\u0131zda nas\u0131l devrim yaratt\u0131\u011f\u0131n\u0131 a\u00e7\u0131k, anla\u015f\u0131labilir bir dil, \u00e7izimler, mizah ve gu\u0308nlu\u0308k \u00f6rnekler kullanarak g\u00f6steriyor. Bu kitap, kendi du\u0308\u015fu\u0308nme \u015fekliniz hakk\u0131ndaki du\u0308\u015fu\u0308ncelerinizi sonsuza dek de\u011fi\u015ftirecek. <\/p>\n","protected":false},"excerpt":{"rendered":"<p>\u201cDr. Bruce Lipton, anlaml\u0131 oldu\u011fu kadar eri\u015filebilir bir uslu\u0308pla, ya\u015fam ile bilin\u00e7 aras\u0131ndaki uzun zamand\u0131r aranan \u2018eksik ba\u011flant\u0131y\u0131\u2019 bize sunuyor. \u0130nanc\u0131n Biyolojisi\u2019nin yeni milenyum bilimi i\u00e7in<span class=\"excerpt-hellip\"> [\u2026]<\/span><\/p>\n","protected":false},"featured_media":0,"template":"","meta":{"_monsterinsights_skip_tracking":false,"_monsterinsights_sitenote_active":false,"_monsterinsights_sitenote_note":"","_monsterinsights_sitenote_category":0},"product_brand":[],"product_cat":[13005],"product_tag":[],"class_list":{"0":"post-754231","1":"product","2":"type-product","3":"status-publish","5":"product_cat-bilim-muhendislik","6":"pa_cilt-ciltsiz","7":"pa_tur-kitap","8":"pa_yayinevi-butik-yayinlari","9":"pa_yazar-bruce-h-lipton","11":"first","12":"instock","13":"sale","14":"shipping-taxable","15":"purchasable","16":"product-type-simple"},"_links":{"self":[{"href":"https:\/\/roveyayinevi.com.tr\/index.php\/wp-json\/wp\/v2\/product\/754231","targetHints":{"allow":["GET"]}}],"collection":[{"href":"https:\/\/roveyayinevi.com.tr\/index.php\/wp-json\/wp\/v2\/product"}],"about":[{"href":"https:\/\/roveyayinevi.com.tr\/index.php\/wp-json\/wp\/v2\/types\/product"}],"wp:attachment":[{"href":"https:\/\/roveyayinevi.com.tr\/index.php\/wp-json\/wp\/v2\/media?parent=754231"}],"wp:term":[{"taxonomy":"product_brand","embeddable":true,"href":"https:\/\/roveyayinevi.com.tr\/index.php\/wp-json\/wp\/v2\/product_brand?post=754231"},{"taxonomy":"product_cat","embeddable":true,"href":"https:\/\/roveyayinevi.com.tr\/index.php\/wp-json\/wp\/v2\/product_cat?post=754231"},{"taxonomy":"product_tag","embeddable":true,"href":"https:\/\/roveyayinevi.com.tr\/index.php\/wp-json\/wp\/v2\/product_tag?post=754231"}],"curies":[{"name":"wp","href":"https:\/\/api.w.org\/{rel}","templated":true}]}}