{"id":754230,"date":"2025-08-28T06:05:22","date_gmt":"2025-08-28T03:05:22","guid":{"rendered":"https:\/\/roveyayinevi.com.tr\/index.php\/urun\/2024-astrolojisi\/"},"modified":"2026-04-16T03:07:44","modified_gmt":"2026-04-16T00:07:44","slug":"2024-astrolojisi","status":"publish","type":"product","link":"https:\/\/roveyayinevi.com.tr\/index.php\/urun\/2024-astrolojisi\/","title":{"rendered":"2024 Astrolojisi"},"content":{"rendered":"<p>2024, gezegenler aras\u0131 astrolojik yolculuklar i\u00e7eren g\u00f6ksel bir yolculuk olacak. Hayat\u0131n\u0131z\u0131n kaderinin kaptan\u0131 sizsiniz, du\u0308mende siz vars\u0131n\u0131z ve bu kitap da sizin kozmik yolda\u015f\u0131n\u0131z, sizin GPS\u2019iniz. Bu astrolojik rehber kitap y\u0131ld\u0131zlar\u0131n bilgeli\u011fini Kabala, Tarot, numeroloji, tarih ve mitoloji ile birle\u015ftiriyor. \u00d6nu\u0308nu\u0308zdeki \u00e7alkant\u0131l\u0131 yolculukta y\u00f6nu\u0308nu\u0308zu\u0308 bulman\u0131za yard\u0131mc\u0131 olacak bir rehber g\u00f6revi u\u0308stleniyor. Ufuktaki ilk durak olan Birinci B\u00f6lu\u0308m\u2019de, tu\u0308m bur\u00e7lar dahil olmak u\u0308zere her ay i\u00e7in \u00f6nemli tarihlerin genel bir listesi var ve bu tarihlerde du\u0308men tutman\u0131n en iyi yolu a\u00e7\u0131klan\u0131yor. \u0130kinci B\u00f6lu\u0308m 2024\u2019u\u0308n ba\u015fl\u0131ca astrolojik trendlerini detayland\u0131r\u0131rken \u00dc\u00e7u\u0308ncu\u0308 B\u00f6lu\u0308m ise y\u0131l\u0131n misyonunun yan\u0131 s\u0131ra 2024\u2019u\u0308, Ejderha Y\u0131l\u0131\u2019n\u0131, g\u00f6rkemli bir y\u0131l haline getirebilmeniz i\u00e7in tasarlanm\u0131\u015f her-burca-\u00f6zel ara\u00e7lar\u0131 sunuyor. Kitapta her bur\u00e7 i\u00e7in tahmin ve \u00f6ng\u00f6ru\u0308ler aras\u0131nda finans i\u00e7in en iyi olan tarihler, a\u015fk, sa\u011fl\u0131k ve beslenme i\u00e7in u\u011furlu gu\u0308nler, 2024\u2019u\u0308n numerolojisi, Frans\u0131z Devrimi\u2019nden bu yana ilk kez Plu\u0308ton\u2019un Kova burcuna ge\u00e7i\u015finin \u00f6nemi, Merku\u0308r ve Mars retrolar\u0131 ve tutulmalardan nas\u0131l faydalan\u0131laca\u011f\u0131 yer al\u0131yor. Bu rehber kitapta ayr\u0131ca, Yeni Y\u0131l kararlar\u0131n\u0131z u\u0308zerinde \u00e7al\u0131\u015fmaya ba\u015flamak i\u00e7in en uygun tarihleri ve bu kararlar\u0131 ba\u015far\u0131yla hayata ge\u00e7irmenizi sa\u011flayacak teknikleri de bulabilirsiniz. Bu rehber kitap kaderinizi kontrol alt\u0131na alman\u0131za yard\u0131mc\u0131 olmak i\u00e7in tasarlanm\u0131\u015ft\u0131r. Kurban olmay\u0131n, du\u0308mende kendine gu\u0308venen bir pilot olun ve \u00f6nu\u0308mu\u0308zdeki y\u0131l yolunuzu \u00e7izerken kendinizi daha da geli\u015ftirin.<\/p>\n","protected":false},"excerpt":{"rendered":"<p>2024, gezegenler aras\u0131 astrolojik yolculuklar i\u00e7eren g\u00f6ksel bir yolculuk olacak. Hayat\u0131n\u0131z\u0131n kaderinin kaptan\u0131 sizsiniz, du\u0308mende siz vars\u0131n\u0131z ve bu kitap da sizin kozmik yolda\u015f\u0131n\u0131z, sizin GPS\u2019iniz.<span class=\"excerpt-hellip\"> [\u2026]<\/span><\/p>\n","protected":false},"featured_media":0,"template":"","meta":{"_monsterinsights_skip_tracking":false,"_monsterinsights_sitenote_active":false,"_monsterinsights_sitenote_note":"","_monsterinsights_sitenote_category":0},"product_brand":[],"product_cat":[19840,12364],"product_tag":[],"class_list":{"0":"post-754230","1":"product","2":"type-product","3":"status-publish","5":"product_cat-astroloji","6":"product_cat-genel-konular","7":"pa_cilt-ciltsiz","8":"pa_tur-kitap","9":"pa_yayinevi-butik-yayinlari","10":"pa_yazar-gahl-eden-sasson","12":"first","13":"instock","14":"sale","15":"shipping-taxable","16":"purchasable","17":"product-type-simple"},"_links":{"self":[{"href":"https:\/\/roveyayinevi.com.tr\/index.php\/wp-json\/wp\/v2\/product\/754230","targetHints":{"allow":["GET"]}}],"collection":[{"href":"https:\/\/roveyayinevi.com.tr\/index.php\/wp-json\/wp\/v2\/product"}],"about":[{"href":"https:\/\/roveyayinevi.com.tr\/index.php\/wp-json\/wp\/v2\/types\/product"}],"wp:attachment":[{"href":"https:\/\/roveyayinevi.com.tr\/index.php\/wp-json\/wp\/v2\/media?parent=754230"}],"wp:term":[{"taxonomy":"product_brand","embeddable":true,"href":"https:\/\/roveyayinevi.com.tr\/index.php\/wp-json\/wp\/v2\/product_brand?post=754230"},{"taxonomy":"product_cat","embeddable":true,"href":"https:\/\/roveyayinevi.com.tr\/index.php\/wp-json\/wp\/v2\/product_cat?post=754230"},{"taxonomy":"product_tag","embeddable":true,"href":"https:\/\/roveyayinevi.com.tr\/index.php\/wp-json\/wp\/v2\/product_tag?post=754230"}],"curies":[{"name":"wp","href":"https:\/\/api.w.org\/{rel}","templated":true}]}}