{"id":754228,"date":"2025-08-28T06:05:13","date_gmt":"2025-08-28T03:05:13","guid":{"rendered":"https:\/\/roveyayinevi.com.tr\/index.php\/urun\/hukuk-ve-rockn-roll\/"},"modified":"2026-04-16T03:07:44","modified_gmt":"2026-04-16T00:07:44","slug":"hukuk-ve-rockn-roll","status":"publish","type":"product","link":"https:\/\/roveyayinevi.com.tr\/index.php\/urun\/hukuk-ve-rockn-roll\/","title":{"rendered":"Hukuk ve Rock&#8217;n Roll"},"content":{"rendered":"<p>\u201cRock\u2019n roll\u2019un i\u00e7inde \u015fiddeti, kahramanl\u0131\u011f\u0131, su\u00e7u, \u015fehveti ve a\u015f\u0131r\u0131l\u0131\u011f\u0131 bar\u0131nd\u0131ran hik\u00e2yesinin, bu hik\u00e2yeyi dinleyecek olan hukuk\u00e7unun ilgisini \u00e7ekecek pek \u00e7ok y\u00f6n\u00fc vard\u0131r.  Kendi kutbundan bakan\/konu\u015fan rock\u2019n roll da ( do\u011fal, ahlaki, cinsel\u2026) yasaya &#8216;sallarken&#8217; hukuka dair pek \u00e7ok s\u00f6z s\u00f6yler. Bu s\u00f6zler basittir, anla\u015f\u0131l\u0131r, ak\u0131lda kal\u0131r, ba\u011f\u0131ra \u00e7a\u011f\u0131ra yay\u0131l\u0131r.\u201d Hukuk ve Rock\u2019n Roll, gittik\u00e7e daha seyrek sordu\u011fumuz baz\u0131 temel sorular \u00fczerinde fonda rock \u00e7alarken nas\u0131l d\u00fc\u015f\u00fcnd\u00fc\u011f\u00fcm\u00fcze, nereye bakt\u0131\u011f\u0131m\u0131za, \u00e7\u00f6z\u00fcm ve \u00e7\u00f6z\u00fcms\u00fczl\u00fcklerimize dair metinlerden olu\u015fuyor. Fakat interdisipliner hukuk \u00e7al\u0131\u015fmalar\u0131n\u0131n \u00e7o\u011fundan farkl\u0131 olarak; ili\u015fkili iki alan \u201c\u00fczerine \u00e7al\u0131\u015farak\u201d de\u011fil, halihaz\u0131rda  sahip olunan bak\u0131\u015ftan, bir t\u00fcr aidiyet hissinden beslenerek bi\u00e7imlendirilmi\u015f metinler bunlar. Bu nedenle \u015fiddet, su\u00e7, adalet, direni\u015f gibi kavram ve olgular \u00e7al\u0131\u015fmada yer alan her bir yaz\u0131da farkl\u0131 bir y\u00f6ntem ve \u00fcslupla yorumland\u0131\u011f\u0131 halde ortak anlat\u0131n\u0131n izi rahat\u00e7a s\u00fcr\u00fclebilecektir. Ge\u00e7ti\u011fimiz y\u00fczy\u0131ldan bug\u00fcne, mahkemelerden sahnelere, de\u011fi\u015fen zaman ve mek\u00e2nlarda kesi\u015fen ve iti\u015fen yasa ve m\u00fczi\u011fin ritmi e\u015fli\u011finde tart\u0131\u015fman\u0131n akademik zihni provoke etmek gibi bir faydas\u0131 da olmas\u0131 umuduyla bu metni okuruna sunuyoruz.<\/p>\n","protected":false},"excerpt":{"rendered":"<p>\u201cRock\u2019n roll\u2019un i\u00e7inde \u015fiddeti, kahramanl\u0131\u011f\u0131, su\u00e7u, \u015fehveti ve a\u015f\u0131r\u0131l\u0131\u011f\u0131 bar\u0131nd\u0131ran hik\u00e2yesinin, bu hik\u00e2yeyi dinleyecek olan hukuk\u00e7unun ilgisini \u00e7ekecek pek \u00e7ok y\u00f6n\u00fc vard\u0131r. Kendi kutbundan bakan\/konu\u015fan rock\u2019n<span class=\"excerpt-hellip\"> [\u2026]<\/span><\/p>\n","protected":false},"featured_media":0,"template":"","meta":{"_monsterinsights_skip_tracking":false,"_monsterinsights_sitenote_active":false,"_monsterinsights_sitenote_note":"","_monsterinsights_sitenote_category":0},"product_brand":[],"product_cat":[15350],"product_tag":[],"class_list":{"0":"post-754228","1":"product","2":"type-product","3":"status-publish","5":"product_cat-hukuk","6":"pa_cilt-ciltsiz","7":"pa_tur-kitap","8":"pa_yayinevi-pinhan-yayincilik","9":"pa_yazar-kolektif","11":"first","12":"instock","13":"sale","14":"shipping-taxable","15":"purchasable","16":"product-type-simple"},"_links":{"self":[{"href":"https:\/\/roveyayinevi.com.tr\/index.php\/wp-json\/wp\/v2\/product\/754228","targetHints":{"allow":["GET"]}}],"collection":[{"href":"https:\/\/roveyayinevi.com.tr\/index.php\/wp-json\/wp\/v2\/product"}],"about":[{"href":"https:\/\/roveyayinevi.com.tr\/index.php\/wp-json\/wp\/v2\/types\/product"}],"wp:attachment":[{"href":"https:\/\/roveyayinevi.com.tr\/index.php\/wp-json\/wp\/v2\/media?parent=754228"}],"wp:term":[{"taxonomy":"product_brand","embeddable":true,"href":"https:\/\/roveyayinevi.com.tr\/index.php\/wp-json\/wp\/v2\/product_brand?post=754228"},{"taxonomy":"product_cat","embeddable":true,"href":"https:\/\/roveyayinevi.com.tr\/index.php\/wp-json\/wp\/v2\/product_cat?post=754228"},{"taxonomy":"product_tag","embeddable":true,"href":"https:\/\/roveyayinevi.com.tr\/index.php\/wp-json\/wp\/v2\/product_tag?post=754228"}],"curies":[{"name":"wp","href":"https:\/\/api.w.org\/{rel}","templated":true}]}}