{"id":754226,"date":"2025-08-28T06:05:09","date_gmt":"2025-08-28T03:05:09","guid":{"rendered":"https:\/\/roveyayinevi.com.tr\/index.php\/urun\/biraz-sert\/"},"modified":"2026-04-16T03:07:44","modified_gmt":"2026-04-16T00:07:44","slug":"biraz-sert","status":"publish","type":"product","link":"https:\/\/roveyayinevi.com.tr\/index.php\/urun\/biraz-sert\/","title":{"rendered":"Biraz Sert"},"content":{"rendered":"<p>S\u0131nav, Ayla ve Uzun Hik\u00e2ye gibi sevilen filmlere imza atan yazar ve yarat\u0131c\u0131 yap\u0131mc\u0131 Yi\u011fit G\u00fcralp; okurlar\u0131 taraf\u0131ndan bir terapi ve ayd\u0131nl\u0131k bir yolculuk olarak tan\u0131mlanan ilk kitab\u0131 \u0130yi Hissettiren Yaz\u0131lar\u2019\u0131n ard\u0131ndan Biraz Sert ile bu defa madalyonun di\u011fer y\u00fcz\u00fcne odaklan\u0131yor. \u201cK\u00f6t\u00fcleri yeterince anlamad\u0131k m\u0131?\u201d sorusuyla ba\u015flad\u0131\u011f\u0131 anlat\u0131s\u0131 boyunca insanl\u0131k \u00e2leminin geldi\u011fi karanl\u0131k noktaya yine sevilen \u00fcslubuyla ve okurlar\u0131yla sohbet havas\u0131nda mercek tutuyor. H\u0131zl\u0131 g\u00fcndem maddeleriyle s\u00fcrekli i\u00e7ine d\u00fc\u015ferek bo\u011fulma noktas\u0131na geldi\u011fimiz tart\u0131\u015fmalara, ufuk a\u00e7acak farkl\u0131 pencerelerden bak\u0131yor. Bu anlamda ya\u015fad\u0131\u011f\u0131m\u0131z \u00e7a\u011f\u0131 sadece \u00fclkemiz \u00fczerinden de\u011ferlendirmeyi eksik bularak, meseleye insanl\u0131k \u00e2lemi ve medeniyet \u00f6\u011fretisi \u00fczerinden yakla\u015fmay\u0131 \u00f6nerip evrensel bir portre \u00e7izmeye \u00f6zen g\u00f6steriyor. T\u00fcrkiye Cumhuriyeti\u2019nin 100. y\u0131l\u0131na 23 soruyla giren Biraz Sert\u2019in ustal\u0131kl\u0131 ve ak\u0131c\u0131 metni boyunca G\u00fcralp\u2019in soru ba\u015fl\u0131klar\u0131na Leman dergisi \u00e7izerlerinden U\u011fur G\u00fcnel\u2019in karikat\u00fcrleri e\u015flik ediyor.Kemal Sunal, \u0130lhan \u0130rem, Ferhan \u015eensoy, \u00c2\u015f\u0131k Veysel, Metin Erksan, Bar\u0131\u015f Man\u00e7o ve Haldun Taner\u2019in portreleriyle Cumhuriyet tarihimizin pek \u00e7ok de\u011ferli ismine selam g\u00f6nderen Yi\u011fit G\u00fcralp, \u00e7izgi kahramanlar Tom ve Jerry \u00fczerinden insanl\u0131\u011fa; Tenten \u00fczerinden gazetecili\u011fe; S\u00fcpermen, Joker ve Darth Vader \u00fczerinden karanl\u0131k ve ayd\u0131nl\u0131\u011f\u0131n sava\u015f\u0131na de\u011finerek okuyucusu i\u00e7in sordu\u011fu t\u00fcm hararetli sorular\u0131 renkli karakterler, sevilen filmler ve \u00f6zel \u015fark\u0131larla yer yer bir \u015fenlik ate\u015fine d\u00f6n\u00fc\u015ft\u00fcr\u00fcyor.<\/p>\n","protected":false},"excerpt":{"rendered":"<p>S\u0131nav, Ayla ve Uzun Hik\u00e2ye gibi sevilen filmlere imza atan yazar ve yarat\u0131c\u0131 yap\u0131mc\u0131 Yi\u011fit G\u00fcralp; okurlar\u0131 taraf\u0131ndan bir terapi ve ayd\u0131nl\u0131k bir yolculuk olarak tan\u0131mlanan<span class=\"excerpt-hellip\"> [\u2026]<\/span><\/p>\n","protected":false},"featured_media":0,"template":"","meta":{"_monsterinsights_skip_tracking":false,"_monsterinsights_sitenote_active":false,"_monsterinsights_sitenote_note":"","_monsterinsights_sitenote_category":0},"product_brand":[],"product_cat":[12777,12291],"product_tag":[],"class_list":{"0":"post-754226","1":"product","2":"type-product","3":"status-publish","5":"product_cat-deneme","6":"product_cat-edebiyat","7":"pa_cilt-ciltsiz","8":"pa_tur-kitap","9":"pa_yayinevi-masa-kitap","10":"pa_yazar-yigit-guralp","12":"first","13":"instock","14":"sale","15":"shipping-taxable","16":"purchasable","17":"product-type-simple"},"_links":{"self":[{"href":"https:\/\/roveyayinevi.com.tr\/index.php\/wp-json\/wp\/v2\/product\/754226","targetHints":{"allow":["GET"]}}],"collection":[{"href":"https:\/\/roveyayinevi.com.tr\/index.php\/wp-json\/wp\/v2\/product"}],"about":[{"href":"https:\/\/roveyayinevi.com.tr\/index.php\/wp-json\/wp\/v2\/types\/product"}],"wp:attachment":[{"href":"https:\/\/roveyayinevi.com.tr\/index.php\/wp-json\/wp\/v2\/media?parent=754226"}],"wp:term":[{"taxonomy":"product_brand","embeddable":true,"href":"https:\/\/roveyayinevi.com.tr\/index.php\/wp-json\/wp\/v2\/product_brand?post=754226"},{"taxonomy":"product_cat","embeddable":true,"href":"https:\/\/roveyayinevi.com.tr\/index.php\/wp-json\/wp\/v2\/product_cat?post=754226"},{"taxonomy":"product_tag","embeddable":true,"href":"https:\/\/roveyayinevi.com.tr\/index.php\/wp-json\/wp\/v2\/product_tag?post=754226"}],"curies":[{"name":"wp","href":"https:\/\/api.w.org\/{rel}","templated":true}]}}