{"id":754225,"date":"2025-08-28T06:05:08","date_gmt":"2025-08-28T03:05:08","guid":{"rendered":"https:\/\/roveyayinevi.com.tr\/index.php\/urun\/siyasi-ideolojiler\/"},"modified":"2026-04-16T03:07:44","modified_gmt":"2026-04-16T00:07:44","slug":"siyasi-ideolojiler","status":"publish","type":"product","link":"https:\/\/roveyayinevi.com.tr\/index.php\/urun\/siyasi-ideolojiler\/","title":{"rendered":"Siyasi \u0130deolojiler"},"content":{"rendered":"<p>Siyas\u00ee \u0130deolojiler\u2019in yedinci edisyonu, ba\u015ftan sona sistematik bir \u015fekilde revize edilmi\u015f ve g\u00fcncellenmi\u015ftir. Yeni edisyon, bir\u00e7ok \u00f6nemli a\u00e7\u0131dan \u00f6nceki edisyonlardan farkl\u0131d\u0131r. Pop\u00fclizmin ele al\u0131n\u0131\u015f\u0131, ayr\u0131 bir b\u00f6l\u00fcm\u00fcn (8. B\u00f6l\u00fcm) dahil edilmesiyle geni\u015fletilmi\u015ftir. \u0130slamc\u0131l\u0131kla ilgili b\u00f6l\u00fcm\u00fcn yerine k\u00f6ktencilik konusunu daha kapsaml\u0131 \u015fekilde ele alan bir b\u00f6l\u00fcm (12. B\u00f6l\u00fcm) ge\u00e7mi\u015ftir. Sonu\u00e7 b\u00f6l\u00fcm\u00fcn\u00fcn oda\u011f\u0131, ideolojinin sona ermesi tart\u0131\u015fmas\u0131ndan (yeni edisyonda 1. B\u00f6l\u00fcm\u2019e dahil edilmi\u015ftir) ideolojinin ni\u00e7in ve ne derece \u00f6nemli oldu\u011fu konusuna (13. B\u00f6l\u00fcm) kaym\u0131\u015ft\u0131r. Feminizmle ilgili b\u00f6l\u00fcm kesi\u015fimsellik, trans teori ve kuir teorisi de dahil cinsiyete y\u00f6nelik modern yakla\u015f\u0131mlar\u0131n ele al\u0131nmas\u0131n\u0131 i\u00e7erecek \u015fekilde revize edilmi\u015ftir (9. B\u00f6l\u00fcm). \u00c7ok k\u00fclt\u00fcrc\u00fcl\u00fckle ilgili b\u00f6l\u00fcm, post-kolonyalizmi [s\u00f6m\u00fcrgecilik sonras\u0131n\u0131] derinlemesine analiz etmek \u00fczere yeniden yap\u0131land\u0131r\u0131lm\u0131\u015ft\u0131r (11. B\u00f6l\u00fcm). B\u00fct\u00fcn \u2018Uygulamada Siyas\u00ee \u0130deolojiler\u2019 kutucuklar\u0131, tarihsel meselelerden \u00e7ok \u00e7a\u011fda\u015f meselelere odaklanacak \u015fekilde g\u00fcncellenmi\u015ftir. Yeni edisyonda esas b\u00f6l\u00fcmlerden her biri, ele al\u0131nan ideolojinin gelecekteki olas\u0131 durumlar\u0131n\u0131 ele alan bir sonu\u00e7 b\u00f6l\u00fcm\u00fc i\u00e7ermektedir. <\/p>\n","protected":false},"excerpt":{"rendered":"<p>Siyas\u00ee \u0130deolojiler\u2019in yedinci edisyonu, ba\u015ftan sona sistematik bir \u015fekilde revize edilmi\u015f ve g\u00fcncellenmi\u015ftir. Yeni edisyon, bir\u00e7ok \u00f6nemli a\u00e7\u0131dan \u00f6nceki edisyonlardan farkl\u0131d\u0131r. Pop\u00fclizmin ele al\u0131n\u0131\u015f\u0131, ayr\u0131 bir<span class=\"excerpt-hellip\"> [\u2026]<\/span><\/p>\n","protected":false},"featured_media":0,"template":"","meta":{"_monsterinsights_skip_tracking":false,"_monsterinsights_sitenote_active":false,"_monsterinsights_sitenote_note":"","_monsterinsights_sitenote_category":0},"product_brand":[],"product_cat":[12337,14706],"product_tag":[],"class_list":{"0":"post-754225","1":"product","2":"type-product","3":"status-publish","5":"product_cat-politika-siyaset","6":"product_cat-siyaset-bilimi","7":"pa_cilt-ciltsiz","8":"pa_tur-kitap","9":"pa_yayinevi-felix-kitap","10":"pa_yazar-andrew-heywood","12":"first","13":"instock","14":"sale","15":"shipping-taxable","16":"purchasable","17":"product-type-simple"},"_links":{"self":[{"href":"https:\/\/roveyayinevi.com.tr\/index.php\/wp-json\/wp\/v2\/product\/754225","targetHints":{"allow":["GET"]}}],"collection":[{"href":"https:\/\/roveyayinevi.com.tr\/index.php\/wp-json\/wp\/v2\/product"}],"about":[{"href":"https:\/\/roveyayinevi.com.tr\/index.php\/wp-json\/wp\/v2\/types\/product"}],"wp:attachment":[{"href":"https:\/\/roveyayinevi.com.tr\/index.php\/wp-json\/wp\/v2\/media?parent=754225"}],"wp:term":[{"taxonomy":"product_brand","embeddable":true,"href":"https:\/\/roveyayinevi.com.tr\/index.php\/wp-json\/wp\/v2\/product_brand?post=754225"},{"taxonomy":"product_cat","embeddable":true,"href":"https:\/\/roveyayinevi.com.tr\/index.php\/wp-json\/wp\/v2\/product_cat?post=754225"},{"taxonomy":"product_tag","embeddable":true,"href":"https:\/\/roveyayinevi.com.tr\/index.php\/wp-json\/wp\/v2\/product_tag?post=754225"}],"curies":[{"name":"wp","href":"https:\/\/api.w.org\/{rel}","templated":true}]}}