{"id":754222,"date":"2025-08-28T06:05:04","date_gmt":"2025-08-28T03:05:04","guid":{"rendered":"https:\/\/roveyayinevi.com.tr\/index.php\/urun\/bu-da-peste\/"},"modified":"2026-04-16T03:07:44","modified_gmt":"2026-04-16T00:07:44","slug":"bu-da-peste","status":"publish","type":"product","link":"https:\/\/roveyayinevi.com.tr\/index.php\/urun\/bu-da-peste\/","title":{"rendered":"Bu Da Pe\u015fte"},"content":{"rendered":"<p>\u201cYoklukta var olamay\u0131z\u2026\u201dO zaman,\u201cVar olmak i\u00e7in Ayd\u0131nl\u0131\u011fa y\u00fcr\u00fcyoruz!\u201d \u201cMutluluk da huzur da bizim i\u00e7imizde. Her nereye gidiyorsak, bizimle beraber ta\u015f\u0131n\u0131yor. \u00d6m\u00fcr k\u0131sa. G\u00f6lgemizi takip etmeye \u00e7al\u0131\u015farak yerimizde saymayal\u0131m. \u00d6n\u00fcm\u00fczdeki \u0131\u015f\u0131\u011fa bakal\u0131m, do\u011fru bildi\u011fimiz yolda ilerleyelim!\u201d D\u00fcnya d\u00f6nerken i\u00e7ine saklanm\u0131\u015f muzip bir k\u0131z \u00e7ocu\u011fu gibi Jale Elhadef, daha \u00f6nce Romanya\u2019dan a\u00e7t\u0131\u011f\u0131 pencereyi bu kez Budape\u015fte\u2019den a\u00e7\u0131yor; g\u00f6rd\u00fcklerini, ya\u015fad\u0131klar\u0131n\u0131 iflah olmaz merak\u0131 ve heyecan\u0131yla anlat\u0131yor. \u0130yi bakarsan\u0131z, pencereyi kapat\u0131p i\u00e7eriye d\u00f6nd\u00fc\u011f\u00fc yerleri de g\u00f6rebilirsiniz. Her \u015feyi b\u0131rak\u0131p ba\u015fka bir \u00fclkede yeni bir d\u00fczen kurman\u0131n b\u00fct\u00fcn zorluklar\u0131 masadaki tatl\u0131n\u0131n yan\u0131nda duruyor \u00e7\u00fcnk\u00fc\u2026 As\u0131l hik\u00e2ye tatl\u0131 ile g\u00fcn\u00fcn birbirine nas\u0131l kat\u0131k edildi\u011finde.<\/p>\n","protected":false},"excerpt":{"rendered":"<p>\u201cYoklukta var olamay\u0131z\u2026\u201dO zaman,\u201cVar olmak i\u00e7in Ayd\u0131nl\u0131\u011fa y\u00fcr\u00fcyoruz!\u201d \u201cMutluluk da huzur da bizim i\u00e7imizde. Her nereye gidiyorsak, bizimle beraber ta\u015f\u0131n\u0131yor. \u00d6m\u00fcr k\u0131sa. G\u00f6lgemizi takip etmeye \u00e7al\u0131\u015farak<span class=\"excerpt-hellip\"> [\u2026]<\/span><\/p>\n","protected":false},"featured_media":0,"template":"","meta":{"_monsterinsights_skip_tracking":false,"_monsterinsights_sitenote_active":false,"_monsterinsights_sitenote_note":"","_monsterinsights_sitenote_category":0},"product_brand":[],"product_cat":[12291,18202],"product_tag":[],"class_list":{"0":"post-754222","1":"product","2":"type-product","3":"status-publish","5":"product_cat-edebiyat","6":"product_cat-hikaye","7":"pa_cilt-ciltsiz","8":"pa_tur-kitap","9":"pa_yayinevi-epsilon-yayinlari","10":"pa_yazar-jale-trana-elhadef","12":"first","13":"instock","14":"sale","15":"shipping-taxable","16":"purchasable","17":"product-type-simple"},"_links":{"self":[{"href":"https:\/\/roveyayinevi.com.tr\/index.php\/wp-json\/wp\/v2\/product\/754222","targetHints":{"allow":["GET"]}}],"collection":[{"href":"https:\/\/roveyayinevi.com.tr\/index.php\/wp-json\/wp\/v2\/product"}],"about":[{"href":"https:\/\/roveyayinevi.com.tr\/index.php\/wp-json\/wp\/v2\/types\/product"}],"wp:attachment":[{"href":"https:\/\/roveyayinevi.com.tr\/index.php\/wp-json\/wp\/v2\/media?parent=754222"}],"wp:term":[{"taxonomy":"product_brand","embeddable":true,"href":"https:\/\/roveyayinevi.com.tr\/index.php\/wp-json\/wp\/v2\/product_brand?post=754222"},{"taxonomy":"product_cat","embeddable":true,"href":"https:\/\/roveyayinevi.com.tr\/index.php\/wp-json\/wp\/v2\/product_cat?post=754222"},{"taxonomy":"product_tag","embeddable":true,"href":"https:\/\/roveyayinevi.com.tr\/index.php\/wp-json\/wp\/v2\/product_tag?post=754222"}],"curies":[{"name":"wp","href":"https:\/\/api.w.org\/{rel}","templated":true}]}}