{"id":754221,"date":"2025-08-28T06:05:02","date_gmt":"2025-08-28T03:05:02","guid":{"rendered":"https:\/\/roveyayinevi.com.tr\/index.php\/urun\/6-a-savaslari-yapay-zeka-sapsallik-fleksi-kapak\/"},"modified":"2026-04-16T03:07:44","modified_gmt":"2026-04-16T00:07:44","slug":"6-a-savaslari-yapay-zeka-sapsallik-fleksi-kapak","status":"publish","type":"product","link":"https:\/\/roveyayinevi.com.tr\/index.php\/urun\/6-a-savaslari-yapay-zeka-sapsallik-fleksi-kapak\/","title":{"rendered":"6-A Sava\u015flar\u0131  Yapay Zeka \u201c\u015eap\u015fall\u0131k\u201d (Fleksi Kapak)"},"content":{"rendered":"<p>6-A\u2019n\u0131n en \u00e7\u0131lg\u0131n sava\u015f\u0131 bu komik serinin \u00fc\u00e7\u00fcnc\u00fc b\u00f6l\u00fcm\u00fcnde devam ediyor! Okul karma\u015fa i\u00e7inde ve d\u00fczeni sa\u011flamak 6-A s\u0131n\u0131f\u0131 \u00f6\u011frencilerine d\u00fc\u015f\u00fcyor. Ancak bu kez kar\u015f\u0131lar\u0131nda geli\u015fmi\u015f bir yapay zeka ordusu var! \u00d6\u011frenciler makineleri alt etmeye \u00e7al\u0131\u015f\u0131rken, saniyeler i\u00e7inde \u00f6devlere not verebilen robotlarla, k\u00fcstah sanal asistanlarla ve hatta d\u00fcnyay\u0131 (ya da en az\u0131ndan s\u0131n\u0131f\u0131) ele ge\u00e7irmek isteyen haydut bir yapay zekayla kar\u015f\u0131la\u015facaklar. Dur durak bilmeyen aksiyonu, kahkalarla g\u00fcld\u00fcren mizah\u0131 ve unutulmaz karakterlerden olu\u015fan kadrosuyla serinin \u00fc\u00e7\u00fcnc\u00fc kitab\u0131 maceray\u0131 seven herkese heyecan verecek! Okuldaki en zeki \u00e7ocuklar\u0131n aras\u0131na kat\u0131lmaya ve makineyi yenmek i\u00e7in gerekenlere sahip olup olmad\u0131klar\u0131n\u0131 \u00f6\u011frenmeye haz\u0131r\u0131z!<\/p>\n","protected":false},"excerpt":{"rendered":"<p>6-A\u2019n\u0131n en \u00e7\u0131lg\u0131n sava\u015f\u0131 bu komik serinin \u00fc\u00e7\u00fcnc\u00fc b\u00f6l\u00fcm\u00fcnde devam ediyor! Okul karma\u015fa i\u00e7inde ve d\u00fczeni sa\u011flamak 6-A s\u0131n\u0131f\u0131 \u00f6\u011frencilerine d\u00fc\u015f\u00fcyor. Ancak bu kez kar\u015f\u0131lar\u0131nda geli\u015fmi\u015f<span class=\"excerpt-hellip\"> [\u2026]<\/span><\/p>\n","protected":false},"featured_media":0,"template":"","meta":{"_monsterinsights_skip_tracking":false,"_monsterinsights_sitenote_active":false,"_monsterinsights_sitenote_note":"","_monsterinsights_sitenote_category":0},"product_brand":[],"product_cat":[12274],"product_tag":[],"class_list":{"0":"post-754221","1":"product","2":"type-product","3":"status-publish","5":"product_cat-cocuk-ve-genclik-kitaplari","6":"pa_cilt-ciltsiz","7":"pa_tur-kitap","8":"pa_yayinevi-epsilon-yayinlari","9":"pa_yazar-sara-cano","11":"first","12":"instock","13":"sale","14":"shipping-taxable","15":"purchasable","16":"product-type-simple"},"_links":{"self":[{"href":"https:\/\/roveyayinevi.com.tr\/index.php\/wp-json\/wp\/v2\/product\/754221","targetHints":{"allow":["GET"]}}],"collection":[{"href":"https:\/\/roveyayinevi.com.tr\/index.php\/wp-json\/wp\/v2\/product"}],"about":[{"href":"https:\/\/roveyayinevi.com.tr\/index.php\/wp-json\/wp\/v2\/types\/product"}],"wp:attachment":[{"href":"https:\/\/roveyayinevi.com.tr\/index.php\/wp-json\/wp\/v2\/media?parent=754221"}],"wp:term":[{"taxonomy":"product_brand","embeddable":true,"href":"https:\/\/roveyayinevi.com.tr\/index.php\/wp-json\/wp\/v2\/product_brand?post=754221"},{"taxonomy":"product_cat","embeddable":true,"href":"https:\/\/roveyayinevi.com.tr\/index.php\/wp-json\/wp\/v2\/product_cat?post=754221"},{"taxonomy":"product_tag","embeddable":true,"href":"https:\/\/roveyayinevi.com.tr\/index.php\/wp-json\/wp\/v2\/product_tag?post=754221"}],"curies":[{"name":"wp","href":"https:\/\/api.w.org\/{rel}","templated":true}]}}