{"id":754220,"date":"2025-08-28T06:05:00","date_gmt":"2025-08-28T03:05:00","guid":{"rendered":"https:\/\/roveyayinevi.com.tr\/index.php\/urun\/carpe-diem-2-cozum\/"},"modified":"2026-04-16T03:07:44","modified_gmt":"2026-04-16T00:07:44","slug":"carpe-diem-2-cozum","status":"publish","type":"product","link":"https:\/\/roveyayinevi.com.tr\/index.php\/urun\/carpe-diem-2-cozum\/","title":{"rendered":"Carpe Diem 2 &#8211; \u00c7\u00f6z\u00fcm"},"content":{"rendered":"<p>\u201cBazen hayat\u0131n ger\u00e7ekleri ayd\u0131nl\u0131kt\u0131r, elle tutulur gibi g\u00f6z\u00fcn\u00fcn\u00f6n\u00fcndedir, bazen de gev\u015fek bir ta\u015f\u0131n ard\u0131na saklanm\u0131\u015f gibikaranl\u0131ktad\u0131r ve ortaya \u00e7\u0131kacak vakti bekler.\u201d Simay, kendini bir haberin gelece\u011fi umuduna ba\u011flam\u0131\u015fbeklemektedir. Bu hik\u00e2yede tek mi kalacak, yoksa Burkay\u2019danbir haber alacak m\u0131d\u0131r? Birbirine girmi\u015f olaylar\u0131n nihayet s\u0131rperdelerinin araland\u0131\u011f\u0131, durmak bilmeyen bu karma\u015fan\u0131n ortas\u0131nda Simay bir de ge\u00e7mi\u015fin korkun\u00e7 hayaletleriyle ba\u015f etmeye u\u011fra\u015f\u0131r. Burkay, planlar\u0131 do\u011frultusunda hareket etmeye kararl\u0131,sonunda adaleti sa\u011flayaca\u011f\u0131na emindir ama kalbinin \u00e7arp\u0131nt\u0131s\u0131n\u0131duymazdan gelemez. Simay\u2019\u0131 g\u00fcvende tutman\u0131n en iyi yolu onugeride b\u0131rakmak m\u0131d\u0131r, yoksa elini s\u0131ms\u0131k\u0131 tutmak m\u0131? Y\u00fcz\u00fcn\u00fcezberlediklerinin yan\u0131 s\u0131ra, sesi \u00f6fkesini harlayan d\u00fc\u015fmanlara da kafa tutan Burkay, hem a\u015fk\u0131na hem dostunun hat\u0131ras\u0131na sahip \u00e7\u0131kmaya gayret eder. Hayat sahnesinde karakterleri gere\u011fi hep ba\u015frol\u00fc kapm\u0131\u015f Simayve Burkay, zifiri karanl\u0131k gizleri g\u00fcny\u00fcz\u00fcne \u00e7\u0131karacak, ger\u00e7eklerinac\u0131s\u0131yla s\u0131nanacak, a\u015fkla birbirlerine tekrar ve tekrar ba\u011flanacaklar. P\u00fcr-i pak a\u015fklar\u0131, ayd\u0131nl\u0131k bir ruhun huzura kavu\u015fmas\u0131na yard\u0131m edebilecek mi? Durmak bilmeden planlar\u0131n\u0131 bozanlar, dirayetlerini k\u0131rabilecek mi? Her \u015fey muhakkak ki bir \u00e7\u00f6z\u00fcme varacak&#8230; ama hak etti\u011fi sona ula\u015fabilecek mi?<\/p>\n","protected":false},"excerpt":{"rendered":"<p>\u201cBazen hayat\u0131n ger\u00e7ekleri ayd\u0131nl\u0131kt\u0131r, elle tutulur gibi g\u00f6z\u00fcn\u00fcn\u00f6n\u00fcndedir, bazen de gev\u015fek bir ta\u015f\u0131n ard\u0131na saklanm\u0131\u015f gibikaranl\u0131ktad\u0131r ve ortaya \u00e7\u0131kacak vakti bekler.\u201d Simay, kendini bir haberin gelece\u011fi<span class=\"excerpt-hellip\"> [\u2026]<\/span><\/p>\n","protected":false},"featured_media":0,"template":"","meta":{"_monsterinsights_skip_tracking":false,"_monsterinsights_sitenote_active":false,"_monsterinsights_sitenote_note":"","_monsterinsights_sitenote_category":0},"product_brand":[],"product_cat":[14643,12291],"product_tag":[],"class_list":{"0":"post-754220","1":"product","2":"type-product","3":"status-publish","5":"product_cat-ask","6":"product_cat-edebiyat","7":"pa_cilt-ciltsiz","8":"pa_tur-kitap","9":"pa_yayinevi-epsilon-yayinlari","10":"pa_yazar-sevsen-ataker","12":"first","13":"instock","14":"sale","15":"shipping-taxable","16":"purchasable","17":"product-type-simple"},"_links":{"self":[{"href":"https:\/\/roveyayinevi.com.tr\/index.php\/wp-json\/wp\/v2\/product\/754220","targetHints":{"allow":["GET"]}}],"collection":[{"href":"https:\/\/roveyayinevi.com.tr\/index.php\/wp-json\/wp\/v2\/product"}],"about":[{"href":"https:\/\/roveyayinevi.com.tr\/index.php\/wp-json\/wp\/v2\/types\/product"}],"wp:attachment":[{"href":"https:\/\/roveyayinevi.com.tr\/index.php\/wp-json\/wp\/v2\/media?parent=754220"}],"wp:term":[{"taxonomy":"product_brand","embeddable":true,"href":"https:\/\/roveyayinevi.com.tr\/index.php\/wp-json\/wp\/v2\/product_brand?post=754220"},{"taxonomy":"product_cat","embeddable":true,"href":"https:\/\/roveyayinevi.com.tr\/index.php\/wp-json\/wp\/v2\/product_cat?post=754220"},{"taxonomy":"product_tag","embeddable":true,"href":"https:\/\/roveyayinevi.com.tr\/index.php\/wp-json\/wp\/v2\/product_tag?post=754220"}],"curies":[{"name":"wp","href":"https:\/\/api.w.org\/{rel}","templated":true}]}}