{"id":754218,"date":"2025-08-28T06:04:57","date_gmt":"2025-08-28T03:04:57","guid":{"rendered":"https:\/\/roveyayinevi.com.tr\/index.php\/urun\/cocuklar-icin-hadis-ciltli\/"},"modified":"2026-04-16T03:07:44","modified_gmt":"2026-04-16T00:07:44","slug":"cocuklar-icin-hadis-ciltli","status":"publish","type":"product","link":"https:\/\/roveyayinevi.com.tr\/index.php\/urun\/cocuklar-icin-hadis-ciltli\/","title":{"rendered":"\u00c7ocuklar \u0130\u00e7in Hadis (Ciltli)"},"content":{"rendered":"<p>K\u00fc\u00e7\u00fck kalpleri cennetler kadar g\u00fczel olan sevgili \u00e7ocuklar, Peygamber Efendimizin (a.s.m.) s\u00f6zleri ve davran\u0131\u015flar\u0131na \u201chadis-i \u015ferif \u201d denir. Bir hadis-i \u015feriflerinde Peygamber Efendimiz (a.s.m.) \u015f\u00f6yle buyururlar: \u201cSize iki \u015fey b\u0131rak\u0131yorum, onlara s\u0131ms\u0131k\u0131 sar\u0131l\u0131rsan\u0131z asla e\u011fri yola sapmazs\u0131n\u0131z. Bunlar\u0131n birincisi Allah\u2019\u0131n kitab\u0131 Kur\u2019an-\u0131 Kerim, ikincisi Allah\u2019\u0131n Resul\u00fcn\u00fcn s\u00fcnneti ve hadisleridir.\u201d Sevgili \u00e7ocuklar, \u015fimdi art\u0131k sizin de kendinize \u00f6zel bir \u201cHadis\u201d kitab\u0131n\u0131z var. Sizler bu \u201c\u00c7ocuk Hadis Kitab\u0131\u201d ile Efendiler Efendisi Sevgili Peygamberimizi (a.s.m.) daha iyi tan\u0131y\u0131p s\u00fcnnetlerini \u00f6\u011freneceksiniz. Hadis kitab\u0131n\u0131z bitti\u011finde Peygamber Efendimizi daha iyi tan\u0131m\u0131\u015f olacaks\u0131n\u0131z. <\/p>\n","protected":false},"excerpt":{"rendered":"<p>K\u00fc\u00e7\u00fck kalpleri cennetler kadar g\u00fczel olan sevgili \u00e7ocuklar, Peygamber Efendimizin (a.s.m.) s\u00f6zleri ve davran\u0131\u015flar\u0131na \u201chadis-i \u015ferif \u201d denir. Bir hadis-i \u015feriflerinde Peygamber Efendimiz (a.s.m.) \u015f\u00f6yle buyururlar:<span class=\"excerpt-hellip\"> [\u2026]<\/span><\/p>\n","protected":false},"featured_media":0,"template":"","meta":{"_monsterinsights_skip_tracking":false,"_monsterinsights_sitenote_active":false,"_monsterinsights_sitenote_note":"","_monsterinsights_sitenote_category":0},"product_brand":[],"product_cat":[12274,12284],"product_tag":[],"class_list":{"0":"post-754218","1":"product","2":"type-product","3":"status-publish","5":"product_cat-cocuk-ve-genclik-kitaplari","6":"product_cat-hikayeler","7":"pa_cilt-ciltli","8":"pa_tur-kitap","9":"pa_yayinevi-nesil-cocuk-yayinlari","10":"pa_yazar-yilmaz-yenidinc","12":"first","13":"instock","14":"sale","15":"shipping-taxable","16":"purchasable","17":"product-type-simple"},"_links":{"self":[{"href":"https:\/\/roveyayinevi.com.tr\/index.php\/wp-json\/wp\/v2\/product\/754218","targetHints":{"allow":["GET"]}}],"collection":[{"href":"https:\/\/roveyayinevi.com.tr\/index.php\/wp-json\/wp\/v2\/product"}],"about":[{"href":"https:\/\/roveyayinevi.com.tr\/index.php\/wp-json\/wp\/v2\/types\/product"}],"wp:attachment":[{"href":"https:\/\/roveyayinevi.com.tr\/index.php\/wp-json\/wp\/v2\/media?parent=754218"}],"wp:term":[{"taxonomy":"product_brand","embeddable":true,"href":"https:\/\/roveyayinevi.com.tr\/index.php\/wp-json\/wp\/v2\/product_brand?post=754218"},{"taxonomy":"product_cat","embeddable":true,"href":"https:\/\/roveyayinevi.com.tr\/index.php\/wp-json\/wp\/v2\/product_cat?post=754218"},{"taxonomy":"product_tag","embeddable":true,"href":"https:\/\/roveyayinevi.com.tr\/index.php\/wp-json\/wp\/v2\/product_tag?post=754218"}],"curies":[{"name":"wp","href":"https:\/\/api.w.org\/{rel}","templated":true}]}}