{"id":754217,"date":"2025-08-28T06:04:55","date_gmt":"2025-08-28T03:04:55","guid":{"rendered":"https:\/\/roveyayinevi.com.tr\/index.php\/urun\/gicikgiller-apartmani-3-ciltli\/"},"modified":"2026-04-16T03:07:44","modified_gmt":"2026-04-16T00:07:44","slug":"gicikgiller-apartmani-3-ciltli","status":"publish","type":"product","link":"https:\/\/roveyayinevi.com.tr\/index.php\/urun\/gicikgiller-apartmani-3-ciltli\/","title":{"rendered":"G\u0131c\u0131kgiller Apartman\u0131 3 (Ciltli)"},"content":{"rendered":"<p>Macera pe\u015fimi b\u0131rakm\u0131yor. Bodrumdan gelen esrarengiz sesler kime ait? Hamdullah amca ajan m\u0131? Nuriye teyze t\u0131ka basa yemek yiyerek zay\u0131flayabilecek mi? Kedi kaleci Remzi amca D\u00fcnya&#8217;y\u0131 kurtarabilecek mi? Yapacak \u00e7ok \u00f6nemli i\u015flerim var. Bir an \u00f6nce bo\u015fa ge\u00e7en y\u0131llar\u0131 kurtarmam laz\u0131m. \u0130NSANLIK B\u0130Z\u0130 BEKL\u0130YOR. Bana yard\u0131m eder misiniz? Macera ba\u015fl\u0131yor. G\u00fclmekten bay\u0131lmaya haz\u0131r olun. Ben Yusuf Emre. <\/p>\n","protected":false},"excerpt":{"rendered":"<p>Macera pe\u015fimi b\u0131rakm\u0131yor. Bodrumdan gelen esrarengiz sesler kime ait? Hamdullah amca ajan m\u0131? Nuriye teyze t\u0131ka basa yemek yiyerek zay\u0131flayabilecek mi? Kedi kaleci Remzi amca D\u00fcnya&#8217;y\u0131<span class=\"excerpt-hellip\"> [\u2026]<\/span><\/p>\n","protected":false},"featured_media":0,"template":"","meta":{"_monsterinsights_skip_tracking":false,"_monsterinsights_sitenote_active":false,"_monsterinsights_sitenote_note":"","_monsterinsights_sitenote_category":0},"product_brand":[],"product_cat":[12275,12274],"product_tag":[],"class_list":{"0":"post-754217","1":"product","2":"type-product","3":"status-publish","5":"product_cat-6-12-yas-kitaplari","6":"product_cat-cocuk-ve-genclik-kitaplari","7":"pa_cilt-ciltli","8":"pa_tur-kitap","9":"pa_yayinevi-nesil-genc","10":"pa_yazar-yusuf-asal","12":"first","13":"instock","14":"sale","15":"shipping-taxable","16":"purchasable","17":"product-type-simple"},"_links":{"self":[{"href":"https:\/\/roveyayinevi.com.tr\/index.php\/wp-json\/wp\/v2\/product\/754217","targetHints":{"allow":["GET"]}}],"collection":[{"href":"https:\/\/roveyayinevi.com.tr\/index.php\/wp-json\/wp\/v2\/product"}],"about":[{"href":"https:\/\/roveyayinevi.com.tr\/index.php\/wp-json\/wp\/v2\/types\/product"}],"wp:attachment":[{"href":"https:\/\/roveyayinevi.com.tr\/index.php\/wp-json\/wp\/v2\/media?parent=754217"}],"wp:term":[{"taxonomy":"product_brand","embeddable":true,"href":"https:\/\/roveyayinevi.com.tr\/index.php\/wp-json\/wp\/v2\/product_brand?post=754217"},{"taxonomy":"product_cat","embeddable":true,"href":"https:\/\/roveyayinevi.com.tr\/index.php\/wp-json\/wp\/v2\/product_cat?post=754217"},{"taxonomy":"product_tag","embeddable":true,"href":"https:\/\/roveyayinevi.com.tr\/index.php\/wp-json\/wp\/v2\/product_tag?post=754217"}],"curies":[{"name":"wp","href":"https:\/\/api.w.org\/{rel}","templated":true}]}}