{"id":754216,"date":"2025-08-28T06:04:54","date_gmt":"2025-08-28T03:04:54","guid":{"rendered":"https:\/\/roveyayinevi.com.tr\/index.php\/urun\/cevrimici-eylul\/"},"modified":"2026-04-16T03:07:44","modified_gmt":"2026-04-16T00:07:44","slug":"cevrimici-eylul","status":"publish","type":"product","link":"https:\/\/roveyayinevi.com.tr\/index.php\/urun\/cevrimici-eylul\/","title":{"rendered":"\u00c7evrimi\u00e7i Eyl\u00fcl"},"content":{"rendered":"<p>Eyl\u00fcl, yeni okulunda arkada\u015f edinmeye \u00e7al\u0131\u015f\u0131rken bir \u015fey fark eder: S\u0131n\u0131f\u0131nda bir siber zorba vard\u0131r! Bu \u00e7ocuk, s\u0131n\u0131ftakilere internet \u00fczerinden zorbal\u0131k yapmaktad\u0131r. Birisinin buna dur demesi gerekiyor. Eyl\u00fcl, bu i\u015fe el atar ve s\u0131n\u0131ftaki \u00e7ocuklar\u0131n huzurunu bozan siber zorban\u0131n pe\u015fine d\u00fc\u015fer.   Uzm. Klinik Psikolog G\u00fcl\u015fah Aksakall\u0131, ilk kitab\u0131 \u00c7evrimi\u00e7i Eyl\u00fcl\u2019de, \u00e7ocuklar\u0131n internet d\u00fcnyas\u0131nda \u00f6zellikle nelere dikkat etmeleri gerekti\u011fini e\u011flenceli bir macerayla anlat\u0131yor. <\/p>\n","protected":false},"excerpt":{"rendered":"<p>Eyl\u00fcl, yeni okulunda arkada\u015f edinmeye \u00e7al\u0131\u015f\u0131rken bir \u015fey fark eder: S\u0131n\u0131f\u0131nda bir siber zorba vard\u0131r! Bu \u00e7ocuk, s\u0131n\u0131ftakilere internet \u00fczerinden zorbal\u0131k yapmaktad\u0131r. Birisinin buna dur demesi<span class=\"excerpt-hellip\"> [\u2026]<\/span><\/p>\n","protected":false},"featured_media":0,"template":"","meta":{"_monsterinsights_skip_tracking":false,"_monsterinsights_sitenote_active":false,"_monsterinsights_sitenote_note":"","_monsterinsights_sitenote_category":0},"product_brand":[],"product_cat":[12274],"product_tag":[],"class_list":{"0":"post-754216","1":"product","2":"type-product","3":"status-publish","5":"product_cat-cocuk-ve-genclik-kitaplari","6":"pa_cilt-ciltsiz","7":"pa_tur-kitap","8":"pa_yayinevi-kirmizi-kedi-yayinevi","9":"pa_yazar-gulsah-aksakalli","11":"first","12":"instock","13":"sale","14":"shipping-taxable","15":"purchasable","16":"product-type-simple"},"_links":{"self":[{"href":"https:\/\/roveyayinevi.com.tr\/index.php\/wp-json\/wp\/v2\/product\/754216","targetHints":{"allow":["GET"]}}],"collection":[{"href":"https:\/\/roveyayinevi.com.tr\/index.php\/wp-json\/wp\/v2\/product"}],"about":[{"href":"https:\/\/roveyayinevi.com.tr\/index.php\/wp-json\/wp\/v2\/types\/product"}],"wp:attachment":[{"href":"https:\/\/roveyayinevi.com.tr\/index.php\/wp-json\/wp\/v2\/media?parent=754216"}],"wp:term":[{"taxonomy":"product_brand","embeddable":true,"href":"https:\/\/roveyayinevi.com.tr\/index.php\/wp-json\/wp\/v2\/product_brand?post=754216"},{"taxonomy":"product_cat","embeddable":true,"href":"https:\/\/roveyayinevi.com.tr\/index.php\/wp-json\/wp\/v2\/product_cat?post=754216"},{"taxonomy":"product_tag","embeddable":true,"href":"https:\/\/roveyayinevi.com.tr\/index.php\/wp-json\/wp\/v2\/product_tag?post=754216"}],"curies":[{"name":"wp","href":"https:\/\/api.w.org\/{rel}","templated":true}]}}