{"id":754210,"date":"2025-08-28T06:04:46","date_gmt":"2025-08-28T03:04:46","guid":{"rendered":"https:\/\/roveyayinevi.com.tr\/index.php\/urun\/vegan-devrimi-ve-hayvan-ozgurlugu-2\/"},"modified":"2026-04-16T03:07:44","modified_gmt":"2026-04-16T00:07:44","slug":"vegan-devrimi-ve-hayvan-ozgurlugu-2","status":"publish","type":"product","link":"https:\/\/roveyayinevi.com.tr\/index.php\/urun\/vegan-devrimi-ve-hayvan-ozgurlugu-2\/","title":{"rendered":"Vegan Devrimi ve Hayvan \u00d6zg\u00fcrl\u00fc\u011f\u00fc"},"content":{"rendered":"<p>Bu kitap, ya\u015fad\u0131\u011f\u0131 d\u00f6nemi belgelemek isteyen bir foto\u011fraf\u00e7\u0131n\u0131n duydu\u011fu ihtiya\u00e7la yaz\u0131ld\u0131. \u0130\u00e7inde ya\u015fad\u0131\u011f\u0131m topluma ve d\u00fcnyaya dair anlamayan \u00e7al\u0131\u015ft\u0131\u011f\u0131m ama anlamland\u0131ramad\u0131\u011f\u0131m \u00e7ok \u015fey var. Bunlar\u0131n i\u00e7inde ben en \u00e7ok utand\u0131ran, 21. Y\u00fczy\u0131lda artarak devam eden insan \u015fiddeti. Kendi t\u00fcr\u00fcne, hayvanlara ve do\u011faya h\u00e2kim olmaya \u00e7al\u0131\u015fan insan\u0131n g\u00fc\u00e7 sava\u015f\u0131, ne akl\u0131n ne de vicdan\u0131n kabul edebilece\u011fi t\u00fcrden\u2026 \u0130nsanlar aras\u0131ndaki iktidar ve para odakl\u0131 sava\u015f, zorban\u0131n hemen her alanda ezmesine yol a\u00e7arken, bu m\u00fccadele, insan ve insan d\u0131\u015f\u0131 hayvan ili\u015fkisinde ya\u015fam hakk\u0131n\u0131n yasal olarak yok edilmesi ile sonu\u00e7lan\u0131yor. Sonu\u00e7 olarak kendileri g\u00fc\u00e7l\u00fcler taraf\u0131ndan ezilen insanlar da, hayvanlar\u0131 \u00e7e\u015fitli gerek\u00e7elerle \u00f6ld\u00fcrmeyi normal g\u00f6r\u00fcyor. Bu \u00e7arp\u0131kl\u0131\u011f\u0131n insanl\u0131k taraf\u0131ndan kabul edildi\u011fi, h\u00fcmanist yakla\u015f\u0131mlar\u0131n adaleti insanla s\u0131n\u0131rlad\u0131\u011f\u0131 bir d\u00fcnyada ya\u015f\u0131yoruz. Biz hayvan \u00f6zg\u00fcrl\u00fck\u00e7\u00fcleri, ya\u015fam hakk\u0131n\u0131n savunucusuyuz. \u0130nsan\u0131n ve insan d\u0131\u015f\u0131 hayvan\u0131n, bu d\u00fcnyaya gelmekle kazand\u0131\u011f\u0131 ya\u015fam hakk\u0131, dokunulmaz olmal\u0131; herhangi bir gerek\u00e7eyle yok edilmesi normalle\u015ftirilmemeli. Bununla s\u0131n\u0131rl\u0131 da kalmamal\u0131; insan\u0131n ve insan d\u0131\u015f\u0131 hayvanlar\u0131n ya\u015famlar\u0131n\u0131 \u015fiddete ve s\u00f6m\u00fcr\u00fcye maruz kalmadan s\u00fcrd\u00fcrme hakk\u0131 tan\u0131nmal\u0131. 21. Y\u00fczy\u0131lda insanl\u0131\u011f\u0131n \u00f6n\u00fcndeki en b\u00fcy\u00fck devrim bu\u2026 <\/p>\n","protected":false},"excerpt":{"rendered":"<p>Bu kitap, ya\u015fad\u0131\u011f\u0131 d\u00f6nemi belgelemek isteyen bir foto\u011fraf\u00e7\u0131n\u0131n duydu\u011fu ihtiya\u00e7la yaz\u0131ld\u0131. \u0130\u00e7inde ya\u015fad\u0131\u011f\u0131m topluma ve d\u00fcnyaya dair anlamayan \u00e7al\u0131\u015ft\u0131\u011f\u0131m ama anlamland\u0131ramad\u0131\u011f\u0131m \u00e7ok \u015fey var. Bunlar\u0131n i\u00e7inde<span class=\"excerpt-hellip\"> [\u2026]<\/span><\/p>\n","protected":false},"featured_media":0,"template":"","meta":{"_monsterinsights_skip_tracking":false,"_monsterinsights_sitenote_active":false,"_monsterinsights_sitenote_note":"","_monsterinsights_sitenote_category":0},"product_brand":[],"product_cat":[13590,12337],"product_tag":[],"class_list":{"0":"post-754210","1":"product","2":"type-product","3":"status-publish","5":"product_cat-arastirma-inceleme-politika-siyaset","6":"product_cat-politika-siyaset","7":"pa_cilt-ciltsiz","8":"pa_tur-kitap","9":"pa_yayinevi-cumhuriyet-kitaplari","10":"pa_yazar-dogan-kuban","12":"first","13":"instock","14":"sale","15":"shipping-taxable","16":"purchasable","17":"product-type-simple"},"_links":{"self":[{"href":"https:\/\/roveyayinevi.com.tr\/index.php\/wp-json\/wp\/v2\/product\/754210","targetHints":{"allow":["GET"]}}],"collection":[{"href":"https:\/\/roveyayinevi.com.tr\/index.php\/wp-json\/wp\/v2\/product"}],"about":[{"href":"https:\/\/roveyayinevi.com.tr\/index.php\/wp-json\/wp\/v2\/types\/product"}],"wp:attachment":[{"href":"https:\/\/roveyayinevi.com.tr\/index.php\/wp-json\/wp\/v2\/media?parent=754210"}],"wp:term":[{"taxonomy":"product_brand","embeddable":true,"href":"https:\/\/roveyayinevi.com.tr\/index.php\/wp-json\/wp\/v2\/product_brand?post=754210"},{"taxonomy":"product_cat","embeddable":true,"href":"https:\/\/roveyayinevi.com.tr\/index.php\/wp-json\/wp\/v2\/product_cat?post=754210"},{"taxonomy":"product_tag","embeddable":true,"href":"https:\/\/roveyayinevi.com.tr\/index.php\/wp-json\/wp\/v2\/product_tag?post=754210"}],"curies":[{"name":"wp","href":"https:\/\/api.w.org\/{rel}","templated":true}]}}