{"id":754208,"date":"2025-08-28T06:04:43","date_gmt":"2025-08-28T03:04:43","guid":{"rendered":"https:\/\/roveyayinevi.com.tr\/index.php\/urun\/fotografci-ile-kucuk-kiz\/"},"modified":"2026-04-16T03:07:44","modified_gmt":"2026-04-16T00:07:44","slug":"fotografci-ile-kucuk-kiz","status":"publish","type":"product","link":"https:\/\/roveyayinevi.com.tr\/index.php\/urun\/fotografci-ile-kucuk-kiz\/","title":{"rendered":"Foto\u011fraf\u00e7\u0131 ile K\u00fc\u00e7\u00fck K\u0131z"},"content":{"rendered":"<p>\u00c7a\u011fda\u015f Portekiz edebiyat\u0131n\u0131n usta ismi, metinleraras\u0131 oyunlar\u0131 seven M\u00e1rio Cl\u00e1udio, Foto\u011fraf\u00e7\u0131 \u0130le K\u00fc\u00e7\u00fck K\u0131z\u2019da \u00e7ocuk edebiyat\u0131n\u0131n en bilinen eserlerinden birinin arka plan\u0131nda ve sat\u0131r aralar\u0131nda geziniyor: Yazar bu romanda, eserlerinde Lewis Carrol takma ad\u0131n\u0131 kullanan matematik\u00e7i ve foto\u011fraf\u00e7\u0131 Charles Dodgson\u2019\u0131n Alice Harikalar Diyar\u0131nda\u2019y\u0131 kurgulad\u0131\u011f\u0131 zamana uzan\u0131yor. Ancak M\u00e1rio Cl\u00e1udio, merkeze Dodgson\u2019u de\u011fil, onun tan\u0131d\u0131\u011f\u0131, foto\u011fraflar\u0131n\u0131 \u00e7ekti\u011fi, hik\u00e2yeler anlatt\u0131\u011f\u0131 k\u00fc\u00e7\u00fck bir k\u0131z olan Alice Liddell\u2019i al\u0131yor: B\u00f6ylece metaforik anlamlarla y\u00fckl\u00fc bir metnin kurulu\u015fu; yazar ile ilham kayna\u011f\u0131 aras\u0131ndaki karma\u015f\u0131k ili\u015fki bamba\u015fka bir anlam kazan\u0131yor.M\u00e1rio Cl\u00e1udio, Beyaz Tav\u015fan, T\u0131rt\u0131l, Kupa Krali\u00e7esi gibi karakterle donat\u0131lm\u0131\u015f karma\u015f\u0131k bir harikalar diyar\u0131n\u0131n, g\u00f6lgelerin ve karanl\u0131k anlar\u0131n da oldu\u011fu perde arkas\u0131na bakmaya \u00e7a\u011f\u0131r\u0131yor.<\/p>\n","protected":false},"excerpt":{"rendered":"<p>\u00c7a\u011fda\u015f Portekiz edebiyat\u0131n\u0131n usta ismi, metinleraras\u0131 oyunlar\u0131 seven M\u00e1rio Cl\u00e1udio, Foto\u011fraf\u00e7\u0131 \u0130le K\u00fc\u00e7\u00fck K\u0131z\u2019da \u00e7ocuk edebiyat\u0131n\u0131n en bilinen eserlerinden birinin arka plan\u0131nda ve sat\u0131r aralar\u0131nda geziniyor:<span class=\"excerpt-hellip\"> [\u2026]<\/span><\/p>\n","protected":false},"featured_media":0,"template":"","meta":{"_monsterinsights_skip_tracking":false,"_monsterinsights_sitenote_active":false,"_monsterinsights_sitenote_note":"","_monsterinsights_sitenote_category":0},"product_brand":[],"product_cat":[12291,12711],"product_tag":[],"class_list":{"0":"post-754208","1":"product","2":"type-product","3":"status-publish","5":"product_cat-edebiyat","6":"product_cat-roman-oyku","7":"pa_cilt-ciltsiz","8":"pa_tur-kitap","9":"pa_yayinevi-everest-yayinlari","10":"pa_yazar-mario-claudio","12":"first","13":"instock","14":"sale","15":"shipping-taxable","16":"purchasable","17":"product-type-simple"},"_links":{"self":[{"href":"https:\/\/roveyayinevi.com.tr\/index.php\/wp-json\/wp\/v2\/product\/754208","targetHints":{"allow":["GET"]}}],"collection":[{"href":"https:\/\/roveyayinevi.com.tr\/index.php\/wp-json\/wp\/v2\/product"}],"about":[{"href":"https:\/\/roveyayinevi.com.tr\/index.php\/wp-json\/wp\/v2\/types\/product"}],"wp:attachment":[{"href":"https:\/\/roveyayinevi.com.tr\/index.php\/wp-json\/wp\/v2\/media?parent=754208"}],"wp:term":[{"taxonomy":"product_brand","embeddable":true,"href":"https:\/\/roveyayinevi.com.tr\/index.php\/wp-json\/wp\/v2\/product_brand?post=754208"},{"taxonomy":"product_cat","embeddable":true,"href":"https:\/\/roveyayinevi.com.tr\/index.php\/wp-json\/wp\/v2\/product_cat?post=754208"},{"taxonomy":"product_tag","embeddable":true,"href":"https:\/\/roveyayinevi.com.tr\/index.php\/wp-json\/wp\/v2\/product_tag?post=754208"}],"curies":[{"name":"wp","href":"https:\/\/api.w.org\/{rel}","templated":true}]}}