{"id":754202,"date":"2025-08-28T06:04:31","date_gmt":"2025-08-28T03:04:31","guid":{"rendered":"https:\/\/roveyayinevi.com.tr\/index.php\/urun\/kucuklere-deniz-alti-dunyasi-etkinlik-kitabi\/"},"modified":"2026-04-16T03:07:43","modified_gmt":"2026-04-16T00:07:43","slug":"kucuklere-deniz-alti-dunyasi-etkinlik-kitabi","status":"publish","type":"product","link":"https:\/\/roveyayinevi.com.tr\/index.php\/urun\/kucuklere-deniz-alti-dunyasi-etkinlik-kitabi\/","title":{"rendered":"K\u00fc\u00e7\u00fcklere Deniz Alt\u0131 D\u00fcnyas\u0131 Etkinlik Kitab\u0131"},"content":{"rendered":"<p>\u00c7ocuklar i\u00e7in E\u011flence Zaman\u0131! K\u00fc\u00e7\u00fcklere Deniz Alt\u0131 D\u00fcnyas\u0131 Etkinlik Kitab\u0131, bir bulmaca, labirent, farkl\u0131l\u0131klar\u0131 bulma, boyama, say\u0131 sayma ve noktalar\u0131 birle\u015ftirme etkinli\u011fi , i\u00e7eriyor. G\u00f6rkemli deniz alt\u0131 d\u00fcnyas\u0131n\u0131 merak eden minikler, farkl\u0131 deniz canl\u0131lar\u0131n\u0131 tan\u0131yacak, onlar\u0131 yuvalar\u0131na ula\u015ft\u0131racak, mercan resiflerini boyayacak ve daha pek \u00e7ok keyifli  etkinlik sayesinde zaman\u0131n nas\u0131l ge\u00e7ti\u011fini anlamayacak.   Evde, d\u0131\u015farda, tatilde&#8230; Hatta yolculuk yaparken! Nerede, ne zaman can\u0131 s\u0131k\u0131l\u0131rsa&#8230;   \u00c7ok say\u0131da e\u011flenceli etkinlikle dolu bu kitap, \u00e7ocu\u011funuzun dikkat, el-g\u00f6z koordinasyonu, g\u00f6rsel alg\u0131 ve motor becerilerinin geli\u015fimine katk\u0131 sa\u011flayacak, \u00e7ocuklar bu kitab\u0131 ellerinden d\u00fc\u015f\u00fcrmeyecek. <\/p>\n","protected":false},"excerpt":{"rendered":"<p>\u00c7ocuklar i\u00e7in E\u011flence Zaman\u0131! K\u00fc\u00e7\u00fcklere Deniz Alt\u0131 D\u00fcnyas\u0131 Etkinlik Kitab\u0131, bir bulmaca, labirent, farkl\u0131l\u0131klar\u0131 bulma, boyama, say\u0131 sayma ve noktalar\u0131 birle\u015ftirme etkinli\u011fi , i\u00e7eriyor. G\u00f6rkemli deniz<span class=\"excerpt-hellip\"> [\u2026]<\/span><\/p>\n","protected":false},"featured_media":0,"template":"","meta":{"_monsterinsights_skip_tracking":false,"_monsterinsights_sitenote_active":false,"_monsterinsights_sitenote_note":"","_monsterinsights_sitenote_category":0},"product_brand":[],"product_cat":[12274,15842],"product_tag":[],"class_list":{"0":"post-754202","1":"product","2":"type-product","3":"status-publish","5":"product_cat-cocuk-ve-genclik-kitaplari","6":"product_cat-egitici-kitaplar","7":"pa_cilt-ciltsiz","8":"pa_tur-kitap","9":"pa_yayinevi-1001-cicek-kitaplar","10":"pa_yazar-rebecca-gilpin","12":"first","13":"instock","14":"sale","15":"shipping-taxable","16":"purchasable","17":"product-type-simple"},"_links":{"self":[{"href":"https:\/\/roveyayinevi.com.tr\/index.php\/wp-json\/wp\/v2\/product\/754202","targetHints":{"allow":["GET"]}}],"collection":[{"href":"https:\/\/roveyayinevi.com.tr\/index.php\/wp-json\/wp\/v2\/product"}],"about":[{"href":"https:\/\/roveyayinevi.com.tr\/index.php\/wp-json\/wp\/v2\/types\/product"}],"wp:attachment":[{"href":"https:\/\/roveyayinevi.com.tr\/index.php\/wp-json\/wp\/v2\/media?parent=754202"}],"wp:term":[{"taxonomy":"product_brand","embeddable":true,"href":"https:\/\/roveyayinevi.com.tr\/index.php\/wp-json\/wp\/v2\/product_brand?post=754202"},{"taxonomy":"product_cat","embeddable":true,"href":"https:\/\/roveyayinevi.com.tr\/index.php\/wp-json\/wp\/v2\/product_cat?post=754202"},{"taxonomy":"product_tag","embeddable":true,"href":"https:\/\/roveyayinevi.com.tr\/index.php\/wp-json\/wp\/v2\/product_tag?post=754202"}],"curies":[{"name":"wp","href":"https:\/\/api.w.org\/{rel}","templated":true}]}}