{"id":754197,"date":"2025-08-28T06:04:23","date_gmt":"2025-08-28T03:04:23","guid":{"rendered":"https:\/\/roveyayinevi.com.tr\/index.php\/urun\/cumhuriyete-giderken-kurtler-1920-1923\/"},"modified":"2026-04-16T03:07:43","modified_gmt":"2026-04-16T00:07:43","slug":"cumhuriyete-giderken-kurtler-1920-1923","status":"publish","type":"product","link":"https:\/\/roveyayinevi.com.tr\/index.php\/urun\/cumhuriyete-giderken-kurtler-1920-1923\/","title":{"rendered":"Cumhuriyet\u2019e Giderken Ku\u0308rtler (1920-1923)"},"content":{"rendered":"<p>\u201c1923 sec\u0327imleri ile TBMM\u2019deki sosyopolitik c\u0327ok renklilik de ortadan kalkm\u0131s\u0327, mes\u0327ruiyetini tahkim eden Ankara\u2019n\u0131n Ku\u0308rt meselesine ilis\u0327kin bak\u0131s\u0327\u0131nda yeni kos\u0327ullar dahilinde paradigmatik bir deg\u0306is\u0327im yas\u0327anm\u0131s\u0327t\u0131r. Bu c\u0327erc\u0327evede, Lozan\u2019la s\u0327ekillenen yeni ku\u0308resel ve bo\u0308lgesel du\u0308zlemde Cumhuriyet idaresinin ilan\u0131, modern Tu\u0308rkiye\u2019nin milad\u0131 olmas\u0131 hasebiyle modern Ku\u0308rt sorununun da milad\u0131d\u0131r.\u201d Bug\u00fcn \u201cKu\u0308rt meselesi\/sorunu\u201d dendig\u0306inde, ayn\u0131 zamanda c\u0327ok boyutlu politik bir probleme is\u0327aret edilmis\u0327 olur ve daha ziyade problemin gu\u0308ncel izdu\u0308s\u0327u\u0308mleri u\u0308zerinden deg\u0306erlendirmeler yap\u0131l\u0131r. Fakat gu\u0308ncel izdu\u0308s\u0327u\u0308mlerin arkas\u0131nda o\u0308nemli tarihsel referanslar, do\u0308nemec\u0327ler ve yollar vard\u0131r. Sinan Hakan, Cumhuriyet\u2019e Giderken Ku\u0308rtler kitab\u0131nda sonuc\u0327lar\u0131n\u0131 bugu\u0308n de go\u0308rdu\u0308g\u0306u\u0308mu\u0308z pek c\u0327ok sorunun hangi tarihsel gelis\u0327meler neticesinde olus\u0327tug\u0306unun izlerini su\u0308rmeye devam ediyor. Bu\u0308yu\u0308k Millet Meclisi\u2019nin ac\u0327\u0131lmas\u0131yla noktalanan (1916-1920) o\u0308nceki kitab\u0131ndan sonra (Tu\u0308rkiye Kurulurken Ku\u0308rtler), bu kez Ku\u0308rt as\u0327iret liderleri ve politik akto\u0308rleri ile uluslararas\u0131 alanda da kazan\u0131mlar elde ederek mes\u0327rulug\u0306u gittikc\u0327e gu\u0308c\u0327lenen BMM aras\u0131ndaki gerilimli ve gelgitli ilis\u0327kiyi do\u0308nemin o\u0308nemli akto\u0308rlerinin resmi\u0302 yaz\u0131s\u0327malar\u0131ndan, askeri\u0302 ars\u0327iv kaynaklar\u0131ndan, gazete ars\u0327ivlerinden faydalanarak Cumhuriyet\u2019in kurulus\u0327una kadar getiriyor. Ku\u0308rt meselesinin s\u0327ekillenmesine katk\u0131da bulunan ulusal ve uluslararas\u0131 gerilim hatlar\u0131n\u0131n ancak yerel dinamiklerle etkiles\u0327im ic\u0327erisinde anlas\u0327\u0131labileceg\u0306i iddias\u0131n\u0131 su\u0308rdu\u0308ru\u0308yor.<\/p>\n","protected":false},"excerpt":{"rendered":"<p>\u201c1923 sec\u0327imleri ile TBMM\u2019deki sosyopolitik c\u0327ok renklilik de ortadan kalkm\u0131s\u0327, mes\u0327ruiyetini tahkim eden Ankara\u2019n\u0131n Ku\u0308rt meselesine ilis\u0327kin bak\u0131s\u0327\u0131nda yeni kos\u0327ullar dahilinde paradigmatik bir deg\u0306is\u0327im yas\u0327anm\u0131s\u0327t\u0131r. Bu<span class=\"excerpt-hellip\"> [\u2026]<\/span><\/p>\n","protected":false},"featured_media":0,"template":"","meta":{"_monsterinsights_skip_tracking":false,"_monsterinsights_sitenote_active":false,"_monsterinsights_sitenote_note":"","_monsterinsights_sitenote_category":0},"product_brand":[],"product_cat":[12304],"product_tag":[],"class_list":{"0":"post-754197","1":"product","2":"type-product","3":"status-publish","5":"product_cat-tarih","6":"pa_cilt-ciltsiz","7":"pa_tur-kitap","8":"pa_yayinevi-iletisim-yayinlari","9":"pa_yazar-sinan-hakan","11":"first","12":"instock","13":"sale","14":"shipping-taxable","15":"purchasable","16":"product-type-simple"},"_links":{"self":[{"href":"https:\/\/roveyayinevi.com.tr\/index.php\/wp-json\/wp\/v2\/product\/754197","targetHints":{"allow":["GET"]}}],"collection":[{"href":"https:\/\/roveyayinevi.com.tr\/index.php\/wp-json\/wp\/v2\/product"}],"about":[{"href":"https:\/\/roveyayinevi.com.tr\/index.php\/wp-json\/wp\/v2\/types\/product"}],"wp:attachment":[{"href":"https:\/\/roveyayinevi.com.tr\/index.php\/wp-json\/wp\/v2\/media?parent=754197"}],"wp:term":[{"taxonomy":"product_brand","embeddable":true,"href":"https:\/\/roveyayinevi.com.tr\/index.php\/wp-json\/wp\/v2\/product_brand?post=754197"},{"taxonomy":"product_cat","embeddable":true,"href":"https:\/\/roveyayinevi.com.tr\/index.php\/wp-json\/wp\/v2\/product_cat?post=754197"},{"taxonomy":"product_tag","embeddable":true,"href":"https:\/\/roveyayinevi.com.tr\/index.php\/wp-json\/wp\/v2\/product_tag?post=754197"}],"curies":[{"name":"wp","href":"https:\/\/api.w.org\/{rel}","templated":true}]}}