{"id":754194,"date":"2025-08-28T06:04:18","date_gmt":"2025-08-28T03:04:18","guid":{"rendered":"https:\/\/roveyayinevi.com.tr\/index.php\/urun\/bugun-biraz-utangacim-ciltli\/"},"modified":"2026-04-08T03:15:11","modified_gmt":"2026-04-08T00:15:11","slug":"bugun-biraz-utangacim-ciltli","status":"publish","type":"product","link":"https:\/\/roveyayinevi.com.tr\/index.php\/urun\/bugun-biraz-utangacim-ciltli\/","title":{"rendered":"Bug\u00fcn Biraz Utangac\u0131m (Ciltli)"},"content":{"rendered":"<p>Utanga\u00e7 miniklerin i\u00e7indeki cesareti uyand\u0131rmak hi\u00e7 de zor de\u011fil! Yazar Anna B\u00f6hm ile \u00e7izer Tim Warnes&#8217;\u0131n birlikte haz\u0131rlad\u0131klar\u0131 Bug\u00fcn Biraz Utangac\u0131m, utanma duygusunu sevimli mi sevimli karakterler \u00fczerinden ele alan s\u0131cac\u0131k bir hik\u00e2ye. \u0130\u00e7lerindeki utanga\u00e7l\u0131\u011f\u0131n kayna\u011f\u0131n\u0131 bulmak ve onu cesurca y\u00f6netmek i\u00e7in \u00e7ocuklara rehberlik eden bu d\u00fc\u015f\u00fcnd\u00fcr\u00fcc\u00fc kitap, \u00e7ekingenli\u011fi \u00f6zg\u00fcvenle yenmenin yaratt\u0131\u011f\u0131 &#8221;sihre&#8221; de\u011finiyor.  G\u00fcnlerden bir g\u00fcn, Minik kedi Nora yine \u00e7ok mutluydu. Arkada\u015flar\u0131yla oyun oynuyor, kartondan harika bir kul\u00fcbe yap\u0131yorlard\u0131. Fare Fuli, kap\u0131s\u0131na tabela yapmak istiyor ama ye\u015fil boya kalemini bir t\u00fcrl\u00fc bulam\u0131yordu. Herkes &#8221;d\u00fcnyan\u0131n en harika kul\u00fcbesi&#8221; i\u00e7in kollar\u0131 s\u0131vam\u0131\u015fken birden kap\u0131 \u00e7ald\u0131. O da nesi!? Kap\u0131da bir ku\u015f, \u00fcstelik s\u0131rt\u0131na bir banjo takm\u0131\u015f. Hayda! Bu ba\u011f\u0131rarak konu\u015fan yabanc\u0131 da nereden \u00e7\u0131kt\u0131? Yeni kom\u015fular\u0131ym\u0131\u015f me\u011fer. Oldu mu \u015fimdi \u00e7at kap\u0131 gelmesi; tam da ne\u015feyle dostlu\u011fun, birlikteli\u011fin tad\u0131n\u0131 \u00e7\u0131karacakken. Nora \u00fcrkt\u00fc ve hemen Koyun Kuzi&#8217;nin arkas\u0131na sakland\u0131. Az \u00f6nceki mutlulu\u011fundan eser kalmam\u0131\u015ft\u0131. Salonda u\u00e7maya ba\u015flayan ku\u015ftan tedirgin olmu\u015ftu bir kere&#8230; Peki Nora b\u00fct\u00fcn g\u00fcn\u00fc saklanarak m\u0131 ge\u00e7irdi, yoksa cesaretini toplay\u0131p yeni kom\u015fular\u0131 Bili&#8217;yle tan\u0131\u015fmay\u0131 ba\u015fard\u0131 m\u0131 dersiniz? Arkada\u015f ili\u015fkilerinde giri\u015fkenlik becerilerini geli\u015ftirmeleri i\u00e7in miniklere yol g\u00f6sterecek, ke\u015fiflerle dolu bir kendini tan\u0131ma ser\u00fcvenine haz\u0131r olun!<\/p>\n","protected":false},"excerpt":{"rendered":"<p>Utanga\u00e7 miniklerin i\u00e7indeki cesareti uyand\u0131rmak hi\u00e7 de zor de\u011fil! Yazar Anna B\u00f6hm ile \u00e7izer Tim Warnes&#8217;\u0131n birlikte haz\u0131rlad\u0131klar\u0131 Bug\u00fcn Biraz Utangac\u0131m, utanma duygusunu sevimli mi sevimli<span class=\"excerpt-hellip\"> [\u2026]<\/span><\/p>\n","protected":false},"featured_media":0,"template":"","meta":{"_monsterinsights_skip_tracking":false,"_monsterinsights_sitenote_active":false,"_monsterinsights_sitenote_note":"","_monsterinsights_sitenote_category":0},"product_brand":[],"product_cat":[12274,12284],"product_tag":[],"class_list":{"0":"post-754194","1":"product","2":"type-product","3":"status-publish","5":"product_cat-cocuk-ve-genclik-kitaplari","6":"product_cat-hikayeler","7":"pa_cilt-ciltli","8":"pa_tur-kitap","9":"pa_yayinevi-ucanbalik-yayincilik","10":"pa_yazar-anna-bohm","12":"first","13":"instock","14":"sale","15":"shipping-taxable","16":"purchasable","17":"product-type-simple"},"_links":{"self":[{"href":"https:\/\/roveyayinevi.com.tr\/index.php\/wp-json\/wp\/v2\/product\/754194","targetHints":{"allow":["GET"]}}],"collection":[{"href":"https:\/\/roveyayinevi.com.tr\/index.php\/wp-json\/wp\/v2\/product"}],"about":[{"href":"https:\/\/roveyayinevi.com.tr\/index.php\/wp-json\/wp\/v2\/types\/product"}],"wp:attachment":[{"href":"https:\/\/roveyayinevi.com.tr\/index.php\/wp-json\/wp\/v2\/media?parent=754194"}],"wp:term":[{"taxonomy":"product_brand","embeddable":true,"href":"https:\/\/roveyayinevi.com.tr\/index.php\/wp-json\/wp\/v2\/product_brand?post=754194"},{"taxonomy":"product_cat","embeddable":true,"href":"https:\/\/roveyayinevi.com.tr\/index.php\/wp-json\/wp\/v2\/product_cat?post=754194"},{"taxonomy":"product_tag","embeddable":true,"href":"https:\/\/roveyayinevi.com.tr\/index.php\/wp-json\/wp\/v2\/product_tag?post=754194"}],"curies":[{"name":"wp","href":"https:\/\/api.w.org\/{rel}","templated":true}]}}