{"id":754193,"date":"2025-08-28T06:04:16","date_gmt":"2025-08-28T03:04:16","guid":{"rendered":"https:\/\/roveyayinevi.com.tr\/index.php\/urun\/bugun-biraz-ofkeliyim-ciltli\/"},"modified":"2026-04-08T03:15:11","modified_gmt":"2026-04-08T00:15:11","slug":"bugun-biraz-ofkeliyim-ciltli","status":"publish","type":"product","link":"https:\/\/roveyayinevi.com.tr\/index.php\/urun\/bugun-biraz-ofkeliyim-ciltli\/","title":{"rendered":"Bug\u00fcn Biraz \u00d6fkeliyim (Ciltli)"},"content":{"rendered":"<p>\u00d6fkeli miniklerin ate\u015fini hafife almay\u0131n! Yazar Anna B\u00f6hm ile \u00e7izer Tim Warnes&#8217;\u0131n birlikte haz\u0131rlad\u0131klar\u0131 Bug\u00fcn Biraz \u00d6fkeliyim, \u00f6fke duygusunu sevimli mi sevimli karakterler \u00fczerinden ele alan s\u0131cac\u0131k bir hik\u00e2ye. \u0130\u00e7lerindeki \u00f6fkenin kayna\u011f\u0131n\u0131 bulmak ve onu nezaketle y\u00f6netmek i\u00e7in \u00e7ocuklara rehberlik eden bu d\u00fc\u015f\u00fcnd\u00fcr\u00fcc\u00fc kitap, kar\u015f\u0131la\u015f\u0131lan sorunlar\u0131 empatiyle \u00e7\u00f6zmenin yaratt\u0131\u011f\u0131 &#8221;sihre&#8221; de\u011finiyor.  Nora, g\u00fcne harika duygularla uyanm\u0131\u015ft\u0131. G\u00fcne\u015f g\u00f6ky\u00fcz\u00fcnde alt\u0131n gibi parl\u0131yor, minik kedi bir an \u00f6nce arkada\u015flar\u0131yla bah\u00e7ede kovalamaca oynamak i\u00e7in sab\u0131rs\u0131zlan\u0131yordu. Oysa ne Fare Fuli, ne E\u015fek Edi, ne de Koyun Kuzi&#8217;nin oyun oynayacak vakti vard\u0131. Her biri t\u00fcrl\u00fc bahanelerle onu ge\u00e7i\u015ftirdik\u00e7e Nora \u00f6fkelendi, \u00f6fkelendi, \u00f6fkelendi&#8230; Geri \u00e7evrildik\u00e7e i\u00e7indeki \u00f6fke giderek b\u00fcy\u00fcd\u00fc, v\u00fccudunun her yerine yay\u0131ld\u0131. \u00d6fkesinden tepindi, avaz\u0131 \u00e7\u0131kt\u0131\u011f\u0131 kadar ba\u011f\u0131rd\u0131. Bir de\u011fil, iki de\u011fil, tam \u00fc\u00e7 kere \u00f6fkelenmi\u015fti \u00fcstelik! Neredeyse \u00f6fkesinden patlamak \u00fczereydi ki K\u00f6pek K\u00f6p\u00fc\u015f Bey&#8217;le kar\u015f\u0131la\u015ft\u0131 ve&#8230; Peki Nora b\u00fct\u00fcn g\u00fcn\u00fc b\u00f6yle mi ge\u00e7irdi, yoksa \u00f6fkesini dindirmenin ve sakinle\u015fmenin bir yolunu bulabildi m\u0131 dersiniz? Arkada\u015f ili\u015fkilerinde orta yolu tutturma konusunda zorlanan miniklere yol g\u00f6sterecek, ke\u015fiflerle dolu bir kendini tan\u0131ma ser\u00fcvenine haz\u0131r olun!<\/p>\n","protected":false},"excerpt":{"rendered":"<p>\u00d6fkeli miniklerin ate\u015fini hafife almay\u0131n! Yazar Anna B\u00f6hm ile \u00e7izer Tim Warnes&#8217;\u0131n birlikte haz\u0131rlad\u0131klar\u0131 Bug\u00fcn Biraz \u00d6fkeliyim, \u00f6fke duygusunu sevimli mi sevimli karakterler \u00fczerinden ele alan<span class=\"excerpt-hellip\"> [\u2026]<\/span><\/p>\n","protected":false},"featured_media":0,"template":"","meta":{"_monsterinsights_skip_tracking":false,"_monsterinsights_sitenote_active":false,"_monsterinsights_sitenote_note":"","_monsterinsights_sitenote_category":0},"product_brand":[],"product_cat":[12274,12284],"product_tag":[],"class_list":{"0":"post-754193","1":"product","2":"type-product","3":"status-publish","5":"product_cat-cocuk-ve-genclik-kitaplari","6":"product_cat-hikayeler","7":"pa_cilt-ciltli","8":"pa_tur-kitap","9":"pa_yayinevi-ucanbalik-yayincilik","10":"pa_yazar-anna-bohm","12":"first","13":"instock","14":"sale","15":"shipping-taxable","16":"purchasable","17":"product-type-simple"},"_links":{"self":[{"href":"https:\/\/roveyayinevi.com.tr\/index.php\/wp-json\/wp\/v2\/product\/754193","targetHints":{"allow":["GET"]}}],"collection":[{"href":"https:\/\/roveyayinevi.com.tr\/index.php\/wp-json\/wp\/v2\/product"}],"about":[{"href":"https:\/\/roveyayinevi.com.tr\/index.php\/wp-json\/wp\/v2\/types\/product"}],"wp:attachment":[{"href":"https:\/\/roveyayinevi.com.tr\/index.php\/wp-json\/wp\/v2\/media?parent=754193"}],"wp:term":[{"taxonomy":"product_brand","embeddable":true,"href":"https:\/\/roveyayinevi.com.tr\/index.php\/wp-json\/wp\/v2\/product_brand?post=754193"},{"taxonomy":"product_cat","embeddable":true,"href":"https:\/\/roveyayinevi.com.tr\/index.php\/wp-json\/wp\/v2\/product_cat?post=754193"},{"taxonomy":"product_tag","embeddable":true,"href":"https:\/\/roveyayinevi.com.tr\/index.php\/wp-json\/wp\/v2\/product_tag?post=754193"}],"curies":[{"name":"wp","href":"https:\/\/api.w.org\/{rel}","templated":true}]}}