{"id":754192,"date":"2025-08-28T06:04:15","date_gmt":"2025-08-28T03:04:15","guid":{"rendered":"https:\/\/roveyayinevi.com.tr\/index.php\/urun\/madem-yeri-ve-zamani-geldi\/"},"modified":"2026-04-16T03:07:43","modified_gmt":"2026-04-16T00:07:43","slug":"madem-yeri-ve-zamani-geldi","status":"publish","type":"product","link":"https:\/\/roveyayinevi.com.tr\/index.php\/urun\/madem-yeri-ve-zamani-geldi\/","title":{"rendered":"Madem Yeri ve Zaman\u0131 Geldi"},"content":{"rendered":"<p>Ba\u011f\u0131ms\u0131zl\u0131\u011fa, ilhama ve en \u00f6nemlisi dengeye ula\u015fmak i\u00e7in freelance ekosistemi i\u00e7inde nas\u0131l yer alaca\u011f\u0131n\u0131za dair g\u00fc\u00e7lendirici bir rehber  Kabul edelim, i\u00e7inde ya\u015fad\u0131\u011f\u0131m\u0131z belirsizlik \u00e7a\u011f\u0131nda, do\u011fru y\u00f6n\u00fc bulmak, do\u011fru hamleleri yapmak ve organizasyonlar\u0131 ileriye ta\u015f\u0131mak yepyeni beceriler gerektiriyor. T\u00fcm d\u00fcnyada olduk\u00e7a g\u00fczel i\u015fleyen ve her ge\u00e7en g\u00fcn yayg\u0131nla\u015fan freelance \u00e7al\u0131\u015fma modeli art\u0131k \u00fclkemizde de dikkate al\u0131nan bir se\u00e7enek haline geldi. Serbest \u00e7al\u0131\u015fmak istiyorsunuz. Kariyerinizin sizin i\u00e7in kendi ko\u015fullar\u0131n\u0131za ve kendi ba\u015far\u0131 tan\u0131m\u0131n\u0131za g\u00f6re belirlenmesini sa\u011flamak istiyorsunuz. \u00d6zerklik, esneklik ve \u00e7e\u015fitlilik istiyorsunuz. Peki nereden ba\u015flayacaks\u0131n\u0131z? Ya da i\u015fveren taraf\u0131ndas\u0131n\u0131z ve bu yeni sistemin organizasyonunuza uyum s\u00fcrecini kolayla\u015ft\u0131rmak istiyorsunuz. T\u00fcm bu d\u00f6n\u00fc\u015f\u00fcm\u00fc nas\u0131l ba\u015faracak, serbest \u00e7al\u0131\u015fanlarla nerede ve nas\u0131l bulu\u015facak, kendi organizasyonunuzla uyumlar\u0131n\u0131 nas\u0131l sa\u011flayacaks\u0131n\u0131z?  Ger\u00e7ek hayattaki ba\u015far\u0131 \u00f6yk\u00fcleri, pratik ipu\u00e7lar\u0131, uzman rehberli\u011fiyle Madem Yeri ve Zaman\u0131 Geldi kariyerinizi, gelirinizi ve hayat\u0131n\u0131z\u0131 kontrol alt\u0131na alman\u0131z i\u00e7in size yeni bir bak\u0131\u015f a\u00e7\u0131s\u0131 sunuyor. M\u00fc\u015fteri bulmaktan ger\u00e7ek de\u011ferinizi yans\u0131tan oranlar\u0131 belirlemeye, serbest \u00e7al\u0131\u015fanlarla bulu\u015fmaktan yeni platformlar olu\u015fturmaya kadar freelance ekosistemi hakk\u0131nda kapsaml\u0131 bir anlay\u0131\u015f kazand\u0131r\u0131yor.   Uzun y\u0131llar kurumsal i\u015f hayat\u0131nda elde etti\u011fi deneyimlerini \u015fimdi giri\u015fimci-ba\u011f\u0131ms\u0131z \u00e7al\u0131\u015fan d\u00fcnyas\u0131nda titizlikle kullanan ve yepyeni bir alan yaratan Zeynep Bilgi\u00e7, tecr\u00fcbeleriyle ba\u015far\u0131l\u0131 serbest meslek hayat\u0131n\u0131za ba\u015flaman\u0131z i\u00e7in bilmeniz gereken her \u015fey konusunda size rehberlik ediyor. <\/p>\n","protected":false},"excerpt":{"rendered":"<p>Ba\u011f\u0131ms\u0131zl\u0131\u011fa, ilhama ve en \u00f6nemlisi dengeye ula\u015fmak i\u00e7in freelance ekosistemi i\u00e7inde nas\u0131l yer alaca\u011f\u0131n\u0131za dair g\u00fc\u00e7lendirici bir rehber Kabul edelim, i\u00e7inde ya\u015fad\u0131\u011f\u0131m\u0131z belirsizlik \u00e7a\u011f\u0131nda, do\u011fru y\u00f6n\u00fc<span class=\"excerpt-hellip\"> [\u2026]<\/span><\/p>\n","protected":false},"featured_media":0,"template":"","meta":{"_monsterinsights_skip_tracking":false,"_monsterinsights_sitenote_active":false,"_monsterinsights_sitenote_note":"","_monsterinsights_sitenote_category":0},"product_brand":[],"product_cat":[13043,17647],"product_tag":[],"class_list":{"0":"post-754192","1":"product","2":"type-product","3":"status-publish","5":"product_cat-ekonomi","6":"product_cat-is-dunyasi","7":"pa_cilt-ciltsiz","8":"pa_tur-kitap","9":"pa_yayinevi-nova-kitap","10":"pa_yazar-zeynep-bilgic","12":"first","13":"instock","14":"sale","15":"shipping-taxable","16":"purchasable","17":"product-type-simple"},"_links":{"self":[{"href":"https:\/\/roveyayinevi.com.tr\/index.php\/wp-json\/wp\/v2\/product\/754192","targetHints":{"allow":["GET"]}}],"collection":[{"href":"https:\/\/roveyayinevi.com.tr\/index.php\/wp-json\/wp\/v2\/product"}],"about":[{"href":"https:\/\/roveyayinevi.com.tr\/index.php\/wp-json\/wp\/v2\/types\/product"}],"wp:attachment":[{"href":"https:\/\/roveyayinevi.com.tr\/index.php\/wp-json\/wp\/v2\/media?parent=754192"}],"wp:term":[{"taxonomy":"product_brand","embeddable":true,"href":"https:\/\/roveyayinevi.com.tr\/index.php\/wp-json\/wp\/v2\/product_brand?post=754192"},{"taxonomy":"product_cat","embeddable":true,"href":"https:\/\/roveyayinevi.com.tr\/index.php\/wp-json\/wp\/v2\/product_cat?post=754192"},{"taxonomy":"product_tag","embeddable":true,"href":"https:\/\/roveyayinevi.com.tr\/index.php\/wp-json\/wp\/v2\/product_tag?post=754192"}],"curies":[{"name":"wp","href":"https:\/\/api.w.org\/{rel}","templated":true}]}}