{"id":754191,"date":"2025-08-28T06:04:13","date_gmt":"2025-08-28T03:04:13","guid":{"rendered":"https:\/\/roveyayinevi.com.tr\/index.php\/urun\/canavarlar-ve-hayaletler-atlasi-ciltli\/"},"modified":"2026-04-13T03:13:13","modified_gmt":"2026-04-13T00:13:13","slug":"canavarlar-ve-hayaletler-atlasi-ciltli","status":"publish","type":"product","link":"https:\/\/roveyayinevi.com.tr\/index.php\/urun\/canavarlar-ve-hayaletler-atlasi-ciltli\/","title":{"rendered":"Canavarlar ve Hayaletler Atlas\u0131 (Ciltli)"},"content":{"rendered":"<p>M\u0130TOLOJ\u0130K CANAVARLARIN VE VAMP\u0130RLER\u0130N G\u0130ZLEND\u0130KLER\u0130 YERLER\u0130 KE\u015eFETMEYE HAZIR OLUN!   \u00dcnl\u00fc canavar avc\u0131s\u0131 Van Helsing\u2019e kat\u0131l\u0131p hayaletlerin,  ak\u0131l almaz yarat\u0131klar\u0131n ve denizin derinliklerindeki canavarlar\u0131n izini s\u00fcrmeye ne dersiniz? Korkmay\u0131n! Van Helsing en \u00f6fkeli ejderhalarla ve a\u00e7l\u0131ktan g\u00f6z\u00fc d\u00f6nm\u00fc\u015f zombilerle nas\u0131l ba\u015f edece\u011finizi anlatacak. Her t\u00fcrden hayaleti, cad\u0131y\u0131 ve goblini ba\u015f\u0131n\u0131zdan atmay\u0131 \u00f6\u011freneceksiniz.    Canl\u0131 \u00e7izimler ve kolay okunur haritalarlaCanavarlar ve Hayaletler Atlas\u0131 sayesinde d\u00fcnyan\u0131n d\u00f6rt bir k\u00f6\u015fesindeki en deh\u015fet verici, en ilgin\u00e7 yarat\u0131klarla m\u00fccadele edecek ve kazanacaks\u0131n\u0131z! <\/p>\n","protected":false},"excerpt":{"rendered":"<p>M\u0130TOLOJ\u0130K CANAVARLARIN VE VAMP\u0130RLER\u0130N G\u0130ZLEND\u0130KLER\u0130 YERLER\u0130 KE\u015eFETMEYE HAZIR OLUN! \u00dcnl\u00fc canavar avc\u0131s\u0131 Van Helsing\u2019e kat\u0131l\u0131p hayaletlerin, ak\u0131l almaz yarat\u0131klar\u0131n ve denizin derinliklerindeki canavarlar\u0131n izini s\u00fcrmeye ne<span class=\"excerpt-hellip\"> [\u2026]<\/span><\/p>\n","protected":false},"featured_media":0,"template":"","meta":{"_monsterinsights_skip_tracking":false,"_monsterinsights_sitenote_active":false,"_monsterinsights_sitenote_note":"","_monsterinsights_sitenote_category":0},"product_brand":[],"product_cat":[12274],"product_tag":[],"class_list":{"0":"post-754191","1":"product","2":"type-product","3":"status-publish","5":"product_cat-cocuk-ve-genclik-kitaplari","6":"pa_cilt-ciltli","7":"pa_tur-kitap","8":"pa_yayinevi-ithaki-yayinlari","9":"pa_yazar-federica-magrin","11":"first","12":"instock","13":"sale","14":"shipping-taxable","15":"purchasable","16":"product-type-simple"},"_links":{"self":[{"href":"https:\/\/roveyayinevi.com.tr\/index.php\/wp-json\/wp\/v2\/product\/754191","targetHints":{"allow":["GET"]}}],"collection":[{"href":"https:\/\/roveyayinevi.com.tr\/index.php\/wp-json\/wp\/v2\/product"}],"about":[{"href":"https:\/\/roveyayinevi.com.tr\/index.php\/wp-json\/wp\/v2\/types\/product"}],"wp:attachment":[{"href":"https:\/\/roveyayinevi.com.tr\/index.php\/wp-json\/wp\/v2\/media?parent=754191"}],"wp:term":[{"taxonomy":"product_brand","embeddable":true,"href":"https:\/\/roveyayinevi.com.tr\/index.php\/wp-json\/wp\/v2\/product_brand?post=754191"},{"taxonomy":"product_cat","embeddable":true,"href":"https:\/\/roveyayinevi.com.tr\/index.php\/wp-json\/wp\/v2\/product_cat?post=754191"},{"taxonomy":"product_tag","embeddable":true,"href":"https:\/\/roveyayinevi.com.tr\/index.php\/wp-json\/wp\/v2\/product_tag?post=754191"}],"curies":[{"name":"wp","href":"https:\/\/api.w.org\/{rel}","templated":true}]}}