{"id":754189,"date":"2025-08-28T06:04:10","date_gmt":"2025-08-28T03:04:10","guid":{"rendered":"https:\/\/roveyayinevi.com.tr\/index.php\/urun\/cocugum-buyumeden\/"},"modified":"2026-04-16T03:07:43","modified_gmt":"2026-04-16T00:07:43","slug":"cocugum-buyumeden","status":"publish","type":"product","link":"https:\/\/roveyayinevi.com.tr\/index.php\/urun\/cocugum-buyumeden\/","title":{"rendered":"\u00c7ocu\u011fum B\u00fcy\u00fcmeden"},"content":{"rendered":"<p>\u00c7ocuk b\u00fcy\u00fctmek hem \u00e7ok keyifli hem de \u00e7ok zorludur. Yorgun, kafas\u0131 kar\u0131\u015f\u0131k ve en iyisini yapmaya \u00e7al\u0131\u015fan anne-babalar olarak, lohusal\u0131ktan yeti\u015fkinli\u011fe uzanan bir yolda emzirme, ba\u011f kurma, \u00e7ocu\u011fun fiziksel, ruhsal, zihinsel geli\u015fim takibi, uyku, beslenme, tuvalet al\u0131\u015fkanl\u0131\u011f\u0131, yeni karde\u015fe haz\u0131rl\u0131k, davran\u0131\u015f problemleri, kre\u015f\/anaokulu\/ilkokul d\u00f6nemleri, \u00f6dev, arkada\u015f ili\u015fkileri, aile i\u00e7i etkili ileti\u015fim, oyuncak se\u00e7imi, \u00e7ocukla hangi konuda nas\u0131l konu\u015fulaca\u011f\u0131, nas\u0131l davran\u0131laca\u011f\u0131 gibi bir \u00e7ok konuyla kar\u015f\u0131 kar\u015f\u0131ya kal\u0131r\u0131z.   \u00dcstelik ne kadar \u00e7abalarsak \u00e7abalayal\u0131m, ne kadar iyi anne-babalar olursak olal\u0131m, \u00e7ocu\u011fumuz ka\u00e7 ya\u015f\u0131nda olursa olsun yetersiz, \u00e7aresiz hissederiz.   \u00c7ocu\u011fum B\u00fcy\u00fcmeden kitab\u0131 tam da buradan yola \u00e7\u0131karak \u00c7ocuk Geli\u015fim Uzman\u0131 Havva G\u00fcndo\u011fan Eser taraf\u0131ndan t\u00fcm ebeveynlerin yoluna \u0131\u015f\u0131k tutmak ve t\u00fcm \u00e7ocuklar\u0131n kalbine sevgi ile dokunmak amac\u0131yla yaz\u0131ld\u0131.    \u00c7ocu\u011fum B\u00fcy\u00fcmeden her ya\u015ftan \u00e7ocu\u011fu olan anne-babalar i\u00e7in y\u0131llarca okunacak bir ba\u015f ucu eseri niteli\u011finde.   \u201cBu kitap; \u00e7ocuklar\u0131n\u0131n macera dolu b\u00fcy\u00fcme ve geli\u015fme yolculu\u011fundaki sevgi ve g\u00fcven dolu duraklarda verilecek molalar e\u015fli\u011finde ebeveynlere \u00f6nemli bir rehberlik sunuyor.\u201d \u00c7ocuk Geli\u015fimi Dr. \u00d6\u011fr. \u00dcyesi Alper Yusuf K\u00f6ro\u011flu     \u201cHavva G\u00fcndo\u011fan Eser\u2019in bu kitab\u0131nda yer verdi\u011fi bilgilerin, t\u00fcm ebeveynlere yol g\u00f6sterece\u011fine y\u00fcrekten inan\u0131yorum.  Kendisinin \u00e7ocuk geli\u015fimi ve e\u011fitimi alan\u0131nda mesle\u011fe yeni  ad\u0131m atacak olan ve yine bu alanda bilgi sahibi olmak isteyen t\u00fcm okurlar\u0131yla, bilgi ve tecr\u00fcbesini  c\u00f6mertlikle  payla\u015fmas\u0131 da takdire \u015fayan.\u201d Psikolog S\u00fchan Karip Y\u0131ld\u0131z <\/p>\n","protected":false},"excerpt":{"rendered":"<p>\u00c7ocuk b\u00fcy\u00fctmek hem \u00e7ok keyifli hem de \u00e7ok zorludur. Yorgun, kafas\u0131 kar\u0131\u015f\u0131k ve en iyisini yapmaya \u00e7al\u0131\u015fan anne-babalar olarak, lohusal\u0131ktan yeti\u015fkinli\u011fe uzanan bir yolda emzirme, ba\u011f<span class=\"excerpt-hellip\"> [\u2026]<\/span><\/p>\n","protected":false},"featured_media":0,"template":"","meta":{"_monsterinsights_skip_tracking":false,"_monsterinsights_sitenote_active":false,"_monsterinsights_sitenote_note":"","_monsterinsights_sitenote_category":0},"product_brand":[],"product_cat":[12831,12324],"product_tag":[],"class_list":{"0":"post-754189","1":"product","2":"type-product","3":"status-publish","5":"product_cat-aile-ve-cocuk","6":"product_cat-sosyoloji","7":"pa_cilt-ciltsiz","8":"pa_tur-kitap","9":"pa_yayinevi-muptela-yayinevi","10":"pa_yazar-havva-gundogan-eser","12":"first","13":"instock","14":"sale","15":"shipping-taxable","16":"purchasable","17":"product-type-simple"},"_links":{"self":[{"href":"https:\/\/roveyayinevi.com.tr\/index.php\/wp-json\/wp\/v2\/product\/754189","targetHints":{"allow":["GET"]}}],"collection":[{"href":"https:\/\/roveyayinevi.com.tr\/index.php\/wp-json\/wp\/v2\/product"}],"about":[{"href":"https:\/\/roveyayinevi.com.tr\/index.php\/wp-json\/wp\/v2\/types\/product"}],"wp:attachment":[{"href":"https:\/\/roveyayinevi.com.tr\/index.php\/wp-json\/wp\/v2\/media?parent=754189"}],"wp:term":[{"taxonomy":"product_brand","embeddable":true,"href":"https:\/\/roveyayinevi.com.tr\/index.php\/wp-json\/wp\/v2\/product_brand?post=754189"},{"taxonomy":"product_cat","embeddable":true,"href":"https:\/\/roveyayinevi.com.tr\/index.php\/wp-json\/wp\/v2\/product_cat?post=754189"},{"taxonomy":"product_tag","embeddable":true,"href":"https:\/\/roveyayinevi.com.tr\/index.php\/wp-json\/wp\/v2\/product_tag?post=754189"}],"curies":[{"name":"wp","href":"https:\/\/api.w.org\/{rel}","templated":true}]}}